{"id":4555,"date":"2026-03-17T05:24:26","date_gmt":"2026-03-17T05:24:26","guid":{"rendered":"https:\/\/justynaniebieszczanska.com\/?post_type=product&#038;p=4555"},"modified":"2026-04-07T08:46:08","modified_gmt":"2026-04-07T08:46:08","slug":"pakiet-pro","status":"publish","type":"product","link":"https:\/\/justynaniebieszczanska.com\/en\/product\/pakiet-pro\/","title":{"rendered":"Pakiet PRO"},"content":{"rendered":"<p>Co otrzymujesz w PAKIECIE PRO:<\/p>\n<ul>\n<li><strong>E-book Nature Writing<\/strong> \u2013 pierwszy i jedyny w Polsce e-book, kt\u00f3ry konkretnie i w przyst\u0119pny spos\u00f3b m\u00f3wi o tym, jak pisa\u0107 o naturze.<\/li>\n<\/ul>\n<p>Je\u015bli kochasz natur\u0119 i marzysz o pisaniu autentycznym, e-book jest najlepszym pocz\u0105tkiem nowego rozdzia\u0142u w Twoim tworzeniu. A mo\u017ce i w \u017cyciu!<\/p>\n<ul>\n<li><strong>Workbook<\/strong> (pdf do wydruku) sprawia, \u017ce piszesz, doskonalisz si\u0119, zdobywasz now\u0105 umiej\u0119tno\u015b\u0107 pisarsk\u0105.<\/li>\n<\/ul>\n<p>Workbook zamienia wiedz\u0119 w praktyk\u0119. Sprawia, \u017ce potrafisz pisa\u0107 o naturze i dodatkowo obdarza Ci\u0119 inspiracjami do tworzenia. Prawdziwy game changer!<\/p>\n<ul>\n<li><strong>Bonus 1:<\/strong> <em>\u015apiewa si\u0119 o wszystkim.<\/em> Tw\u00f3rcza randka z Iss\u0105 [webinar]<br \/>\n<em>Wiedza, inspiracja, autorefleksja i tworzenie. Wyj\u0105tkowe lekcje od Issy, kt\u00f3re sprawiaj\u0105, \u017ce pisanie i \u017cycie staj\u0105 si\u0119 pi\u0119kniejsze.<\/em><\/li>\n<\/ul>\n<p>Issa Kobayashi, poeta japo\u0144ski, kt\u00f3rego \u017cycie nie oszcz\u0119dza\u0142o, pokazuje, \u017ce mo\u017cna tworzy\u0107 maj\u0105c bardzo niewiele albo nawet nic.<\/p>\n<ul>\n<li><strong>Bonus 2:<\/strong> Przesy\u0142ka niespodzianka wraz z zeszytem SIBI FIDELIS specjalnie zaprojektowany na osobiste notatki i refleksje.<\/li>\n<\/ul>\n<p>Zeszyt ma g\u0142adki, kremowy papier, kt\u00f3ry jest przyjazn\u0105 przestrzeni\u0105 dla Twoich s\u0142\u00f3w, rysunk\u00f3w, nieuczesanych my\u015bli i uporz\u0105dkowanych linijek. Jego 30 kartek w formacie A5 potrafi si\u0119 zgi\u0105\u0107 i umo\u015bci\u0107 w Twojej kieszeni. Zabierzesz go wsz\u0119dzie. Zeszyt, jak najlepszy przyjaciel przypomina, aby<strong> by\u0107 wiernym sobie<\/strong> (sibi fidelis).<\/p>\n<h5>Zacznij ju\u017c dzisiaj wiedz\u0119 zamienia\u0107 w umiej\u0119tno\u015bci i do\u0142\u0105cz do elitarnej grupy os\u00f3b, kt\u00f3re potrafi\u0105 pisa\u0107 o naturze.<\/h5>\n<p>&nbsp;<\/p>\n<h6>O autorce e-booka, workbooka oraz prowadz\u0105cej webinar <em>\u015apiewa si\u0119 o wszystkim.<\/em><\/h6>\n<p>Justyna Niebieszcza\u0144ska<\/p>\n<p>Filolog. Specjalista od komunikacji spo\u0142ecznej. Wyk\u0142adowca Business English. Nauczyciel pisania.<\/p>\n<p>Od 2015 roku prowadzi warsztaty kreatywnego pisania oparte na w\u0142asnej metodologii. Pokazuje jak wykorzysta\u0107 pisanie w \u017cyciu prywatnym i zawodowym. Pisze newsletter, kt\u00f3ry zach\u0119ca do refleksji, bo uwa\u017ca, \u017ce gubi nas po\u015bpiech i bezmy\u015blno\u015b\u0107. Od\u00a0 2021 roku prowadzi tw\u00f3rczy projekt \u015awietliki noc\u0105 zainspirowany japo\u0144sk\u0105 form\u0105 poetyck\u0105. Od kilku lat organizuje retreaty (tw\u00f3rcze wyjazdy) w Italii, z kt\u00f3rych najbardziej popularnym jest Dolce Vita Writing Retreat.<\/p>\n<p>Wyda\u0142a dwuj\u0119zyczny tomik wierszy. Jest wsp\u00f3\u0142autork\u0105 kilku ksi\u0105\u017cek, w tym przewodnika biznesowego dla kobiet-przedsi\u0119biorc\u00f3w. Jej ostatnia ksi\u0105\u017cka \u201e Na poduszce z mchu\u201d opowiada o tym, \u00a0dlaczego warto i\u015b\u0107, a nie biec\u201d.<\/p>\n<p>Promuje filozofi\u0119 slow. Wierzy w moc j\u0119zyka serca. W \u017cyciu towarzyszy jej labradorka Tosia.<\/p>\n<p>&nbsp;<\/p>\n","protected":false},"excerpt":{"rendered":"<p><em>E-Book, Workbook + 2 Bonusy!<\/em><\/p>\n<p><em>To wystarczy, aby zacz\u0105\u0107 pisa\u0107 o naturze i pozyska\u0107 serce Czytelnika.<\/em><\/p>\n","protected":false},"featured_media":4814,"comment_status":"closed","ping_status":"closed","template":"","meta":{"_acf_changed":false},"product_brand":[],"product_cat":[1194],"product_tag":[],"class_list":{"0":"post-4555","1":"product","2":"type-product","3":"status-publish","4":"has-post-thumbnail","5":"","6":"product_cat-uncategorized","8":"first","9":"instock","10":"downloadable","11":"virtual","12":"purchasable","13":"product-type-simple"},"acf":[],"yoast_head":"<!-- This site is optimized with the Yoast SEO plugin v27.2 - https:\/\/yoast.com\/product\/yoast-seo-wordpress\/ -->\n<title>Pakiet PRO - Justyna Niebieszcza\u0144ska<\/title>\n<meta name=\"robots\" content=\"index, follow, max-snippet:-1, max-image-preview:large, max-video-preview:-1\" \/>\n<link rel=\"canonical\" href=\"https:\/\/justynaniebieszczanska.com\/en\/product\/pakiet-pro\/\" \/>\n<meta property=\"og:locale\" content=\"en_US\" \/>\n<meta property=\"og:type\" content=\"article\" \/>\n<meta property=\"og:title\" content=\"Pakiet PRO - Justyna Niebieszcza\u0144ska\" \/>\n<meta property=\"og:description\" content=\"E-Book, Workbook + 2 Bonusy!  To wystarczy, aby zacz\u0105\u0107 pisa\u0107 o naturze i pozyska\u0107 serce Czytelnika.\" \/>\n<meta property=\"og:url\" content=\"https:\/\/justynaniebieszczanska.com\/en\/product\/pakiet-pro\/\" \/>\n<meta property=\"og:site_name\" content=\"Justyna Niebieszcza\u0144ska\" \/>\n<meta property=\"article:publisher\" content=\"https:\/\/www.facebook.com\/Niebieszczanska\" \/>\n<meta property=\"article:modified_time\" content=\"2026-04-07T08:46:08+00:00\" \/>\n<meta property=\"og:image\" content=\"https:\/\/justynaniebieszczanska.com\/wp-content\/uploads\/2026\/03\/Nature-sklep-1024x1024.png\" \/>\n\t<meta property=\"og:image:width\" content=\"1024\" \/>\n\t<meta property=\"og:image:height\" content=\"1024\" \/>\n\t<meta property=\"og:image:type\" content=\"image\/png\" \/>\n<meta name=\"twitter:card\" content=\"summary_large_image\" \/>\n<meta name=\"twitter:label1\" content=\"Est. reading time\" \/>\n\t<meta name=\"twitter:data1\" content=\"3 minutes\" \/>\n<script type=\"application\/ld+json\" class=\"yoast-schema-graph\">{\"@context\":\"https:\/\/schema.org\",\"@graph\":[{\"@type\":\"WebPage\",\"@id\":\"https:\/\/justynaniebieszczanska.com\/en\/product\/pakiet-pro\/\",\"url\":\"https:\/\/justynaniebieszczanska.com\/en\/product\/pakiet-pro\/\",\"name\":\"Pakiet PRO - Justyna Niebieszcza\u0144ska\",\"isPartOf\":{\"@id\":\"https:\/\/justynaniebieszczanska.com\/en\/#website\"},\"primaryImageOfPage\":{\"@id\":\"https:\/\/justynaniebieszczanska.com\/en\/product\/pakiet-pro\/#primaryimage\"},\"image\":{\"@id\":\"https:\/\/justynaniebieszczanska.com\/en\/product\/pakiet-pro\/#primaryimage\"},\"thumbnailUrl\":\"https:\/\/justynaniebieszczanska.com\/wp-content\/uploads\/2026\/03\/Nature-sklep.png\",\"datePublished\":\"2026-03-17T05:24:26+00:00\",\"dateModified\":\"2026-04-07T08:46:08+00:00\",\"breadcrumb\":{\"@id\":\"https:\/\/justynaniebieszczanska.com\/en\/product\/pakiet-pro\/#breadcrumb\"},\"inLanguage\":\"en-US\",\"potentialAction\":[{\"@type\":\"ReadAction\",\"target\":[\"https:\/\/justynaniebieszczanska.com\/en\/product\/pakiet-pro\/\"]}]},{\"@type\":\"ImageObject\",\"inLanguage\":\"en-US\",\"@id\":\"https:\/\/justynaniebieszczanska.com\/en\/product\/pakiet-pro\/#primaryimage\",\"url\":\"https:\/\/justynaniebieszczanska.com\/wp-content\/uploads\/2026\/03\/Nature-sklep.png\",\"contentUrl\":\"https:\/\/justynaniebieszczanska.com\/wp-content\/uploads\/2026\/03\/Nature-sklep.png\",\"width\":1080,\"height\":1080,\"caption\":\"Nature writing\"},{\"@type\":\"BreadcrumbList\",\"@id\":\"https:\/\/justynaniebieszczanska.com\/en\/product\/pakiet-pro\/#breadcrumb\",\"itemListElement\":[{\"@type\":\"ListItem\",\"position\":1,\"name\":\"Home\",\"item\":\"https:\/\/justynaniebieszczanska.com\/en\/\"},{\"@type\":\"ListItem\",\"position\":2,\"name\":\"Pakiet PRO\"}]},{\"@type\":\"WebSite\",\"@id\":\"https:\/\/justynaniebieszczanska.com\/en\/#website\",\"url\":\"https:\/\/justynaniebieszczanska.com\/en\/\",\"name\":\"Justyna Niebieszcza\u0144ska\",\"description\":\"Przerzuc\u0119 most, po kt\u00f3rym przejdziesz...\",\"potentialAction\":[{\"@type\":\"SearchAction\",\"target\":{\"@type\":\"EntryPoint\",\"urlTemplate\":\"https:\/\/justynaniebieszczanska.com\/en\/?s={search_term_string}\"},\"query-input\":{\"@type\":\"PropertyValueSpecification\",\"valueRequired\":true,\"valueName\":\"search_term_string\"}}],\"inLanguage\":\"en-US\"}]}<\/script>\n<!-- \/ Yoast SEO plugin. -->","yoast_head_json":{"title":"Pakiet PRO - Justyna Niebieszcza\u0144ska","robots":{"index":"index","follow":"follow","max-snippet":"max-snippet:-1","max-image-preview":"max-image-preview:large","max-video-preview":"max-video-preview:-1"},"canonical":"https:\/\/justynaniebieszczanska.com\/en\/product\/pakiet-pro\/","og_locale":"en_US","og_type":"article","og_title":"Pakiet PRO - Justyna Niebieszcza\u0144ska","og_description":"E-Book, Workbook + 2 Bonusy!  To wystarczy, aby zacz\u0105\u0107 pisa\u0107 o naturze i pozyska\u0107 serce Czytelnika.","og_url":"https:\/\/justynaniebieszczanska.com\/en\/product\/pakiet-pro\/","og_site_name":"Justyna Niebieszcza\u0144ska","article_publisher":"https:\/\/www.facebook.com\/Niebieszczanska","article_modified_time":"2026-04-07T08:46:08+00:00","og_image":[{"width":1024,"height":1024,"url":"https:\/\/justynaniebieszczanska.com\/wp-content\/uploads\/2026\/03\/Nature-sklep-1024x1024.png","type":"image\/png"}],"twitter_card":"summary_large_image","twitter_misc":{"Est. reading time":"3 minutes"},"schema":{"@context":"https:\/\/schema.org","@graph":[{"@type":"WebPage","@id":"https:\/\/justynaniebieszczanska.com\/en\/product\/pakiet-pro\/","url":"https:\/\/justynaniebieszczanska.com\/en\/product\/pakiet-pro\/","name":"Pakiet PRO - Justyna Niebieszcza\u0144ska","isPartOf":{"@id":"https:\/\/justynaniebieszczanska.com\/en\/#website"},"primaryImageOfPage":{"@id":"https:\/\/justynaniebieszczanska.com\/en\/product\/pakiet-pro\/#primaryimage"},"image":{"@id":"https:\/\/justynaniebieszczanska.com\/en\/product\/pakiet-pro\/#primaryimage"},"thumbnailUrl":"https:\/\/justynaniebieszczanska.com\/wp-content\/uploads\/2026\/03\/Nature-sklep.png","datePublished":"2026-03-17T05:24:26+00:00","dateModified":"2026-04-07T08:46:08+00:00","breadcrumb":{"@id":"https:\/\/justynaniebieszczanska.com\/en\/product\/pakiet-pro\/#breadcrumb"},"inLanguage":"en-US","potentialAction":[{"@type":"ReadAction","target":["https:\/\/justynaniebieszczanska.com\/en\/product\/pakiet-pro\/"]}]},{"@type":"ImageObject","inLanguage":"en-US","@id":"https:\/\/justynaniebieszczanska.com\/en\/product\/pakiet-pro\/#primaryimage","url":"https:\/\/justynaniebieszczanska.com\/wp-content\/uploads\/2026\/03\/Nature-sklep.png","contentUrl":"https:\/\/justynaniebieszczanska.com\/wp-content\/uploads\/2026\/03\/Nature-sklep.png","width":1080,"height":1080,"caption":"Nature writing"},{"@type":"BreadcrumbList","@id":"https:\/\/justynaniebieszczanska.com\/en\/product\/pakiet-pro\/#breadcrumb","itemListElement":[{"@type":"ListItem","position":1,"name":"Home","item":"https:\/\/justynaniebieszczanska.com\/en\/"},{"@type":"ListItem","position":2,"name":"Pakiet PRO"}]},{"@type":"WebSite","@id":"https:\/\/justynaniebieszczanska.com\/en\/#website","url":"https:\/\/justynaniebieszczanska.com\/en\/","name":"Justyna Niebieszcza\u0144ska","description":"Przerzuc\u0119 most, po kt\u00f3rym przejdziesz...","potentialAction":[{"@type":"SearchAction","target":{"@type":"EntryPoint","urlTemplate":"https:\/\/justynaniebieszczanska.com\/en\/?s={search_term_string}"},"query-input":{"@type":"PropertyValueSpecification","valueRequired":true,"valueName":"search_term_string"}}],"inLanguage":"en-US"}]}},"_links":{"self":[{"href":"https:\/\/justynaniebieszczanska.com\/en\/wp-json\/wp\/v2\/product\/4555","targetHints":{"allow":["GET"]}}],"collection":[{"href":"https:\/\/justynaniebieszczanska.com\/en\/wp-json\/wp\/v2\/product"}],"about":[{"href":"https:\/\/justynaniebieszczanska.com\/en\/wp-json\/wp\/v2\/types\/product"}],"replies":[{"embeddable":true,"href":"https:\/\/justynaniebieszczanska.com\/en\/wp-json\/wp\/v2\/comments?post=4555"}],"wp:featuredmedia":[{"embeddable":true,"href":"https:\/\/justynaniebieszczanska.com\/en\/wp-json\/wp\/v2\/media\/4814"}],"wp:attachment":[{"href":"https:\/\/justynaniebieszczanska.com\/en\/wp-json\/wp\/v2\/media?parent=4555"}],"wp:term":[{"taxonomy":"product_brand","embeddable":true,"href":"https:\/\/justynaniebieszczanska.com\/en\/wp-json\/wp\/v2\/product_brand?post=4555"},{"taxonomy":"product_cat","embeddable":true,"href":"https:\/\/justynaniebieszczanska.com\/en\/wp-json\/wp\/v2\/product_cat?post=4555"},{"taxonomy":"product_tag","embeddable":true,"href":"https:\/\/justynaniebieszczanska.com\/en\/wp-json\/wp\/v2\/product_tag?post=4555"}],"curies":[{"name":"wp","href":"https:\/\/api.w.org\/{rel}","templated":true}]}}