{"id":4554,"date":"2026-03-17T05:24:07","date_gmt":"2026-03-17T05:24:07","guid":{"rendered":"https:\/\/justynaniebieszczanska.com\/?post_type=product&#038;p=4554"},"modified":"2026-04-07T08:35:22","modified_gmt":"2026-04-07T08:35:22","slug":"pakiet-start","status":"publish","type":"product","link":"https:\/\/justynaniebieszczanska.com\/en\/product\/pakiet-start\/","title":{"rendered":"Pakiet NA START"},"content":{"rendered":"<p>Ten e-book jest najlepszym miejscem, z kt\u00f3rego wyruszysz w \u015bwiat pisania o naturze. Znajdziesz w nim konkretne przyk\u0142ady i inspiracje. Dowiesz si\u0119, jak pisa\u0107, aby poruszy\u0107 serce Czytelnika.<\/p>\n<blockquote><p>&#8220;Od lat 2015 roku prowadz\u0119 warsztaty kreatywnego pisania, retreaty w sercu winnicy, kursy inspirowane haiku, ale ca\u0142kiem niedawno dotar\u0142o do mnie, \u017ce taka wiedza jest potrzebna tym, kt\u00f3rzy ju\u017c pisz\u0105 o naturze i tym, kt\u00f3rzy chc\u0105 zacz\u0105\u0107. Do\u015bwiadczenie i wiedza pozwoli\u0142y mi stworzy\u0107 e-book konkretny, przyst\u0119pny, praktyczny&#8221;.<\/p>\n<p><span style=\"font-size: 16.1px;\">Justyna Niebieszcza\u0144ska, autorka e-booka.<\/span><\/p><\/blockquote>\n<h4>E-book sk\u0142ada si\u0119 z 2 cz\u0119\u015bci:<\/h4>\n<p>Cze\u015b\u0107 I W niej znajdziesz wiedz\u0119 o nature writing i praktyczne wskaz\u00f3wki. Poznasz lekcje od trzech wspania\u0142ych pisarzy, kt\u00f3rzy napisali m\u0105dre i inspiruj\u0105ce ksi\u0105\u017cki.<\/p>\n<p>Cze\u015b\u0107 II Jest praktyk\u0105. Tu s\u0105 konkretne propozycje zwi\u0105zane z pisaniem o naturze. Nawet je\u015bli nie wiesz od czego zacz\u0105\u0107.<\/p>\n<p>&nbsp;<\/p>\n<h4>Co znajdziesz w e-booku:<\/h4>\n<ul>\n<li>Przyst\u0119pn\u0105 wiedz\u0105 o nature writing (pisanie o naturze)<\/li>\n<li>Lekcje od mistrz\u00f3w gatunku<\/li>\n<li>Konkretne przyk\u0142ady tekst\u00f3w nature writing<\/li>\n<li>Informacj\u0119 jak osobista historia \u0142\u0105czy si\u0119 z nature writing<\/li>\n<li>Inspiracje zwi\u0105zane z researchem (przygotowanie do pisania)<\/li>\n<li>Tw\u00f3rcze refleksje<\/li>\n<li>Rekomendowane ksi\u0105\u017cki<\/li>\n<li>Trzy r\u00f3\u017cne propozycje pisania o naturze<\/li>\n<li>\u0106wiczenia do pisania w cz\u0119\u015bci praktycznej<\/li>\n<\/ul>\n<h4>Czy ten e-book jest dla Ciebie?<\/h4>\n<p>E-book stworzy\u0142am z my\u015bl\u0105 o tych, kt\u00f3rzy chc\u0105 pisa\u0107 o naturze i o niej ju\u017c pisz\u0105, ale potrzebuj\u0105 inspiracji i wi\u0119cej pewno\u015bci siebie. E-book:<\/p>\n<ul>\n<li>dla os\u00f3b, kt\u00f3re chc\u0105 si\u0119 doskonali\u0107 w pisaniu o naturze,<\/li>\n<li>dla tych, kt\u00f3rzy poszukuj\u0105 odpowiedzi na pytanie: jak pisa\u0107 o naturze w spos\u00f3b atrakcyjny dla Czytelnika?,<\/li>\n<li>dla zainteresowanych \u0142\u0105czeniem swojej osobistej historii z prze\u017cyciami, kt\u00f3rymi obdarza natura,<\/li>\n<li>dla tych, kt\u00f3rzy chc\u0105 pisa\u0107 o naturze, aby w ten spos\u00f3b j\u0105 chroni\u0107,<\/li>\n<li>dla tych, kt\u00f3rzy szukaj\u0105 swojego tematu pisarskiego,<\/li>\n<li>dla tych, kt\u00f3rzy chc\u0105 korzysta\u0107 z pisania o naturze jako wsparcia dla siebie,<\/li>\n<li>dla tych, kt\u00f3rzy tworz\u0105 poezj\u0119, w kt\u00f3rej natura jest wa\u017cna,<\/li>\n<li>dla tych, kt\u00f3rzy chc\u0105 si\u0119 doskonali\u0107 w sztuce obserwacji.<\/li>\n<\/ul>\n<h5>Spis tre\u015bci e-booka<\/h5>\n<ul>\n<li>Powitanie<\/li>\n<li>NATURE WRITING. Czym jest? Jak\u0105 ma histori\u0119?<\/li>\n<li>FORMA. Jakie mamy mo\u017cliwo\u015bci i kt\u00f3ra forma pisania<\/li>\n<li>o naturze jest najlepsza?<\/li>\n<li>DZIKIE MIEJSCA<\/li>\n<li>ISTOTA WSZYSTKIEGO<\/li>\n<li>BYCIE SOB\u0104<\/li>\n<li>OD CZEGO ZACZ\u0104\u0106 PISANIE<\/li>\n<li>Zako\u0144czenie<\/li>\n<li>Bibliografia<\/li>\n<\/ul>\n<h4>O autorce e-booka<\/h4>\n<p>Justyna Niebieszcza\u0144ska<\/p>\n<p>Filolog. Specjalista od komunikacji spo\u0142ecznej. Wyk\u0142adowca Business English. Nauczyciel pisania.<\/p>\n<p>Od 2015 roku prowadzi warsztaty kreatywnego pisania oparte na w\u0142asnej metodologii. Pokazuje jak wykorzysta\u0107 pisanie w \u017cyciu prywatnym i zawodowym. Pisze newsletter, kt\u00f3ry zach\u0119ca do refleksji, bo uwa\u017ca, \u017ce gubi nas po\u015bpiech i bezmy\u015blno\u015b\u0107. Od\u00a0 2021 roku prowadzi tw\u00f3rczy projekt \u015awietliki noc\u0105 zainspirowany japo\u0144sk\u0105 form\u0105 poetyck\u0105. Od kilku lat organizuje retreaty (tw\u00f3rcze wyjazdy) w Italii, z kt\u00f3rych najbardziej popularnym jest Dolce Vita Writing Retreat.<\/p>\n<p>Wyda\u0142a dwuj\u0119zyczny tomik wierszy. Jest wsp\u00f3\u0142autork\u0105 kilku ksi\u0105\u017cek, w tym przewodnika biznesowego dla kobiet-przedsi\u0119biorc\u00f3w. Jej ostatnia ksi\u0105\u017cka \u201e Na poduszce z mchu\u201d opowiada o tym, \u00a0dlaczego warto i\u015b\u0107, a nie biec\u201d.<\/p>\n<p>Promuje filozofi\u0119 slow. Wierzy w moc j\u0119zyka serca. W \u017cyciu towarzyszy jej labradorka Tosia.<\/p>\n","protected":false},"excerpt":{"rendered":"<p>Jak zacz\u0105\u0107 pisa\u0107 o naturze?<\/p>\n<p>Pierwszy e-book w Polsce, kt\u00f3ry odpowiada na to pytanie.<\/p>\n<p>Praktyczna wiedzy o tym, jak tworzy\u0107 teksty, kt\u00f3rej poruszaj\u0105 serca i wp\u0142ywaj\u0105 na Tw\u00f3j dobrostan.<\/p>\n","protected":false},"featured_media":4506,"comment_status":"closed","ping_status":"closed","template":"","meta":{"_acf_changed":false},"product_brand":[],"product_cat":[1194],"product_tag":[1239,1242,1229,1241,1230],"class_list":{"0":"post-4554","1":"product","2":"type-product","3":"status-publish","4":"has-post-thumbnail","5":"","6":"product_cat-uncategorized","7":"product_tag-natura","8":"product_tag-nature-writing","9":"product_tag-nauka-pisania","10":"product_tag-poradnik-pisarski","11":"product_tag-rozwoj-pisarski","13":"first","14":"instock","15":"downloadable","16":"virtual","17":"purchasable","18":"product-type-simple"},"acf":[],"yoast_head":"<!-- This site is optimized with the Yoast SEO plugin v27.2 - https:\/\/yoast.com\/product\/yoast-seo-wordpress\/ -->\n<title>Pakiet NA START - Justyna Niebieszcza\u0144ska<\/title>\n<meta name=\"description\" content=\"Najlepszy e-book o pisaniu o naturze. Konkretnie i z przyk\u0142adami o tym, jak zacz\u0105\u0107 pisa\u0107 o naturze i porusza\u0107 serca Czytelnik\u00f3w.\" \/>\n<meta name=\"robots\" content=\"index, follow, max-snippet:-1, max-image-preview:large, max-video-preview:-1\" \/>\n<link rel=\"canonical\" href=\"https:\/\/justynaniebieszczanska.com\/en\/product\/pakiet-start\/\" \/>\n<meta property=\"og:locale\" content=\"en_US\" \/>\n<meta property=\"og:type\" content=\"article\" \/>\n<meta property=\"og:title\" content=\"Pakiet NA START - Justyna Niebieszcza\u0144ska\" \/>\n<meta property=\"og:description\" content=\"Najlepszy e-book o pisaniu o naturze. Konkretnie i z przyk\u0142adami o tym, jak zacz\u0105\u0107 pisa\u0107 o naturze i porusza\u0107 serca Czytelnik\u00f3w.\" \/>\n<meta property=\"og:url\" content=\"https:\/\/justynaniebieszczanska.com\/en\/product\/pakiet-start\/\" \/>\n<meta property=\"og:site_name\" content=\"Justyna Niebieszcza\u0144ska\" \/>\n<meta property=\"article:publisher\" content=\"https:\/\/www.facebook.com\/Niebieszczanska\" \/>\n<meta property=\"article:modified_time\" content=\"2026-04-07T08:35:22+00:00\" \/>\n<meta property=\"og:image\" content=\"https:\/\/justynaniebieszczanska.com\/wp-content\/uploads\/2026\/02\/Nature-writing.jpg\" \/>\n\t<meta property=\"og:image:width\" content=\"1024\" \/>\n\t<meta property=\"og:image:height\" content=\"1536\" \/>\n\t<meta property=\"og:image:type\" content=\"image\/jpeg\" \/>\n<meta name=\"twitter:card\" content=\"summary_large_image\" \/>\n<meta name=\"twitter:label1\" content=\"Est. reading time\" \/>\n\t<meta name=\"twitter:data1\" content=\"3 minutes\" \/>\n<script type=\"application\/ld+json\" class=\"yoast-schema-graph\">{\"@context\":\"https:\/\/schema.org\",\"@graph\":[{\"@type\":\"WebPage\",\"@id\":\"https:\/\/justynaniebieszczanska.com\/en\/product\/pakiet-start\/\",\"url\":\"https:\/\/justynaniebieszczanska.com\/en\/product\/pakiet-start\/\",\"name\":\"Pakiet NA START - Justyna Niebieszcza\u0144ska\",\"isPartOf\":{\"@id\":\"https:\/\/justynaniebieszczanska.com\/en\/#website\"},\"primaryImageOfPage\":{\"@id\":\"https:\/\/justynaniebieszczanska.com\/en\/product\/pakiet-start\/#primaryimage\"},\"image\":{\"@id\":\"https:\/\/justynaniebieszczanska.com\/en\/product\/pakiet-start\/#primaryimage\"},\"thumbnailUrl\":\"https:\/\/justynaniebieszczanska.com\/wp-content\/uploads\/2026\/02\/Nature-writing.jpg\",\"datePublished\":\"2026-03-17T05:24:07+00:00\",\"dateModified\":\"2026-04-07T08:35:22+00:00\",\"description\":\"Najlepszy e-book o pisaniu o naturze. Konkretnie i z przyk\u0142adami o tym, jak zacz\u0105\u0107 pisa\u0107 o naturze i porusza\u0107 serca Czytelnik\u00f3w.\",\"breadcrumb\":{\"@id\":\"https:\/\/justynaniebieszczanska.com\/en\/product\/pakiet-start\/#breadcrumb\"},\"inLanguage\":\"en-US\",\"potentialAction\":[{\"@type\":\"ReadAction\",\"target\":[\"https:\/\/justynaniebieszczanska.com\/en\/product\/pakiet-start\/\"]}]},{\"@type\":\"ImageObject\",\"inLanguage\":\"en-US\",\"@id\":\"https:\/\/justynaniebieszczanska.com\/en\/product\/pakiet-start\/#primaryimage\",\"url\":\"https:\/\/justynaniebieszczanska.com\/wp-content\/uploads\/2026\/02\/Nature-writing.jpg\",\"contentUrl\":\"https:\/\/justynaniebieszczanska.com\/wp-content\/uploads\/2026\/02\/Nature-writing.jpg\",\"width\":1024,\"height\":1536,\"caption\":\"nature writing\"},{\"@type\":\"BreadcrumbList\",\"@id\":\"https:\/\/justynaniebieszczanska.com\/en\/product\/pakiet-start\/#breadcrumb\",\"itemListElement\":[{\"@type\":\"ListItem\",\"position\":1,\"name\":\"Home\",\"item\":\"https:\/\/justynaniebieszczanska.com\/en\/\"},{\"@type\":\"ListItem\",\"position\":2,\"name\":\"Pakiet NA START\"}]},{\"@type\":\"WebSite\",\"@id\":\"https:\/\/justynaniebieszczanska.com\/en\/#website\",\"url\":\"https:\/\/justynaniebieszczanska.com\/en\/\",\"name\":\"Justyna Niebieszcza\u0144ska\",\"description\":\"Przerzuc\u0119 most, po kt\u00f3rym przejdziesz...\",\"potentialAction\":[{\"@type\":\"SearchAction\",\"target\":{\"@type\":\"EntryPoint\",\"urlTemplate\":\"https:\/\/justynaniebieszczanska.com\/en\/?s={search_term_string}\"},\"query-input\":{\"@type\":\"PropertyValueSpecification\",\"valueRequired\":true,\"valueName\":\"search_term_string\"}}],\"inLanguage\":\"en-US\"}]}<\/script>\n<!-- \/ Yoast SEO plugin. -->","yoast_head_json":{"title":"Pakiet NA START - Justyna Niebieszcza\u0144ska","description":"Najlepszy e-book o pisaniu o naturze. Konkretnie i z przyk\u0142adami o tym, jak zacz\u0105\u0107 pisa\u0107 o naturze i porusza\u0107 serca Czytelnik\u00f3w.","robots":{"index":"index","follow":"follow","max-snippet":"max-snippet:-1","max-image-preview":"max-image-preview:large","max-video-preview":"max-video-preview:-1"},"canonical":"https:\/\/justynaniebieszczanska.com\/en\/product\/pakiet-start\/","og_locale":"en_US","og_type":"article","og_title":"Pakiet NA START - Justyna Niebieszcza\u0144ska","og_description":"Najlepszy e-book o pisaniu o naturze. Konkretnie i z przyk\u0142adami o tym, jak zacz\u0105\u0107 pisa\u0107 o naturze i porusza\u0107 serca Czytelnik\u00f3w.","og_url":"https:\/\/justynaniebieszczanska.com\/en\/product\/pakiet-start\/","og_site_name":"Justyna Niebieszcza\u0144ska","article_publisher":"https:\/\/www.facebook.com\/Niebieszczanska","article_modified_time":"2026-04-07T08:35:22+00:00","og_image":[{"width":1024,"height":1536,"url":"https:\/\/justynaniebieszczanska.com\/wp-content\/uploads\/2026\/02\/Nature-writing.jpg","type":"image\/jpeg"}],"twitter_card":"summary_large_image","twitter_misc":{"Est. reading time":"3 minutes"},"schema":{"@context":"https:\/\/schema.org","@graph":[{"@type":"WebPage","@id":"https:\/\/justynaniebieszczanska.com\/en\/product\/pakiet-start\/","url":"https:\/\/justynaniebieszczanska.com\/en\/product\/pakiet-start\/","name":"Pakiet NA START - Justyna Niebieszcza\u0144ska","isPartOf":{"@id":"https:\/\/justynaniebieszczanska.com\/en\/#website"},"primaryImageOfPage":{"@id":"https:\/\/justynaniebieszczanska.com\/en\/product\/pakiet-start\/#primaryimage"},"image":{"@id":"https:\/\/justynaniebieszczanska.com\/en\/product\/pakiet-start\/#primaryimage"},"thumbnailUrl":"https:\/\/justynaniebieszczanska.com\/wp-content\/uploads\/2026\/02\/Nature-writing.jpg","datePublished":"2026-03-17T05:24:07+00:00","dateModified":"2026-04-07T08:35:22+00:00","description":"Najlepszy e-book o pisaniu o naturze. Konkretnie i z przyk\u0142adami o tym, jak zacz\u0105\u0107 pisa\u0107 o naturze i porusza\u0107 serca Czytelnik\u00f3w.","breadcrumb":{"@id":"https:\/\/justynaniebieszczanska.com\/en\/product\/pakiet-start\/#breadcrumb"},"inLanguage":"en-US","potentialAction":[{"@type":"ReadAction","target":["https:\/\/justynaniebieszczanska.com\/en\/product\/pakiet-start\/"]}]},{"@type":"ImageObject","inLanguage":"en-US","@id":"https:\/\/justynaniebieszczanska.com\/en\/product\/pakiet-start\/#primaryimage","url":"https:\/\/justynaniebieszczanska.com\/wp-content\/uploads\/2026\/02\/Nature-writing.jpg","contentUrl":"https:\/\/justynaniebieszczanska.com\/wp-content\/uploads\/2026\/02\/Nature-writing.jpg","width":1024,"height":1536,"caption":"nature writing"},{"@type":"BreadcrumbList","@id":"https:\/\/justynaniebieszczanska.com\/en\/product\/pakiet-start\/#breadcrumb","itemListElement":[{"@type":"ListItem","position":1,"name":"Home","item":"https:\/\/justynaniebieszczanska.com\/en\/"},{"@type":"ListItem","position":2,"name":"Pakiet NA START"}]},{"@type":"WebSite","@id":"https:\/\/justynaniebieszczanska.com\/en\/#website","url":"https:\/\/justynaniebieszczanska.com\/en\/","name":"Justyna Niebieszcza\u0144ska","description":"Przerzuc\u0119 most, po kt\u00f3rym przejdziesz...","potentialAction":[{"@type":"SearchAction","target":{"@type":"EntryPoint","urlTemplate":"https:\/\/justynaniebieszczanska.com\/en\/?s={search_term_string}"},"query-input":{"@type":"PropertyValueSpecification","valueRequired":true,"valueName":"search_term_string"}}],"inLanguage":"en-US"}]}},"_links":{"self":[{"href":"https:\/\/justynaniebieszczanska.com\/en\/wp-json\/wp\/v2\/product\/4554","targetHints":{"allow":["GET"]}}],"collection":[{"href":"https:\/\/justynaniebieszczanska.com\/en\/wp-json\/wp\/v2\/product"}],"about":[{"href":"https:\/\/justynaniebieszczanska.com\/en\/wp-json\/wp\/v2\/types\/product"}],"replies":[{"embeddable":true,"href":"https:\/\/justynaniebieszczanska.com\/en\/wp-json\/wp\/v2\/comments?post=4554"}],"wp:featuredmedia":[{"embeddable":true,"href":"https:\/\/justynaniebieszczanska.com\/en\/wp-json\/wp\/v2\/media\/4506"}],"wp:attachment":[{"href":"https:\/\/justynaniebieszczanska.com\/en\/wp-json\/wp\/v2\/media?parent=4554"}],"wp:term":[{"taxonomy":"product_brand","embeddable":true,"href":"https:\/\/justynaniebieszczanska.com\/en\/wp-json\/wp\/v2\/product_brand?post=4554"},{"taxonomy":"product_cat","embeddable":true,"href":"https:\/\/justynaniebieszczanska.com\/en\/wp-json\/wp\/v2\/product_cat?post=4554"},{"taxonomy":"product_tag","embeddable":true,"href":"https:\/\/justynaniebieszczanska.com\/en\/wp-json\/wp\/v2\/product_tag?post=4554"}],"curies":[{"name":"wp","href":"https:\/\/api.w.org\/{rel}","templated":true}]}}