{"id":4327,"date":"2025-03-25T08:52:36","date_gmt":"2025-03-25T08:52:36","guid":{"rendered":"https:\/\/justynaniebieszczanska.com\/?post_type=product&#038;p=4327"},"modified":"2025-06-12T07:39:06","modified_gmt":"2025-06-12T07:39:06","slug":"tutorial-pisarski","status":"publish","type":"product","link":"https:\/\/justynaniebieszczanska.com\/en\/product\/tutorial-pisarski\/","title":{"rendered":"Osobista historia dla \u015bwiata &#8211; tutorial"},"content":{"rendered":"<h6>Co to tutorial?<\/h6>\n<p>Tutorial to metoda przekazywania wiedzy. R\u00f3\u017cni si\u0119 tym od wyk\u0142adu, \u017ce tutor (nauczyciel) pracuje\u00a0 indywidualnie z pisz\u0105cym, co od razu przek\u0142ada si\u0119 na rezultaty.<\/p>\n<p>Celem tutorialu jest dostarczy\u0107 praktyczn\u0105 wiedz\u0119, kt\u00f3ra pozwoli zdecydowanie wej\u015b\u0107 na drog\u0119 realizacji pisania, na kt\u00f3rym Ci zale\u017cy.<\/p>\n<p>Ta metoda opiera si\u0119 na wykorzystaniu przyk\u0142ad\u00f3w i stawia na zaanga\u017cowanie uczestnika. Jest tu miejsce na rozmow\u0119 i pytania oraz indywidualn\u0105 prac\u0119. Tutoriale zdecydowanie stawiaj\u0105 na action learning.<\/p>\n<ul>\n<li>Tutorial trwa od 1h.<\/li>\n<li>Tutorial jest on-line. Jest opcja um\u00f3wienia si\u0119 na spotkanie &#8220;na \u017cywo&#8221;.<\/li>\n<li>Tutorial mo\u017ce by\u0107 prowadzony w j\u0119zyku polskim lub angielskim<\/li>\n<\/ul>\n<p>&nbsp;<\/p>\n<h4>Jak oceniaj\u0105 tutorial osoby, kt\u00f3re z niego skorzysta\u0142y?<\/h4>\n<p>&nbsp;<\/p>\n<p><strong>Agnieszka \u0141ukomska, autorka ksi\u0105\u017cki <a href=\"https:\/\/ezooneir.com\/produkt\/barcelona-z-in-vitro-agnieszka\/\">&#8220;Barcelona z in vitro&#8221;<\/a><\/strong><\/p>\n<div><em>Zam\u00f3wi\u0142am indywidualny tutorial z Justyn\u0105, poniewa\u017c potrzebowa\u0142am pomocy z jednym pisarskim zadaniem. W trakcie godzinnego warsztatu pracowa\u0142y\u015bmy na moim tek\u015bcie i to, co otrzyma\u0142am w zamian, przeros\u0142o moje oczekiwania. Justyna nie tylko odpowiedzia\u0142a na zadane przeze mnie pytania i w\u0105tpliwo\u015bci, daj\u0105c mi konkretne wskaz\u00f3wki do pracy nad tekstem. Bardzo dok\u0142adnie przeanalizowa\u0142y\u015bmy te\u017c tekst pod k\u0105tem technicznym, co by\u0142o bardzo wymiernym i zindywidualizowanym <wbr \/>warsztatem, cenniejszym dla mnie ni\u017c kilka godzin og\u00f3lnych warsztat\u00f3w pisarskich. Om\u00f3wi\u0142y\u015bmy te\u017c temat pracy koncepcyjnej tego, o czym chc\u0119 pisa\u0107, co mocno uporz\u0105dkowa\u0142o m\u00f3j system pracy. Jednym s\u0142owem godzina pracy z Justyn\u0105 da\u0142a mi niesamowite korzy\u015bci rozwojowe.<\/em><\/div>\n<div><em>Je\u015bli szukasz us\u0142ugi szytej na miar\u0119, kt\u00f3ra odpowie na twoje konkretne zapotrzebowanie, warsztat z Justyn\u0105 jest w\u0142a\u015bnie dla ciebie.<\/em><\/div>\n<div><\/div>\n<div><\/div>\n<p>&nbsp;<\/p>\n<p><strong>Joanna Fabisiak, autorka m.in. e-booka pt.<a href=\"https:\/\/zmianadlazdrowia.pl\/produkt\/jak-pokochac-swoje-dojrzale-cialo-i-przestac-porownywac-sie-do-mlodszych-praktyczny-kurs-budowania-pewnosci-siebie-po-40-50-roku-zycia-ebook\/\"> &#8220;Jak pokocha\u0107 swoje dojrza\u0142e cia\u0142o i przesta\u0107 por\u00f3wnywa\u0107 si\u0119 do m\u0142odszych&#8221;<\/a><\/strong><\/p>\n<div><em>Z wielu wzgl\u0119d\u00f3w trudno jest mi jednoznacznie opisa\u0107, czym by\u0142 dla mnie tutorial prowadzony przez Justyn\u0119 Niebieszcza\u0144sk\u0105.<\/em><br \/>\n<em>Nasze spotkanie trwa\u0142o nieco ponad godzin\u0119, a ja mia\u0142am wra\u017cenie, \u017ce odby\u0142am wielogodzinn\u0105, intensywn\u0105 podr\u00f3\u017c \u2013 pe\u0142n\u0105 refleksji, odkry\u0107 i praktycznych wskaz\u00f3wek. <\/em><em style=\"font-size: calc(14.5487px + 0.141026vw);\">Justyna nie tylko dzieli\u0142a si\u0119 swoj\u0105 wiedz\u0105, ale przede wszystkim uwa\u017cnie ws\u0142uchiwa\u0142a si\u0119 w moje potrzeby. To, co dla mnie najwa\u017cniejsze, to fakt, \u017ce tutorial zosta\u0142 precyzyjnie dopasowany do mojego konkretnego tematu. Czu\u0142am si\u0119, jakbym uczestniczy\u0142a w bardzo efektywnym warsztacie, podczas kt\u00f3rego wypracowa\u0142y\u015bmy istotne detale i stworzy\u0142y\u015bmy wst\u0119pny plan mojej przysz\u0142ej ksi\u0105\u017cki.<\/em><\/div>\n<div><\/div>\n<div>\n<p><em>Mia\u0142am te\u017c poczucie, \u017ce to spotkanie mia\u0142o charakter ekskluzywnego seminarium, na kt\u00f3rym charyzmatyczny i do\u015bwiadczony mentor prowadzi mnie przez zawi\u0142o\u015bci tworzenia tekstu, ods\u0142aniaj\u0105c tajemnice i techniki, kt\u00f3re staj\u0105 si\u0119 dla mnie jasne i zrozumia\u0142e.<\/em><\/p>\n<p><em>Co jeszcze istotne \u2013 my\u015bla\u0142am, \u017ce dobrze wiem, jak komponowa\u0107 tekst. Jednak Justyna krok po kroku pokaza\u0142a mi, jak naprawd\u0119 zacz\u0105\u0107 prac\u0119 nad ksi\u0105\u017ck\u0105 od podstaw, jak podej\u015b\u0107 do niej profesjonalnie i \u015bwiadomie, a przede wszystkim \u2013 jak rozumie\u0107 ka\u017cdy element tworzonego materia\u0142u w kontek\u015bcie zamierzonego efektu. <\/em><em>Dzi\u0119ki temu tutorial by\u0142 dla mnie praktycznym przewodnikiem, kt\u00f3ry pozwoli\u0142 mi uporz\u0105dkowa\u0107 i usystematyzowa\u0107 proces pisania.<\/em><\/p>\n<p><em>Wyb\u00f3r formy ksi\u0105\u017cki te\u017c by\u0142 \u015bwiadom\u0105 decyzj\u0105 podj\u0119t\u0105 dzi\u0119ki Justynie. <\/em><em>To, co szczeg\u00f3lnie doceniam, to jej szczeg\u00f3\u0142owe podej\u015bcie \u2013 analiza za i przeciw r\u00f3\u017cnych mo\u017cliwo\u015bci, uwzgl\u0119dnienie wszystkich aspekt\u00f3w, kt\u00f3re maj\u0105 znaczenie dla ostatecznego kszta\u0142tu projektu.<\/em><\/p>\n<p><em>Temat mojego tutorialu \u2013 \u201eOsobista historia dla \u015bwiata\u201d \u2013 by\u0142 dla mnie bardzo wa\u017cny i przysz\u0142am z opowie\u015bciami o sobie, kt\u00f3re nosz\u0119 od lat. I tu dozna\u0142am kolejnego zaskoczenia i ol\u015bnienia! <\/em><em>Dzi\u0119ki wnikliwym pytaniom i materia\u0142om przygotowanym przez Justyn\u0119, moje spojrzenie na to, co mam do opowiedzenia, zupe\u0142nie si\u0119 zmieni\u0142o. Okaza\u0142o si\u0119, \u017ce mam w sobie co\u015b o wiele wa\u017cniejszego, i g\u0142\u0119bszego. To by\u0142a prawdziwa transformacja w moim podej\u015bciu i odczuwaniu w\u0142asnej historii.<\/em><\/p>\n<\/div>\n","protected":false},"excerpt":{"rendered":"<p>Jak korzysta\u0107 ze swoich do\u015bwiadcze\u0144 i pisa\u0107 dla innych?<\/p>\n<p>Ten tutorial to wiedza i praktyka o tym, jak pisa\u0107 swoj\u0105 osobist\u0105 histori\u0119 dla \u015bwiata. Nie og\u00f3lna, ale taka, kt\u00f3ra dotyczy Ciebie i tego, co chcesz przekaza\u0107 \u015bwiatu.<\/p>\n","protected":false},"featured_media":4400,"comment_status":"closed","ping_status":"closed","template":"","meta":{"_acf_changed":false},"product_brand":[],"product_cat":[1194],"product_tag":[1231,1229,1238,1230,1237],"class_list":{"0":"post-4327","1":"product","2":"type-product","3":"status-publish","4":"has-post-thumbnail","5":"","6":"product_cat-uncategorized","7":"product_tag-jak-pisac","8":"product_tag-nauka-pisania","9":"product_tag-osobista-historia","10":"product_tag-rozwoj-pisarski","11":"product_tag-tutorial","13":"first","14":"instock","15":"virtual","16":"purchasable","17":"product-type-simple"},"acf":[],"yoast_head":"<!-- This site is optimized with the Yoast SEO plugin v27.2 - https:\/\/yoast.com\/product\/yoast-seo-wordpress\/ -->\n<title>Osobista historia dla \u015bwiata - tutorial - Justyna Niebieszcza\u0144ska<\/title>\n<meta name=\"description\" content=\"Wiedza i praktyka o tym, jak pisa\u0107 swoj\u0105 osobist\u0105 histori\u0119 dla \u015bwiata.\" \/>\n<meta name=\"robots\" content=\"index, follow, max-snippet:-1, max-image-preview:large, max-video-preview:-1\" \/>\n<link rel=\"canonical\" href=\"https:\/\/justynaniebieszczanska.com\/en\/product\/tutorial-pisarski\/\" \/>\n<meta property=\"og:locale\" content=\"en_US\" \/>\n<meta property=\"og:type\" content=\"article\" \/>\n<meta property=\"og:title\" content=\"Osobista historia dla \u015bwiata - tutorial - Justyna Niebieszcza\u0144ska\" \/>\n<meta property=\"og:description\" content=\"Wiedza i praktyka o tym, jak pisa\u0107 swoj\u0105 osobist\u0105 histori\u0119 dla \u015bwiata.\" \/>\n<meta property=\"og:url\" content=\"https:\/\/justynaniebieszczanska.com\/en\/product\/tutorial-pisarski\/\" \/>\n<meta property=\"og:site_name\" content=\"Justyna Niebieszcza\u0144ska\" \/>\n<meta property=\"article:publisher\" content=\"https:\/\/www.facebook.com\/Niebieszczanska\" \/>\n<meta property=\"article:modified_time\" content=\"2025-06-12T07:39:06+00:00\" \/>\n<meta property=\"og:image\" content=\"https:\/\/justynaniebieszczanska.com\/wp-content\/uploads\/2025\/03\/Osobista-historia.png\" \/>\n\t<meta property=\"og:image:width\" content=\"1080\" \/>\n\t<meta property=\"og:image:height\" content=\"1080\" \/>\n\t<meta property=\"og:image:type\" content=\"image\/png\" \/>\n<meta name=\"twitter:card\" content=\"summary_large_image\" \/>\n<meta name=\"twitter:label1\" content=\"Est. reading time\" \/>\n\t<meta name=\"twitter:data1\" content=\"4 minutes\" \/>\n<script type=\"application\/ld+json\" class=\"yoast-schema-graph\">{\"@context\":\"https:\/\/schema.org\",\"@graph\":[{\"@type\":\"WebPage\",\"@id\":\"https:\/\/justynaniebieszczanska.com\/en\/product\/tutorial-pisarski\/\",\"url\":\"https:\/\/justynaniebieszczanska.com\/en\/product\/tutorial-pisarski\/\",\"name\":\"Osobista historia dla \u015bwiata - tutorial - Justyna Niebieszcza\u0144ska\",\"isPartOf\":{\"@id\":\"https:\/\/justynaniebieszczanska.com\/en\/#website\"},\"primaryImageOfPage\":{\"@id\":\"https:\/\/justynaniebieszczanska.com\/en\/product\/tutorial-pisarski\/#primaryimage\"},\"image\":{\"@id\":\"https:\/\/justynaniebieszczanska.com\/en\/product\/tutorial-pisarski\/#primaryimage\"},\"thumbnailUrl\":\"https:\/\/justynaniebieszczanska.com\/wp-content\/uploads\/2025\/03\/Osobista-historia.png\",\"datePublished\":\"2025-03-25T08:52:36+00:00\",\"dateModified\":\"2025-06-12T07:39:06+00:00\",\"description\":\"Wiedza i praktyka o tym, jak pisa\u0107 swoj\u0105 osobist\u0105 histori\u0119 dla \u015bwiata.\",\"breadcrumb\":{\"@id\":\"https:\/\/justynaniebieszczanska.com\/en\/product\/tutorial-pisarski\/#breadcrumb\"},\"inLanguage\":\"en-US\",\"potentialAction\":[{\"@type\":\"ReadAction\",\"target\":[\"https:\/\/justynaniebieszczanska.com\/en\/product\/tutorial-pisarski\/\"]}]},{\"@type\":\"ImageObject\",\"inLanguage\":\"en-US\",\"@id\":\"https:\/\/justynaniebieszczanska.com\/en\/product\/tutorial-pisarski\/#primaryimage\",\"url\":\"https:\/\/justynaniebieszczanska.com\/wp-content\/uploads\/2025\/03\/Osobista-historia.png\",\"contentUrl\":\"https:\/\/justynaniebieszczanska.com\/wp-content\/uploads\/2025\/03\/Osobista-historia.png\",\"width\":1080,\"height\":1080,\"caption\":\"Osobista historia dla \u015bwiata\"},{\"@type\":\"BreadcrumbList\",\"@id\":\"https:\/\/justynaniebieszczanska.com\/en\/product\/tutorial-pisarski\/#breadcrumb\",\"itemListElement\":[{\"@type\":\"ListItem\",\"position\":1,\"name\":\"Home\",\"item\":\"https:\/\/justynaniebieszczanska.com\/en\/\"},{\"@type\":\"ListItem\",\"position\":2,\"name\":\"Osobista historia dla \u015bwiata &#8211; tutorial\"}]},{\"@type\":\"WebSite\",\"@id\":\"https:\/\/justynaniebieszczanska.com\/en\/#website\",\"url\":\"https:\/\/justynaniebieszczanska.com\/en\/\",\"name\":\"Justyna Niebieszcza\u0144ska\",\"description\":\"Przerzuc\u0119 most, po kt\u00f3rym przejdziesz...\",\"potentialAction\":[{\"@type\":\"SearchAction\",\"target\":{\"@type\":\"EntryPoint\",\"urlTemplate\":\"https:\/\/justynaniebieszczanska.com\/en\/?s={search_term_string}\"},\"query-input\":{\"@type\":\"PropertyValueSpecification\",\"valueRequired\":true,\"valueName\":\"search_term_string\"}}],\"inLanguage\":\"en-US\"}]}<\/script>\n<!-- \/ Yoast SEO plugin. -->","yoast_head_json":{"title":"Osobista historia dla \u015bwiata - tutorial - Justyna Niebieszcza\u0144ska","description":"Wiedza i praktyka o tym, jak pisa\u0107 swoj\u0105 osobist\u0105 histori\u0119 dla \u015bwiata.","robots":{"index":"index","follow":"follow","max-snippet":"max-snippet:-1","max-image-preview":"max-image-preview:large","max-video-preview":"max-video-preview:-1"},"canonical":"https:\/\/justynaniebieszczanska.com\/en\/product\/tutorial-pisarski\/","og_locale":"en_US","og_type":"article","og_title":"Osobista historia dla \u015bwiata - tutorial - Justyna Niebieszcza\u0144ska","og_description":"Wiedza i praktyka o tym, jak pisa\u0107 swoj\u0105 osobist\u0105 histori\u0119 dla \u015bwiata.","og_url":"https:\/\/justynaniebieszczanska.com\/en\/product\/tutorial-pisarski\/","og_site_name":"Justyna Niebieszcza\u0144ska","article_publisher":"https:\/\/www.facebook.com\/Niebieszczanska","article_modified_time":"2025-06-12T07:39:06+00:00","og_image":[{"width":1080,"height":1080,"url":"https:\/\/justynaniebieszczanska.com\/wp-content\/uploads\/2025\/03\/Osobista-historia.png","type":"image\/png"}],"twitter_card":"summary_large_image","twitter_misc":{"Est. reading time":"4 minutes"},"schema":{"@context":"https:\/\/schema.org","@graph":[{"@type":"WebPage","@id":"https:\/\/justynaniebieszczanska.com\/en\/product\/tutorial-pisarski\/","url":"https:\/\/justynaniebieszczanska.com\/en\/product\/tutorial-pisarski\/","name":"Osobista historia dla \u015bwiata - tutorial - Justyna Niebieszcza\u0144ska","isPartOf":{"@id":"https:\/\/justynaniebieszczanska.com\/en\/#website"},"primaryImageOfPage":{"@id":"https:\/\/justynaniebieszczanska.com\/en\/product\/tutorial-pisarski\/#primaryimage"},"image":{"@id":"https:\/\/justynaniebieszczanska.com\/en\/product\/tutorial-pisarski\/#primaryimage"},"thumbnailUrl":"https:\/\/justynaniebieszczanska.com\/wp-content\/uploads\/2025\/03\/Osobista-historia.png","datePublished":"2025-03-25T08:52:36+00:00","dateModified":"2025-06-12T07:39:06+00:00","description":"Wiedza i praktyka o tym, jak pisa\u0107 swoj\u0105 osobist\u0105 histori\u0119 dla \u015bwiata.","breadcrumb":{"@id":"https:\/\/justynaniebieszczanska.com\/en\/product\/tutorial-pisarski\/#breadcrumb"},"inLanguage":"en-US","potentialAction":[{"@type":"ReadAction","target":["https:\/\/justynaniebieszczanska.com\/en\/product\/tutorial-pisarski\/"]}]},{"@type":"ImageObject","inLanguage":"en-US","@id":"https:\/\/justynaniebieszczanska.com\/en\/product\/tutorial-pisarski\/#primaryimage","url":"https:\/\/justynaniebieszczanska.com\/wp-content\/uploads\/2025\/03\/Osobista-historia.png","contentUrl":"https:\/\/justynaniebieszczanska.com\/wp-content\/uploads\/2025\/03\/Osobista-historia.png","width":1080,"height":1080,"caption":"Osobista historia dla \u015bwiata"},{"@type":"BreadcrumbList","@id":"https:\/\/justynaniebieszczanska.com\/en\/product\/tutorial-pisarski\/#breadcrumb","itemListElement":[{"@type":"ListItem","position":1,"name":"Home","item":"https:\/\/justynaniebieszczanska.com\/en\/"},{"@type":"ListItem","position":2,"name":"Osobista historia dla \u015bwiata &#8211; tutorial"}]},{"@type":"WebSite","@id":"https:\/\/justynaniebieszczanska.com\/en\/#website","url":"https:\/\/justynaniebieszczanska.com\/en\/","name":"Justyna Niebieszcza\u0144ska","description":"Przerzuc\u0119 most, po kt\u00f3rym przejdziesz...","potentialAction":[{"@type":"SearchAction","target":{"@type":"EntryPoint","urlTemplate":"https:\/\/justynaniebieszczanska.com\/en\/?s={search_term_string}"},"query-input":{"@type":"PropertyValueSpecification","valueRequired":true,"valueName":"search_term_string"}}],"inLanguage":"en-US"}]}},"_links":{"self":[{"href":"https:\/\/justynaniebieszczanska.com\/en\/wp-json\/wp\/v2\/product\/4327","targetHints":{"allow":["GET"]}}],"collection":[{"href":"https:\/\/justynaniebieszczanska.com\/en\/wp-json\/wp\/v2\/product"}],"about":[{"href":"https:\/\/justynaniebieszczanska.com\/en\/wp-json\/wp\/v2\/types\/product"}],"replies":[{"embeddable":true,"href":"https:\/\/justynaniebieszczanska.com\/en\/wp-json\/wp\/v2\/comments?post=4327"}],"wp:featuredmedia":[{"embeddable":true,"href":"https:\/\/justynaniebieszczanska.com\/en\/wp-json\/wp\/v2\/media\/4400"}],"wp:attachment":[{"href":"https:\/\/justynaniebieszczanska.com\/en\/wp-json\/wp\/v2\/media?parent=4327"}],"wp:term":[{"taxonomy":"product_brand","embeddable":true,"href":"https:\/\/justynaniebieszczanska.com\/en\/wp-json\/wp\/v2\/product_brand?post=4327"},{"taxonomy":"product_cat","embeddable":true,"href":"https:\/\/justynaniebieszczanska.com\/en\/wp-json\/wp\/v2\/product_cat?post=4327"},{"taxonomy":"product_tag","embeddable":true,"href":"https:\/\/justynaniebieszczanska.com\/en\/wp-json\/wp\/v2\/product_tag?post=4327"}],"curies":[{"name":"wp","href":"https:\/\/api.w.org\/{rel}","templated":true}]}}