{"id":4053,"date":"2024-11-14T09:48:37","date_gmt":"2024-11-14T09:48:37","guid":{"rendered":"https:\/\/justynaniebieszczanska.com\/?post_type=product&#038;p=4053"},"modified":"2025-06-04T16:48:23","modified_gmt":"2025-06-04T16:48:23","slug":"konsultacja","status":"publish","type":"product","link":"https:\/\/justynaniebieszczanska.com\/en\/product\/konsultacja\/","title":{"rendered":"KONSULTACJA pisarska"},"content":{"rendered":"<p>Konsultacja jest odpowiedzi\u0105 dla tych, kt\u00f3rzy:<\/p>\n<ul>\n<li>traktuj\u0105 pisanie jako swoj\u0105 pasj\u0119,<\/li>\n<li>ale r\u00f3wnie\u017c dla tych, kt\u00f3rzy maj\u0105 \u015bwiadomo\u015b\u0107, \u017ce rozw\u00f3j warsztatu pisarskiego jest zwi\u0105zany z karier\u0105 zawodow\u0105 i sukcesem w biznesie.<\/li>\n<\/ul>\n<h4>Mo\u017cesz zwr\u00f3ci\u0107 si\u0119 do mnie z ka\u017cdym zagadnieniem zwi\u0105zanym z pisaniem.<\/h4>\n<p>Zajmuj\u0119 si\u0119 pisaniem od dawna. Jestem autorka ksi\u0105\u017cek, w tym najnowszej <a href=\"https:\/\/ezooneir.com\/produkt\/na-poduszce-z-mchu-sydonia-klimsiak-justyna-niebieszczanska\/\">&#8220;Na poduszce z mchu. Dlaczego warto i\u015b\u0107 a nie biec&#8221;.<\/a> Jestem filologiem i specjalist\u0105 od Public relations. Przeprowadzi\u0142am wiele kurs\u00f3w i projekt\u00f3w pisarskich. Opublikowa\u0142am wiele artyku\u0142\u00f3w i ksi\u0105\u017cek we wsp\u00f3\u0142pracy z innymi tw\u00f3rcami. Od ponad 10 lat prowadz\u0119 kreatywne pisanie wg swojej metodologii. proponuje unikatowe warsztaty, jak np. ten zwi\u0105zany z<a href=\"https:\/\/justynaniebieszczanska.com\/produkt\/kurs-pisania-haiku-dla-poczatkujacych\/\"> pisaniem haiku (japo\u0144skiej poezji)<\/a>.<\/p>\n<p>Ze mn\u0105 piszesz lepiej: pewniej, w zgodzie ze sob\u0105 i ze \u015bwiadomo\u015bci\u0105 warsztatu pisarskiego. Co wa\u017cniejsze, osi\u0105gasz cele, na kt\u00f3rych Ci naprawd\u0119 zale\u017cy. Pracuj\u0119 w j\u0119zyku polskim i <a href=\"https:\/\/justynaniebieszczanska.com\/produkt\/email-business-writing\/\">angielskim.<\/a> Je\u017celi potrzebujesz rekomendacji i referencji od os\u00f3b, kt\u00f3re ze mn\u0105 pracowa\u0142y, ch\u0119tnie ich udziel\u0119.<\/p>\n<h4>Mo\u017cesz si\u0119 zwr\u00f3ci\u0107 do mnie z ka\u017cdym zagadnieniem i problemem zwi\u0105zanym z pisaniem.<\/h4>\n<p>Na przestrzeni ostatnich lat najcz\u0119\u015bciej tw\u00f3rcy zwracali si\u0119 do mnie z takimi zagadnieniami. Je\u015bli w\u015br\u00f3d nich nie ma tego, czego szukasz, napisz do mnie: j.niebieszczanska@gmail.com<\/p>\n<ol>\n<li>Rozwojowy feedback<\/li>\n<\/ol>\n<p>Tworzysz, lub masz pomys\u0142 na tworzenie, ale nie jeste\u015b pewny, czy to ma sens. Masz pytania o warto\u015b\u0107 tego, co piszesz, o kierunki rozwoju, o to, co poprawi\u0107, o swoje atuty\u2026 etc. Tu jest miejsce na ka\u017cde pytanie zwi\u0105zane z tworzeniem, prac\u0105 i publikowaniem.<\/p>\n<p>Otrzymujesz profesjonalny feedback, kt\u00f3ry pozwala Ci si\u0119 rozwija\u0107 i daje Ci motywacj\u0119 do dalszej pracy. Podpowiada jasno, co robi\u0107, a czego nie robi\u0107.<\/p>\n<p>Zajmuj\u0119 si\u0119 r\u00f3wnie\u017c preedycj\u0105 (czytam pierwsz\u0105 wersj\u0119 manuskryptu i wskazuj\u0119, w jaki spos\u00f3b mo\u017cna go udoskonali\u0107 i unikn\u0105\u0107 b\u0142\u0119d\u00f3w, je\u015bli takie istniej\u0105).<\/p>\n<ol start=\"2\">\n<li>Jak promowa\u0107 swoj\u0105 tw\u00f3rczo\u015b\u0107<\/li>\n<\/ol>\n<p>Wykorzystuj\u0105c swoj\u0105 wiedz\u0119 z zakresu PR i w\u0142asne do\u015bwiadczenie wskazuj\u0119 \u015bcie\u017cki, kt\u00f3re pomagaj\u0105 dociera\u0107 do wymarzonego odbiorcy. Pracuj\u0119 z szacunkiem dla zasady, \u017ce najwa\u017cniejsza jest wierno\u015b\u0107 sobie, wi\u0119c je\u015bli jest to Tobie bliskie, jestem do dyspozycji.<\/p>\n<ol start=\"3\">\n<li>Ksi\u0105\u017cka tworzona przez dwie osoby lub wi\u0119cej.<\/li>\n<\/ol>\n<p>Mam na swoim koncie trzy publikacje w duecie i m.in. tak powsta\u0142a <a href=\"https:\/\/ezooneir.com\/produkt\/na-poduszce-z-mchu-sydonia-klimsiak-justyna-niebieszczanska\/\">ksi\u0105\u017cka \u201eNa poduszce z mchu\u201d.<\/a> Tworz\u0119 r\u00f3wnie\u017c ksi\u0105\u017cki, kt\u00f3re wynikaj\u0105 z <a href=\"https:\/\/kreatywnepisanie.info\/wyjazdy-pisarskie-w-2025-roku-spelniaj-marzenia\/\">pisarskich wyjazd\u00f3w (writing retreat)<\/a> i mam za sob\u0105 prac\u0119 nad tomikami wierszy, w kt\u00f3rych bierze udzia\u0142 kilkana\u015bcie os\u00f3b.<\/p>\n<p>Uwa\u017cam, \u017ce wsp\u00f3lne pisanie ma moc, wi\u0119c je\u015bli chcesz napisa\u0107 z kim\u015b ksi\u0105\u017ck\u0119 lub masz pomys\u0142 na wsp\u00f3lne wydanie, powiem Ci, co jest wa\u017cne i jak przeprowadzi\u0107 projekt z sukcesem.<\/p>\n<p>Tu efekt jednego z projekt\u00f3w pt. <a href=\"https:\/\/justynaniebieszczanska.com\/produkt\/historie-ktore-nosisz-w-sobie\/\">Historie, kt\u00f3re nosisz w sobie<\/a><\/p>\n<ol start=\"4\">\n<li>Pisanie artyku\u0142\u00f3w (blog, portal, pismo bran\u017cowe).<\/li>\n<\/ol>\n<p>Mam za sob\u0105 nie tylko wiedz\u0119, ale i do\u015bwiadczenie pisania dla bran\u017cowych czasopism, portali, na blogi i na platformy spo\u0142eczno\u015bciowe. Wykorzystuj\u0119 swoj\u0105 wiedz\u0119 z zakresu Public Relations i copywritingu, aby s\u0142owa trafia\u0142y do w\u0142a\u015bciwego odbiorcy. Wykorzystaj mnie \ud83d\ude42<\/p>\n<ol start=\"5\">\n<li>Doskonalenie pisarskie.<\/li>\n<\/ol>\n<p>Je\u015bli potrzebujesz rozwija\u0107 si\u0119 pisarsko, wzbogaca\u0107 sw\u00f3j warsztat\u00a0 i nie wiesz, od czego zacz\u0105\u0107 lub po prostu potrzebujesz profesjonalnego przewodnika w tej podr\u00f3\u017cy, wska\u017c\u0119, jak to mo\u017cesz robi\u0107 w zgodzie ze sob\u0105 i z po\u017c\u0105danym efektem.<\/p>\n<ol start=\"6\">\n<li>Praca nad d\u0142u\u017cszym tekstem, w tym nad ksi\u0105\u017ck\u0105 (non-fiction)<\/li>\n<\/ol>\n<p>Pomagam ruszy\u0107 z miejsca i pokona\u0107 blokady, kt\u00f3re spotykasz na swojej drodze. Ze mn\u0105 po prostu piszesz.<\/p>\n<ol start=\"7\">\n<li>Chcesz wyci\u0105gn\u0105\u0107 swoje teksty, wiersz z szuflady, ale \u2026<\/li>\n<\/ol>\n<p>Jeste\u015b w takim miejscu, w kt\u00f3rym my\u015blisz o wyci\u0105gni\u0119ciu swojego pisania z szuflady i pokazania go innym, ale masz w\u0105tpliwo\u015bci i m\u0119czy Ci\u0119 to, \u017ce nie znasz odpowiedzi na wa\u017cne dla Ciebie pytania. Od lat promuj\u0119 my\u015bl, \u017ce <em>ka\u017cdy z nas jest do\u015b\u0107 inny, aby pisa\u0107<\/em> , dlatego potrzebujesz indywidualnego podej\u015bcia. Na konsultacji otrzymasz odpowiedzi, kt\u00f3rych potrzebujesz. Staniemy uczciwie wobec do\u015bwiadczenia odwagi i pewno\u015bci siebie. Dowiesz si\u0119, czy jest jej do\u015b\u0107, aby wyci\u0105ga\u0107 swoje teksty z szuflady czy nie. W ka\u017cdym wypadku podpowiem, co dalej.<\/p>\n<ol start=\"8\">\n<li>Pierwsza ksi\u0105\u017cka \u2013 jak si\u0119 za to zabra\u0107 i jak doprowadzi\u0107 do publikacji.<\/li>\n<\/ol>\n<p>Marzysz o swojej ksi\u0105\u017cce, ale jest tyle pyta\u0144, na kt\u00f3re nie znasz odpowiedzi, \u017ce czujesz si\u0119 osamotniona. Otrzymasz profesjonalne informacje, kt\u00f3re wytycz\u0105 prost\u0105 \u015bcie\u017ck\u0119 do publikacji. Dzia\u0142am jak book consierge \u2013 osobisty ekspert, kt\u00f3ry przeprowadza autora przez ca\u0142\u0105 \u015bcie\u017ck\u0119 od pierwszego kroku do wydania. Tak powsta\u0142a m.in. ksi\u0105\u017cka &#8220;Barcelona z in vitro&#8221; Agnieszki \u0141ukomskiej.<\/p>\n<p>&nbsp;<\/p>\n<h4>Konsultacja w trzech krokach<\/h4>\n<p>1. Przed sesj\u0105 otrzymasz ode mnie pytania, kt\u00f3re sprawi\u0105, \u017ce w 100% wykorzystamy wsp\u00f3lny czas. Je\u015bli jest to tematem konsultacji, wcze\u015bniej czytam tekst, kt\u00f3ry mi przesy\u0142asz (maksymalnie 15 stron, o ile nie ustalimy inaczej).<\/p>\n<p>2. Na sesji wsp\u00f3lnie pracujemy, a na ko\u0144cu daj\u0119 wskaz\u00f3wki, rozwi\u0105zania, odpowiedzi, kt\u00f3rych potrzebujesz, aby ruszy\u0107 z miejsca, rozwija\u0107 si\u0119 i zyska\u0107 odwag\u0119 do podejmowania dalszych krok\u00f3w. Podczas konsultacji mo\u017cesz zadawa\u0107 pytania, porusza\u0107 istotne dla Ciebie kwestie i oczekiwa\u0107 wsparcia, bo to spotkanie jest dla Ciebie.<\/p>\n<p>3. Po sesji dostajesz sugestie lektur do dalszego rozwoju i wyzwania pisarskie przygotowane z my\u015bl\u0105 o Tobie.<\/p>\n<p>&nbsp;<\/p>\n<h4>Wa\u017cne informacje<\/h4>\n<p>Czas konsultacji to 60 minut.<\/p>\n<p>Konsultacja jest online. ( Je\u015bli Ci zale\u017cy mo\u017cemy um\u00f3wi\u0107 si\u0119 na stacjonarn\u0105).<\/p>\n<p>Aby ustali\u0107 dat\u0119 konsultacji, skontaktuj si\u0119 ze mn\u0105:<br \/>\nj.niebieszczanska@gmail.com | what\u2019s up +48 607 877 286<\/p>\n","protected":false},"excerpt":{"rendered":"<p>Konsultacja jest dla ka\u017cdego, kto pisze, potrzebuje pisa\u0107 i kocha tworzy\u0107. Daje korzy\u015bci tym, kt\u00f3rzy pisz\u0105 do szuflady i tym, kt\u00f3rzy ju\u017c publikuj\u0105. Jest dla tych, kt\u00f3rzy chc\u0105 zaufa\u0107 intuicji i dla tych, kt\u00f3rzy chc\u0119 si\u0119 doskonali\u0107 i osi\u0105ga\u0107 pisarskie cele.<\/p>\n<p>&nbsp;<\/p>\n","protected":false},"featured_media":4070,"comment_status":"closed","ping_status":"closed","template":"","meta":{"_acf_changed":false},"product_brand":[],"product_cat":[1194],"product_tag":[1231,1215,1229,1234,1235,1232,1233,1217,1230],"class_list":{"0":"post-4053","1":"product","2":"type-product","3":"status-publish","4":"has-post-thumbnail","5":"","6":"product_cat-uncategorized","7":"product_tag-jak-pisac","8":"product_tag-kreatywnepisanie","9":"product_tag-nauka-pisania","10":"product_tag-pierwsza-ksiazka","11":"product_tag-pierwsza-publikacja","12":"product_tag-pisanie-ksiazki","13":"product_tag-pisanie-poezji","14":"product_tag-professional-writing","15":"product_tag-rozwoj-pisarski","17":"first","18":"instock","19":"virtual","20":"purchasable","21":"product-type-simple"},"acf":[],"yoast_head":"<!-- This site is optimized with the Yoast SEO plugin v27.2 - https:\/\/yoast.com\/product\/yoast-seo-wordpress\/ -->\n<title>KONSULTACJA pisarska - Justyna Niebieszcza\u0144ska<\/title>\n<meta name=\"robots\" content=\"index, follow, max-snippet:-1, max-image-preview:large, max-video-preview:-1\" \/>\n<link rel=\"canonical\" href=\"https:\/\/justynaniebieszczanska.com\/en\/product\/konsultacja\/\" \/>\n<meta property=\"og:locale\" content=\"en_US\" \/>\n<meta property=\"og:type\" content=\"article\" \/>\n<meta property=\"og:title\" content=\"KONSULTACJA pisarska - Justyna Niebieszcza\u0144ska\" \/>\n<meta property=\"og:description\" content=\"Konsultacja jest dla ka\u017cdego, kto pisze, potrzebuje pisa\u0107 i kocha tworzy\u0107. Daje korzy\u015bci tym, kt\u00f3rzy pisz\u0105 do szuflady i tym, kt\u00f3rzy ju\u017c publikuj\u0105. Jest dla tych, kt\u00f3rzy chc\u0105 zaufa\u0107 intuicji i dla tych, kt\u00f3rzy chc\u0119 si\u0119 doskonali\u0107 i osi\u0105ga\u0107 pisarskie cele.  &nbsp;\" \/>\n<meta property=\"og:url\" content=\"https:\/\/justynaniebieszczanska.com\/en\/product\/konsultacja\/\" \/>\n<meta property=\"og:site_name\" content=\"Justyna Niebieszcza\u0144ska\" \/>\n<meta property=\"article:publisher\" content=\"https:\/\/www.facebook.com\/Niebieszczanska\" \/>\n<meta property=\"article:modified_time\" content=\"2025-06-04T16:48:23+00:00\" \/>\n<meta property=\"og:image\" content=\"https:\/\/justynaniebieszczanska.com\/wp-content\/uploads\/2024\/11\/Konsultacja-pisarska.png\" \/>\n\t<meta property=\"og:image:width\" content=\"1080\" \/>\n\t<meta property=\"og:image:height\" content=\"1080\" \/>\n\t<meta property=\"og:image:type\" content=\"image\/png\" \/>\n<meta name=\"twitter:card\" content=\"summary_large_image\" \/>\n<meta name=\"twitter:label1\" content=\"Est. reading time\" \/>\n\t<meta name=\"twitter:data1\" content=\"6 minutes\" \/>\n<script type=\"application\/ld+json\" class=\"yoast-schema-graph\">{\"@context\":\"https:\/\/schema.org\",\"@graph\":[{\"@type\":\"WebPage\",\"@id\":\"https:\/\/justynaniebieszczanska.com\/en\/product\/konsultacja\/\",\"url\":\"https:\/\/justynaniebieszczanska.com\/en\/product\/konsultacja\/\",\"name\":\"KONSULTACJA pisarska - Justyna Niebieszcza\u0144ska\",\"isPartOf\":{\"@id\":\"https:\/\/justynaniebieszczanska.com\/en\/#website\"},\"primaryImageOfPage\":{\"@id\":\"https:\/\/justynaniebieszczanska.com\/en\/product\/konsultacja\/#primaryimage\"},\"image\":{\"@id\":\"https:\/\/justynaniebieszczanska.com\/en\/product\/konsultacja\/#primaryimage\"},\"thumbnailUrl\":\"https:\/\/justynaniebieszczanska.com\/wp-content\/uploads\/2024\/11\/Konsultacja-pisarska.png\",\"datePublished\":\"2024-11-14T09:48:37+00:00\",\"dateModified\":\"2025-06-04T16:48:23+00:00\",\"breadcrumb\":{\"@id\":\"https:\/\/justynaniebieszczanska.com\/en\/product\/konsultacja\/#breadcrumb\"},\"inLanguage\":\"en-US\",\"potentialAction\":[{\"@type\":\"ReadAction\",\"target\":[\"https:\/\/justynaniebieszczanska.com\/en\/product\/konsultacja\/\"]}]},{\"@type\":\"ImageObject\",\"inLanguage\":\"en-US\",\"@id\":\"https:\/\/justynaniebieszczanska.com\/en\/product\/konsultacja\/#primaryimage\",\"url\":\"https:\/\/justynaniebieszczanska.com\/wp-content\/uploads\/2024\/11\/Konsultacja-pisarska.png\",\"contentUrl\":\"https:\/\/justynaniebieszczanska.com\/wp-content\/uploads\/2024\/11\/Konsultacja-pisarska.png\",\"width\":1080,\"height\":1080},{\"@type\":\"BreadcrumbList\",\"@id\":\"https:\/\/justynaniebieszczanska.com\/en\/product\/konsultacja\/#breadcrumb\",\"itemListElement\":[{\"@type\":\"ListItem\",\"position\":1,\"name\":\"Home\",\"item\":\"https:\/\/justynaniebieszczanska.com\/en\/\"},{\"@type\":\"ListItem\",\"position\":2,\"name\":\"KONSULTACJA pisarska\"}]},{\"@type\":\"WebSite\",\"@id\":\"https:\/\/justynaniebieszczanska.com\/en\/#website\",\"url\":\"https:\/\/justynaniebieszczanska.com\/en\/\",\"name\":\"Justyna Niebieszcza\u0144ska\",\"description\":\"Przerzuc\u0119 most, po kt\u00f3rym przejdziesz...\",\"potentialAction\":[{\"@type\":\"SearchAction\",\"target\":{\"@type\":\"EntryPoint\",\"urlTemplate\":\"https:\/\/justynaniebieszczanska.com\/en\/?s={search_term_string}\"},\"query-input\":{\"@type\":\"PropertyValueSpecification\",\"valueRequired\":true,\"valueName\":\"search_term_string\"}}],\"inLanguage\":\"en-US\"}]}<\/script>\n<!-- \/ Yoast SEO plugin. -->","yoast_head_json":{"title":"KONSULTACJA pisarska - Justyna Niebieszcza\u0144ska","robots":{"index":"index","follow":"follow","max-snippet":"max-snippet:-1","max-image-preview":"max-image-preview:large","max-video-preview":"max-video-preview:-1"},"canonical":"https:\/\/justynaniebieszczanska.com\/en\/product\/konsultacja\/","og_locale":"en_US","og_type":"article","og_title":"KONSULTACJA pisarska - Justyna Niebieszcza\u0144ska","og_description":"Konsultacja jest dla ka\u017cdego, kto pisze, potrzebuje pisa\u0107 i kocha tworzy\u0107. Daje korzy\u015bci tym, kt\u00f3rzy pisz\u0105 do szuflady i tym, kt\u00f3rzy ju\u017c publikuj\u0105. Jest dla tych, kt\u00f3rzy chc\u0105 zaufa\u0107 intuicji i dla tych, kt\u00f3rzy chc\u0119 si\u0119 doskonali\u0107 i osi\u0105ga\u0107 pisarskie cele.  &nbsp;","og_url":"https:\/\/justynaniebieszczanska.com\/en\/product\/konsultacja\/","og_site_name":"Justyna Niebieszcza\u0144ska","article_publisher":"https:\/\/www.facebook.com\/Niebieszczanska","article_modified_time":"2025-06-04T16:48:23+00:00","og_image":[{"width":1080,"height":1080,"url":"https:\/\/justynaniebieszczanska.com\/wp-content\/uploads\/2024\/11\/Konsultacja-pisarska.png","type":"image\/png"}],"twitter_card":"summary_large_image","twitter_misc":{"Est. reading time":"6 minutes"},"schema":{"@context":"https:\/\/schema.org","@graph":[{"@type":"WebPage","@id":"https:\/\/justynaniebieszczanska.com\/en\/product\/konsultacja\/","url":"https:\/\/justynaniebieszczanska.com\/en\/product\/konsultacja\/","name":"KONSULTACJA pisarska - Justyna Niebieszcza\u0144ska","isPartOf":{"@id":"https:\/\/justynaniebieszczanska.com\/en\/#website"},"primaryImageOfPage":{"@id":"https:\/\/justynaniebieszczanska.com\/en\/product\/konsultacja\/#primaryimage"},"image":{"@id":"https:\/\/justynaniebieszczanska.com\/en\/product\/konsultacja\/#primaryimage"},"thumbnailUrl":"https:\/\/justynaniebieszczanska.com\/wp-content\/uploads\/2024\/11\/Konsultacja-pisarska.png","datePublished":"2024-11-14T09:48:37+00:00","dateModified":"2025-06-04T16:48:23+00:00","breadcrumb":{"@id":"https:\/\/justynaniebieszczanska.com\/en\/product\/konsultacja\/#breadcrumb"},"inLanguage":"en-US","potentialAction":[{"@type":"ReadAction","target":["https:\/\/justynaniebieszczanska.com\/en\/product\/konsultacja\/"]}]},{"@type":"ImageObject","inLanguage":"en-US","@id":"https:\/\/justynaniebieszczanska.com\/en\/product\/konsultacja\/#primaryimage","url":"https:\/\/justynaniebieszczanska.com\/wp-content\/uploads\/2024\/11\/Konsultacja-pisarska.png","contentUrl":"https:\/\/justynaniebieszczanska.com\/wp-content\/uploads\/2024\/11\/Konsultacja-pisarska.png","width":1080,"height":1080},{"@type":"BreadcrumbList","@id":"https:\/\/justynaniebieszczanska.com\/en\/product\/konsultacja\/#breadcrumb","itemListElement":[{"@type":"ListItem","position":1,"name":"Home","item":"https:\/\/justynaniebieszczanska.com\/en\/"},{"@type":"ListItem","position":2,"name":"KONSULTACJA pisarska"}]},{"@type":"WebSite","@id":"https:\/\/justynaniebieszczanska.com\/en\/#website","url":"https:\/\/justynaniebieszczanska.com\/en\/","name":"Justyna Niebieszcza\u0144ska","description":"Przerzuc\u0119 most, po kt\u00f3rym przejdziesz...","potentialAction":[{"@type":"SearchAction","target":{"@type":"EntryPoint","urlTemplate":"https:\/\/justynaniebieszczanska.com\/en\/?s={search_term_string}"},"query-input":{"@type":"PropertyValueSpecification","valueRequired":true,"valueName":"search_term_string"}}],"inLanguage":"en-US"}]}},"_links":{"self":[{"href":"https:\/\/justynaniebieszczanska.com\/en\/wp-json\/wp\/v2\/product\/4053","targetHints":{"allow":["GET"]}}],"collection":[{"href":"https:\/\/justynaniebieszczanska.com\/en\/wp-json\/wp\/v2\/product"}],"about":[{"href":"https:\/\/justynaniebieszczanska.com\/en\/wp-json\/wp\/v2\/types\/product"}],"replies":[{"embeddable":true,"href":"https:\/\/justynaniebieszczanska.com\/en\/wp-json\/wp\/v2\/comments?post=4053"}],"wp:featuredmedia":[{"embeddable":true,"href":"https:\/\/justynaniebieszczanska.com\/en\/wp-json\/wp\/v2\/media\/4070"}],"wp:attachment":[{"href":"https:\/\/justynaniebieszczanska.com\/en\/wp-json\/wp\/v2\/media?parent=4053"}],"wp:term":[{"taxonomy":"product_brand","embeddable":true,"href":"https:\/\/justynaniebieszczanska.com\/en\/wp-json\/wp\/v2\/product_brand?post=4053"},{"taxonomy":"product_cat","embeddable":true,"href":"https:\/\/justynaniebieszczanska.com\/en\/wp-json\/wp\/v2\/product_cat?post=4053"},{"taxonomy":"product_tag","embeddable":true,"href":"https:\/\/justynaniebieszczanska.com\/en\/wp-json\/wp\/v2\/product_tag?post=4053"}],"curies":[{"name":"wp","href":"https:\/\/api.w.org\/{rel}","templated":true}]}}