{"id":4047,"date":"2024-11-14T07:56:40","date_gmt":"2024-11-14T07:56:40","guid":{"rendered":"https:\/\/justynaniebieszczanska.com\/?post_type=product&#038;p=4047"},"modified":"2026-04-10T13:09:41","modified_gmt":"2026-04-10T13:09:41","slug":"znalezc-swoje-miejsce","status":"publish","type":"product","link":"https:\/\/justynaniebieszczanska.com\/en\/product\/znalezc-swoje-miejsce\/","title":{"rendered":"Znale\u017a\u0107 tylko swoje miejsce. Kurs pisania haiku"},"content":{"rendered":"<h6>Nauczysz si\u0119 wyra\u017ca\u0107 najwa\u017cniejsze za pomoc\u0105 kilku s\u0142\u00f3w. Poznasz wp\u0142yw medytacji pisarskiej na tworzenie. Zyskasz now\u0105 umiej\u0119tno\u015b\u0107.<\/h6>\n<p>&nbsp;<\/p>\n<blockquote><p><strong>Data:<\/strong> 16.06.2026<\/p>\n<p><strong>Godzina:<\/strong> 17.00- 20.30<\/p>\n<p><strong>Miejsce:<\/strong> Pomorska 68, Bydgoszcz, Rozwijalnia<\/p><\/blockquote>\n<p>&nbsp;<\/p>\n<h3>Dzi\u0119ki kursowi:<\/h3>\n<ul>\n<li>\u0141apiesz chwile i potrafisz je s\u0142owem zatrzyma\u0107 na zawsze.<\/li>\n<li>Praktykujesz <em>mniej znaczy wi\u0119cej<\/em>. Doskonalisz precyzj\u0119. Potrafisz skraca\u0107 bez utraty tego, co najwa\u017cniejsze.<\/li>\n<li>Uczysz si\u0119 kreatywno\u015bci bez wysi\u0142ku.<\/li>\n<li>Przekonujesz si\u0119, \u017ce wystarczy tu i teraz, aby istnie\u0107 i tworzy\u0107.<\/li>\n<li>Do\u015bwiadczasz pozytywnego wp\u0142ywu pisania na Tw\u00f3j uk\u0142ad nerwowy. Spokojny umys\u0142 i pe\u0142na obecno\u015b\u0107 s\u0105 wszech\u015bwiatem haiku.<\/li>\n<li>Dowiadujesz si\u0119, \u00a0jak pisa\u0107 z miejsca, w kt\u00f3rym \u0142\u0105cz\u0105 si\u0119 zmys\u0142y, emocje i s\u0142owa.<\/li>\n<li>Studiujesz my\u015blenie i pisanie obrazowe.<\/li>\n<li>Uczysz si\u0119 jak czerpa\u0107 z natury jako tw\u00f3rca i cz\u0142owiek.<\/li>\n<li>Zyskujesz uwa\u017cno\u015b\u0107 na to, co wcze\u015bniej umyka\u0142o.<\/li>\n<li>Odpoczywasz. Poznajesz nowy spos\u00f3b odpoczywania w ka\u017cdej chwili i w ka\u017cdym miejscu.<\/li>\n<li>Dbasz o swoj\u0105 autentyczno\u015b\u0107\u00a0 poprzez opowiadanie \u015bwiata swoimi s\u0142owami.<\/li>\n<li>Uczysz si\u0119, w jaki spos\u00f3b uwolni\u0107 si\u0119 od p\u0119dz\u0105cego \u015bwiata i delektowa\u0107 si\u0119 \u017cyciem.<\/li>\n<\/ul>\n<h4>Ten kurs jest pierwszym krokiem, kt\u00f3ra stanowi pocz\u0105tek niezwyk\u0142ej podr\u00f3\u017cy.<br \/>\nJest dla Ciebie, kiedy:<\/h4>\n<ol>\n<li>chcesz pisa\u0107, ale nie wiesz od czego zacz\u0105\u0107 i jak kontynuowa\u0107,<\/li>\n<li>potrzebujesz wytchnienia, zatrzymania, spokoju,<\/li>\n<li>szukasz sposobu na medytacj\u0119 i prost\u0105 praktyk\u0119 wyciszenia, kt\u00f3ra mo\u017cesz stosowa\u0107 niezale\u017cnie od umiej\u0119tno\u015bci i zasob\u00f3w czasowych,<\/li>\n<li>potrzebujesz doskonali\u0107 sw\u00f3j warsztat pisarski szczeg\u00f3lnie w zakresie precyzji j\u0119zyka i pomijania zb\u0119dnych tre\u015bci,<\/li>\n<li>marzysz o tym, aby wr\u00f3ci\u0107 do pisania i poczu\u0107 rado\u015b\u0107 tworzenia,<\/li>\n<li>masz blokad\u0119 tw\u00f3rcz\u0105,<\/li>\n<li>wygl\u0105dasz inspiracji, kt\u00f3ra poruszy Twoje serce,<\/li>\n<li>interesujesz si\u0119 <em>slow life<\/em> i chcesz praktykowa\u0107 filozofi\u0119 slow.<\/li>\n<\/ol>\n<p>&nbsp;<\/p>\n<h4>Po tym kursie zyskujesz wiedz\u0119 i umiej\u0119tno\u015bci w 3 obszarach:<\/h4>\n<p><span style=\"color: #0000ff;\">Pisarskim.<\/span> Zyskasz inspiracj\u0119 do tworzenia. Doskonalisz warsztat pisarski. Umiesz pisa\u0107 haiku.<\/p>\n<p><span style=\"color: #0000ff;\">Mentalnym.<\/span> Poznajesz nowy spos\u00f3b medytacji. Wyciszasz si\u0119. Odbudowujesz relacje natur\u0105.<\/p>\n<p><span style=\"color: #0000ff;\">Komunikacyjnym.<\/span> Praktykujesz intrakomunikacj\u0119, czyli rozmow\u0119 ze sob\u0105. Ten dialog sprawia, \u017ce jeste\u015b wierny sobie.<\/p>\n<p>&nbsp;<\/p>\n<h4><strong>Kurs sk\u0142ada si\u0119 z III modu\u0142\u00f3w<\/strong><\/h4>\n<p>Modu\u0142. Praktyka pisarska, kt\u00f3ra skupia si\u0119 na autentycznym pisaniu.<\/p>\n<p>Modu\u0142.\u00a0 Forma haiku &#8211; prostota i sekrety.\u00a0 Rzemios\u0142o jego tworzenia i doskonalenie si\u0119 w s\u0142owie.<\/p>\n<p>Modu\u0142. Neuronauka &#8211; oddzia\u0142ywanie haiku na m\u00f3zg.<\/p>\n<p>.<\/p>\n<h5>Co otrzymujesz:<\/h5>\n<p>&#8211; intensywny kurs, na kt\u00f3rym dowiesz si\u0119, jak tworzy\u0107 haiku,<\/p>\n<p>&#8211; materia\u0142y pi\u015bmiennicze,<\/p>\n<p>&#8211; handout ( materia\u0142y kursowe),<\/p>\n<p>&#8211; tomik poezji \u015awietliki noc\u0105 2026 (otrzymasz do ko\u0144ca sierpnia),<\/p>\n<p>&#8211; pocz\u0119stunek: kawa, herbata, woda i przysmaki,<\/p>\n<p>&#8211; certyfikat<\/p>\n<p>*Certyfikat uprawnia Ci\u0119 do korzystania z kolejnych kurs\u00f3w z pisania w duchu zen i haiku oraz daje mo\u017cliwo\u015b\u0107 udzia\u0142u w kolejnym projekcie \u015awietliki noc\u0105.<\/p>\n<h5><span style=\"color: #0000ff;\"><strong>Ten kurs jest stacjonarny<\/strong> i odbywa si\u0119 w Bydgoszczy. <\/span><\/h5>\n<h5><span style=\"color: #0000ff;\">Je\u015bli potrzebujesz kursu on-line, znajdziesz go tutaj:<\/span><\/h5>\n<div class=\"video-container\">\n<blockquote class=\"wp-embedded-content\" data-secret=\"M03WdBFMdg\"><p><a href=\"https:\/\/justynaniebieszczanska.com\/produkt\/kurs-pisania-haiku-dla-poczatkujacych\/\">Kurs pisania haiku dla pocz\u0105tkuj\u0105cych.<\/a><\/p><\/blockquote>\n<p><iframe loading=\"lazy\" class=\"wp-embedded-content\" sandbox=\"allow-scripts\" security=\"restricted\" style=\"position: absolute; visibility: hidden;\" title=\"&#8222;Kurs pisania haiku dla pocz\u0105tkuj\u0105cych.&#8221; &#8212; Justyna Niebieszcza\u0144ska\" src=\"https:\/\/justynaniebieszczanska.com\/produkt\/kurs-pisania-haiku-dla-poczatkujacych\/embed\/#?secret=NQxpYh8jQi#?secret=M03WdBFMdg\" data-secret=\"M03WdBFMdg\" width=\"500\" height=\"282\" frameborder=\"0\" marginwidth=\"0\" marginheight=\"0\" scrolling=\"no\"><\/iframe><\/div>\n<h4>Prowadz\u0105ca: Justyna Niebieszcza\u0144ska<\/h4>\n<figure id=\"attachment_4816\" aria-describedby=\"caption-attachment-4816\" style=\"width: 300px\" class=\"wp-caption alignleft\"><img loading=\"lazy\" decoding=\"async\" class=\"wp-image-4816 size-medium\" src=\"https:\/\/justynaniebieszczanska.com\/wp-content\/uploads\/2024\/11\/IMG_4735_1fb-300x200.jpg\" alt=\"\" width=\"300\" height=\"200\" srcset=\"https:\/\/justynaniebieszczanska.com\/wp-content\/uploads\/2024\/11\/IMG_4735_1fb-300x200.jpg 300w, https:\/\/justynaniebieszczanska.com\/wp-content\/uploads\/2024\/11\/IMG_4735_1fb-1024x683.jpg 1024w, https:\/\/justynaniebieszczanska.com\/wp-content\/uploads\/2024\/11\/IMG_4735_1fb-768x512.jpg 768w, https:\/\/justynaniebieszczanska.com\/wp-content\/uploads\/2024\/11\/IMG_4735_1fb-1536x1024.jpg 1536w, https:\/\/justynaniebieszczanska.com\/wp-content\/uploads\/2024\/11\/IMG_4735_1fb-1320x880.jpg 1320w, https:\/\/justynaniebieszczanska.com\/wp-content\/uploads\/2024\/11\/IMG_4735_1fb-600x400.jpg 600w, https:\/\/justynaniebieszczanska.com\/wp-content\/uploads\/2024\/11\/IMG_4735_1fb.jpg 2000w\" sizes=\"auto, (max-width: 300px) 100vw, 300px\" \/><figcaption id=\"caption-attachment-4816\" class=\"wp-caption-text\">Fot. M.Bu\u0144kowska<\/figcaption><\/figure>\n<p>Od 2015 roku ucz\u0119, wed\u0142ug swojej autorskiej metodologii, jak wykorzystywa\u0107 kreatywne pisanie w \u017cyciu zawodowym i prywatnym. Wyk\u0142adam w j\u0119zyku polskim i angielskim skupiaj\u0105c si\u0119 na zagadnieniach zwi\u0105zanych z komunikacj\u0105 i pisaniem. Proponuj\u0105c pisanie w wierno\u015bci sobie wykorzystuj\u0119 wiedze i do\u015bwiadczenie filologiczne, biznesowe i z zakresu Public relations.<\/p>\n<p>Prowadz\u0119 warsztaty pisarskie w duchu zen, kt\u00f3re czerpi\u0105 z bogactwa japo\u0144skiej poezji. Skupiam wok\u00f3\u0142 siebie osoby, kt\u00f3re chc\u0105 i\u015b\u0107 przez \u017cycie zauwa\u017caj\u0105c i doceniaj\u0105c to, co w nas i wok\u00f3\u0142 nas. W 2018 roku pierwszy raz wykorzysta\u0142am haiku podczas kurs kreatywnego pisania. W 2021 roku, w czasie pandemii, poszukiwa\u0142am sensownego i pi\u0119knego \u017cycia, i powr\u00f3ci\u0142am do poezji japo\u0144skiej proponuj\u0105c <em>Webinary dla pi\u0119knych umys\u0142\u00f3w<\/em>. Od tego czasu odby\u0142o si\u0119 kilka kurs\u00f3w on-line i stacjonarnych.<\/p>\n<p>Powsta\u0142\u0105 te\u017c wsp\u00f3lnota \u2013 japo\u0144ska wioska, kt\u00f3ra w \u00a02022 roku wyda\u0142a pierwszy tomik wierszy \u201e\u015awietliki Noc\u0105\u201d. Kolejne powsta\u0142y w 2023 roku i 2024. W nich znalaz\u0142y si\u0119 wiersze haiku, haibun, senryu. W 2026 roku pracujemy nad kolejnym tomikiem, bo w haiku mo\u017cna si\u0119 zakocha\u0107 na ca\u0142e \u017cycie.<\/p>\n<p><strong>Kontakt<\/strong><\/p>\n<p>j.niebieszczanska@gmail.com<\/p>\n<p>Instagram: <a href=\"https:\/\/www.instagram.com\/niebieszczanskajustyna\">@niebieszczanskajustyna<\/a><\/p>\n<p>FB: <a href=\"https:\/\/www.facebook.com\/Niebieszczanska\">Niebieszczanska<\/a><\/p>\n<p>&nbsp;<\/p>\n<p>&nbsp;<\/p>\n<p>&nbsp;<\/p>\n<p>&nbsp;<\/p>\n<p>&nbsp;<\/p>\n<p>&nbsp;<\/p>\n","protected":false},"excerpt":{"rendered":"<p>Kurs pisania haiku w Bydgoszczy.<\/p>\n<p>Rzemios\u0142o pisarskie. Trening mentalny. Czysta przyjemno\u015b\u0107 tworzenia.<\/p>\n","protected":false},"featured_media":3971,"comment_status":"closed","ping_status":"closed","template":"","meta":{"_acf_changed":false},"product_brand":[],"product_cat":[1194],"product_tag":[1213,1215,1214,1243,1239,1229,1233,1230],"class_list":{"0":"post-4047","1":"product","2":"type-product","3":"status-publish","4":"has-post-thumbnail","5":"","6":"product_cat-uncategorized","7":"product_tag-haiku","8":"product_tag-kreatywnepisanie","9":"product_tag-kurshaiku","10":"product_tag-medytacja-pisarska","11":"product_tag-natura","12":"product_tag-nauka-pisania","13":"product_tag-pisanie-poezji","14":"product_tag-rozwoj-pisarski","16":"first","17":"instock","18":"sale","19":"downloadable","20":"shipping-taxable","21":"purchasable","22":"product-type-simple"},"acf":[],"yoast_head":"<!-- This site is optimized with the Yoast SEO plugin v27.2 - https:\/\/yoast.com\/product\/yoast-seo-wordpress\/ -->\n<title>Znale\u017a\u0107 tylko swoje miejsce. Kurs pisania haiku - Justyna Niebieszcza\u0144ska<\/title>\n<meta name=\"robots\" content=\"index, follow, max-snippet:-1, max-image-preview:large, max-video-preview:-1\" \/>\n<link rel=\"canonical\" href=\"https:\/\/justynaniebieszczanska.com\/en\/product\/znalezc-swoje-miejsce\/\" \/>\n<meta property=\"og:locale\" content=\"en_US\" \/>\n<meta property=\"og:type\" content=\"article\" \/>\n<meta property=\"og:title\" content=\"Znale\u017a\u0107 tylko swoje miejsce. Kurs pisania haiku - Justyna Niebieszcza\u0144ska\" \/>\n<meta property=\"og:description\" content=\"Kurs pisania haiku w Bydgoszczy.  Rzemios\u0142o pisarskie. Trening mentalny. Czysta przyjemno\u015b\u0107 tworzenia.\" \/>\n<meta property=\"og:url\" content=\"https:\/\/justynaniebieszczanska.com\/en\/product\/znalezc-swoje-miejsce\/\" \/>\n<meta property=\"og:site_name\" content=\"Justyna Niebieszcza\u0144ska\" \/>\n<meta property=\"article:publisher\" content=\"https:\/\/www.facebook.com\/Niebieszczanska\" \/>\n<meta property=\"article:modified_time\" content=\"2026-04-10T13:09:41+00:00\" \/>\n<meta property=\"og:image\" content=\"https:\/\/justynaniebieszczanska.com\/wp-content\/uploads\/2024\/03\/IMG_4781fb.jpg\" \/>\n\t<meta property=\"og:image:width\" content=\"2000\" \/>\n\t<meta property=\"og:image:height\" content=\"1333\" \/>\n\t<meta property=\"og:image:type\" content=\"image\/jpeg\" \/>\n<meta name=\"twitter:card\" content=\"summary_large_image\" \/>\n<meta name=\"twitter:label1\" content=\"Est. reading time\" \/>\n\t<meta name=\"twitter:data1\" content=\"4 minutes\" \/>\n<script type=\"application\/ld+json\" class=\"yoast-schema-graph\">{\"@context\":\"https:\/\/schema.org\",\"@graph\":[{\"@type\":\"WebPage\",\"@id\":\"https:\/\/justynaniebieszczanska.com\/en\/product\/znalezc-swoje-miejsce\/\",\"url\":\"https:\/\/justynaniebieszczanska.com\/en\/product\/znalezc-swoje-miejsce\/\",\"name\":\"Znale\u017a\u0107 tylko swoje miejsce. Kurs pisania haiku - Justyna Niebieszcza\u0144ska\",\"isPartOf\":{\"@id\":\"https:\/\/justynaniebieszczanska.com\/en\/#website\"},\"primaryImageOfPage\":{\"@id\":\"https:\/\/justynaniebieszczanska.com\/en\/product\/znalezc-swoje-miejsce\/#primaryimage\"},\"image\":{\"@id\":\"https:\/\/justynaniebieszczanska.com\/en\/product\/znalezc-swoje-miejsce\/#primaryimage\"},\"thumbnailUrl\":\"https:\/\/justynaniebieszczanska.com\/wp-content\/uploads\/2024\/03\/IMG_4781fb.jpg\",\"datePublished\":\"2024-11-14T07:56:40+00:00\",\"dateModified\":\"2026-04-10T13:09:41+00:00\",\"breadcrumb\":{\"@id\":\"https:\/\/justynaniebieszczanska.com\/en\/product\/znalezc-swoje-miejsce\/#breadcrumb\"},\"inLanguage\":\"en-US\",\"potentialAction\":[{\"@type\":\"ReadAction\",\"target\":[\"https:\/\/justynaniebieszczanska.com\/en\/product\/znalezc-swoje-miejsce\/\"]}]},{\"@type\":\"ImageObject\",\"inLanguage\":\"en-US\",\"@id\":\"https:\/\/justynaniebieszczanska.com\/en\/product\/znalezc-swoje-miejsce\/#primaryimage\",\"url\":\"https:\/\/justynaniebieszczanska.com\/wp-content\/uploads\/2024\/03\/IMG_4781fb.jpg\",\"contentUrl\":\"https:\/\/justynaniebieszczanska.com\/wp-content\/uploads\/2024\/03\/IMG_4781fb.jpg\",\"width\":2000,\"height\":1333},{\"@type\":\"BreadcrumbList\",\"@id\":\"https:\/\/justynaniebieszczanska.com\/en\/product\/znalezc-swoje-miejsce\/#breadcrumb\",\"itemListElement\":[{\"@type\":\"ListItem\",\"position\":1,\"name\":\"Home\",\"item\":\"https:\/\/justynaniebieszczanska.com\/en\/\"},{\"@type\":\"ListItem\",\"position\":2,\"name\":\"Znale\u017a\u0107 tylko swoje miejsce. Kurs pisania haiku\"}]},{\"@type\":\"WebSite\",\"@id\":\"https:\/\/justynaniebieszczanska.com\/en\/#website\",\"url\":\"https:\/\/justynaniebieszczanska.com\/en\/\",\"name\":\"Justyna Niebieszcza\u0144ska\",\"description\":\"Przerzuc\u0119 most, po kt\u00f3rym przejdziesz...\",\"potentialAction\":[{\"@type\":\"SearchAction\",\"target\":{\"@type\":\"EntryPoint\",\"urlTemplate\":\"https:\/\/justynaniebieszczanska.com\/en\/?s={search_term_string}\"},\"query-input\":{\"@type\":\"PropertyValueSpecification\",\"valueRequired\":true,\"valueName\":\"search_term_string\"}}],\"inLanguage\":\"en-US\"}]}<\/script>\n<!-- \/ Yoast SEO plugin. -->","yoast_head_json":{"title":"Znale\u017a\u0107 tylko swoje miejsce. Kurs pisania haiku - Justyna Niebieszcza\u0144ska","robots":{"index":"index","follow":"follow","max-snippet":"max-snippet:-1","max-image-preview":"max-image-preview:large","max-video-preview":"max-video-preview:-1"},"canonical":"https:\/\/justynaniebieszczanska.com\/en\/product\/znalezc-swoje-miejsce\/","og_locale":"en_US","og_type":"article","og_title":"Znale\u017a\u0107 tylko swoje miejsce. Kurs pisania haiku - Justyna Niebieszcza\u0144ska","og_description":"Kurs pisania haiku w Bydgoszczy.  Rzemios\u0142o pisarskie. Trening mentalny. Czysta przyjemno\u015b\u0107 tworzenia.","og_url":"https:\/\/justynaniebieszczanska.com\/en\/product\/znalezc-swoje-miejsce\/","og_site_name":"Justyna Niebieszcza\u0144ska","article_publisher":"https:\/\/www.facebook.com\/Niebieszczanska","article_modified_time":"2026-04-10T13:09:41+00:00","og_image":[{"width":2000,"height":1333,"url":"https:\/\/justynaniebieszczanska.com\/wp-content\/uploads\/2024\/03\/IMG_4781fb.jpg","type":"image\/jpeg"}],"twitter_card":"summary_large_image","twitter_misc":{"Est. reading time":"4 minutes"},"schema":{"@context":"https:\/\/schema.org","@graph":[{"@type":"WebPage","@id":"https:\/\/justynaniebieszczanska.com\/en\/product\/znalezc-swoje-miejsce\/","url":"https:\/\/justynaniebieszczanska.com\/en\/product\/znalezc-swoje-miejsce\/","name":"Znale\u017a\u0107 tylko swoje miejsce. Kurs pisania haiku - Justyna Niebieszcza\u0144ska","isPartOf":{"@id":"https:\/\/justynaniebieszczanska.com\/en\/#website"},"primaryImageOfPage":{"@id":"https:\/\/justynaniebieszczanska.com\/en\/product\/znalezc-swoje-miejsce\/#primaryimage"},"image":{"@id":"https:\/\/justynaniebieszczanska.com\/en\/product\/znalezc-swoje-miejsce\/#primaryimage"},"thumbnailUrl":"https:\/\/justynaniebieszczanska.com\/wp-content\/uploads\/2024\/03\/IMG_4781fb.jpg","datePublished":"2024-11-14T07:56:40+00:00","dateModified":"2026-04-10T13:09:41+00:00","breadcrumb":{"@id":"https:\/\/justynaniebieszczanska.com\/en\/product\/znalezc-swoje-miejsce\/#breadcrumb"},"inLanguage":"en-US","potentialAction":[{"@type":"ReadAction","target":["https:\/\/justynaniebieszczanska.com\/en\/product\/znalezc-swoje-miejsce\/"]}]},{"@type":"ImageObject","inLanguage":"en-US","@id":"https:\/\/justynaniebieszczanska.com\/en\/product\/znalezc-swoje-miejsce\/#primaryimage","url":"https:\/\/justynaniebieszczanska.com\/wp-content\/uploads\/2024\/03\/IMG_4781fb.jpg","contentUrl":"https:\/\/justynaniebieszczanska.com\/wp-content\/uploads\/2024\/03\/IMG_4781fb.jpg","width":2000,"height":1333},{"@type":"BreadcrumbList","@id":"https:\/\/justynaniebieszczanska.com\/en\/product\/znalezc-swoje-miejsce\/#breadcrumb","itemListElement":[{"@type":"ListItem","position":1,"name":"Home","item":"https:\/\/justynaniebieszczanska.com\/en\/"},{"@type":"ListItem","position":2,"name":"Znale\u017a\u0107 tylko swoje miejsce. Kurs pisania haiku"}]},{"@type":"WebSite","@id":"https:\/\/justynaniebieszczanska.com\/en\/#website","url":"https:\/\/justynaniebieszczanska.com\/en\/","name":"Justyna Niebieszcza\u0144ska","description":"Przerzuc\u0119 most, po kt\u00f3rym przejdziesz...","potentialAction":[{"@type":"SearchAction","target":{"@type":"EntryPoint","urlTemplate":"https:\/\/justynaniebieszczanska.com\/en\/?s={search_term_string}"},"query-input":{"@type":"PropertyValueSpecification","valueRequired":true,"valueName":"search_term_string"}}],"inLanguage":"en-US"}]}},"_links":{"self":[{"href":"https:\/\/justynaniebieszczanska.com\/en\/wp-json\/wp\/v2\/product\/4047","targetHints":{"allow":["GET"]}}],"collection":[{"href":"https:\/\/justynaniebieszczanska.com\/en\/wp-json\/wp\/v2\/product"}],"about":[{"href":"https:\/\/justynaniebieszczanska.com\/en\/wp-json\/wp\/v2\/types\/product"}],"replies":[{"embeddable":true,"href":"https:\/\/justynaniebieszczanska.com\/en\/wp-json\/wp\/v2\/comments?post=4047"}],"wp:featuredmedia":[{"embeddable":true,"href":"https:\/\/justynaniebieszczanska.com\/en\/wp-json\/wp\/v2\/media\/3971"}],"wp:attachment":[{"href":"https:\/\/justynaniebieszczanska.com\/en\/wp-json\/wp\/v2\/media?parent=4047"}],"wp:term":[{"taxonomy":"product_brand","embeddable":true,"href":"https:\/\/justynaniebieszczanska.com\/en\/wp-json\/wp\/v2\/product_brand?post=4047"},{"taxonomy":"product_cat","embeddable":true,"href":"https:\/\/justynaniebieszczanska.com\/en\/wp-json\/wp\/v2\/product_cat?post=4047"},{"taxonomy":"product_tag","embeddable":true,"href":"https:\/\/justynaniebieszczanska.com\/en\/wp-json\/wp\/v2\/product_tag?post=4047"}],"curies":[{"name":"wp","href":"https:\/\/api.w.org\/{rel}","templated":true}]}}