{"id":3963,"date":"2024-03-13T11:14:20","date_gmt":"2024-03-13T11:14:20","guid":{"rendered":"http:\/\/justynaniebieszczanska.com\/?post_type=product&#038;p=3963"},"modified":"2025-03-25T18:06:42","modified_gmt":"2025-03-25T18:06:42","slug":"email-business-writing","status":"publish","type":"product","link":"https:\/\/justynaniebieszczanska.com\/en\/product\/email-business-writing\/","title":{"rendered":"Email Business Writing"},"content":{"rendered":"<h4>What will you learn?<\/h4>\n<p>You will learn how to use a military precision in your emails to achieve clear understanding. I will show you how to achieve great communication results following H2H approach \u00a0and using your unique personal skills.<\/p>\n<h4>This offer consists of:<\/h4>\n<p>Intro session is focus on you and your needs and goals which you would like to achive during the session<\/p>\n<p>1<sup>st<\/sup> session is focused on your email writing ( strengths and weaknesses)<\/p>\n<p>2<sup>nd<\/sup> session is about how to write with a military precision<\/p>\n<p>3<sup>rd<\/sup> session is about advantages of H2H approach<\/p>\n<p>&nbsp;<\/p>\n<p>How you write matters in business a lot. From my experience it is even crucial skill for managers, leaders and entrepreneurs. In fact, it is more important than ever because of 3 facts:<\/p>\n<p>Emails have a powerful business tool \u2013 how to master them?<\/p>\n<p>Digital communication,\u00a0 like communicators, are new challenges \u2013 how to use them effectively?<\/p>\n<p>Most business activity is about writing \u2013 how to use this fact the best?<\/p>\n<p>More about the importance of emailing in business in this article: https:\/\/justynaniebieszczanska.com\/en\/writing-e-mails-is-the-art-of-communication-in-the-21st-century-have-you-mastered-it-part-1\/<\/p>\n<p>I\u2019m a philologist and a communications specialist with much experience in international business. Areas of specialization are :<\/p>\n<ul>\n<li>professional business writing,<\/li>\n<li>NVC communication\/negotiations in business<\/li>\n<li>copywriting in business<\/li>\n<li>creative writing for business and life purposes<\/li>\n<\/ul>\n<p>Improving\u00a0your writing skills is essential for successful communication and these sessions\u00a0 deliver effective learning experiences.<\/p>\n<p>Contact: j.niebieszczanska@gmail.com<\/p>\n","protected":false},"excerpt":{"rendered":"<p>Learn how to write<\/p>\n<p>emails with precision and \u00a0<em>a human-centered approach<\/em><\/p>\n<p><em>3 online sessions<\/em><\/p>\n","protected":false},"featured_media":3964,"comment_status":"closed","ping_status":"closed","template":"","meta":{"_acf_changed":false},"product_brand":[],"product_cat":[1194],"product_tag":[1216,1218,1217,1219],"class_list":{"0":"post-3963","1":"product","2":"type-product","3":"status-publish","4":"has-post-thumbnail","5":"","6":"product_cat-uncategorized","7":"product_tag-business-english","8":"product_tag-business-writing","9":"product_tag-professional-writing","10":"product_tag-rmailwriting","12":"first","13":"instock","14":"virtual","15":"purchasable","16":"product-type-simple"},"acf":[],"yoast_head":"<!-- This site is optimized with the Yoast SEO plugin v27.2 - https:\/\/yoast.com\/product\/yoast-seo-wordpress\/ -->\n<title>Email Business Writing - Justyna Niebieszcza\u0144ska<\/title>\n<meta name=\"robots\" content=\"index, follow, max-snippet:-1, max-image-preview:large, max-video-preview:-1\" \/>\n<link rel=\"canonical\" href=\"https:\/\/justynaniebieszczanska.com\/en\/product\/email-business-writing\/\" \/>\n<meta property=\"og:locale\" content=\"en_US\" \/>\n<meta property=\"og:type\" content=\"article\" \/>\n<meta property=\"og:title\" content=\"Email Business Writing - Justyna Niebieszcza\u0144ska\" \/>\n<meta property=\"og:description\" content=\"Learn how to write  emails with precision and \u00a0a human-centered approach  3 online sessions\" \/>\n<meta property=\"og:url\" content=\"https:\/\/justynaniebieszczanska.com\/en\/product\/email-business-writing\/\" \/>\n<meta property=\"og:site_name\" content=\"Justyna Niebieszcza\u0144ska\" \/>\n<meta property=\"article:publisher\" content=\"https:\/\/www.facebook.com\/Niebieszczanska\" \/>\n<meta property=\"article:modified_time\" content=\"2025-03-25T18:06:42+00:00\" \/>\n<meta property=\"og:image\" content=\"https:\/\/justynaniebieszczanska.com\/wp-content\/uploads\/2024\/03\/Business-writing-1.png\" \/>\n\t<meta property=\"og:image:width\" content=\"1080\" \/>\n\t<meta property=\"og:image:height\" content=\"1080\" \/>\n\t<meta property=\"og:image:type\" content=\"image\/png\" \/>\n<meta name=\"twitter:card\" content=\"summary_large_image\" \/>\n<meta name=\"twitter:label1\" content=\"Est. reading time\" \/>\n\t<meta name=\"twitter:data1\" content=\"2 minutes\" \/>\n<script type=\"application\/ld+json\" class=\"yoast-schema-graph\">{\"@context\":\"https:\/\/schema.org\",\"@graph\":[{\"@type\":\"WebPage\",\"@id\":\"https:\/\/justynaniebieszczanska.com\/en\/product\/email-business-writing\/\",\"url\":\"https:\/\/justynaniebieszczanska.com\/en\/product\/email-business-writing\/\",\"name\":\"Email Business Writing - Justyna Niebieszcza\u0144ska\",\"isPartOf\":{\"@id\":\"https:\/\/justynaniebieszczanska.com\/en\/#website\"},\"primaryImageOfPage\":{\"@id\":\"https:\/\/justynaniebieszczanska.com\/en\/product\/email-business-writing\/#primaryimage\"},\"image\":{\"@id\":\"https:\/\/justynaniebieszczanska.com\/en\/product\/email-business-writing\/#primaryimage\"},\"thumbnailUrl\":\"https:\/\/justynaniebieszczanska.com\/wp-content\/uploads\/2024\/03\/Business-writing-1.png\",\"datePublished\":\"2024-03-13T11:14:20+00:00\",\"dateModified\":\"2025-03-25T18:06:42+00:00\",\"breadcrumb\":{\"@id\":\"https:\/\/justynaniebieszczanska.com\/en\/product\/email-business-writing\/#breadcrumb\"},\"inLanguage\":\"en-US\",\"potentialAction\":[{\"@type\":\"ReadAction\",\"target\":[\"https:\/\/justynaniebieszczanska.com\/en\/product\/email-business-writing\/\"]}]},{\"@type\":\"ImageObject\",\"inLanguage\":\"en-US\",\"@id\":\"https:\/\/justynaniebieszczanska.com\/en\/product\/email-business-writing\/#primaryimage\",\"url\":\"https:\/\/justynaniebieszczanska.com\/wp-content\/uploads\/2024\/03\/Business-writing-1.png\",\"contentUrl\":\"https:\/\/justynaniebieszczanska.com\/wp-content\/uploads\/2024\/03\/Business-writing-1.png\",\"width\":1080,\"height\":1080},{\"@type\":\"BreadcrumbList\",\"@id\":\"https:\/\/justynaniebieszczanska.com\/en\/product\/email-business-writing\/#breadcrumb\",\"itemListElement\":[{\"@type\":\"ListItem\",\"position\":1,\"name\":\"Home\",\"item\":\"https:\/\/justynaniebieszczanska.com\/en\/\"},{\"@type\":\"ListItem\",\"position\":2,\"name\":\"Email Business Writing\"}]},{\"@type\":\"WebSite\",\"@id\":\"https:\/\/justynaniebieszczanska.com\/en\/#website\",\"url\":\"https:\/\/justynaniebieszczanska.com\/en\/\",\"name\":\"Justyna Niebieszcza\u0144ska\",\"description\":\"Przerzuc\u0119 most, po kt\u00f3rym przejdziesz...\",\"potentialAction\":[{\"@type\":\"SearchAction\",\"target\":{\"@type\":\"EntryPoint\",\"urlTemplate\":\"https:\/\/justynaniebieszczanska.com\/en\/?s={search_term_string}\"},\"query-input\":{\"@type\":\"PropertyValueSpecification\",\"valueRequired\":true,\"valueName\":\"search_term_string\"}}],\"inLanguage\":\"en-US\"}]}<\/script>\n<!-- \/ Yoast SEO plugin. -->","yoast_head_json":{"title":"Email Business Writing - Justyna Niebieszcza\u0144ska","robots":{"index":"index","follow":"follow","max-snippet":"max-snippet:-1","max-image-preview":"max-image-preview:large","max-video-preview":"max-video-preview:-1"},"canonical":"https:\/\/justynaniebieszczanska.com\/en\/product\/email-business-writing\/","og_locale":"en_US","og_type":"article","og_title":"Email Business Writing - Justyna Niebieszcza\u0144ska","og_description":"Learn how to write  emails with precision and \u00a0a human-centered approach  3 online sessions","og_url":"https:\/\/justynaniebieszczanska.com\/en\/product\/email-business-writing\/","og_site_name":"Justyna Niebieszcza\u0144ska","article_publisher":"https:\/\/www.facebook.com\/Niebieszczanska","article_modified_time":"2025-03-25T18:06:42+00:00","og_image":[{"width":1080,"height":1080,"url":"https:\/\/justynaniebieszczanska.com\/wp-content\/uploads\/2024\/03\/Business-writing-1.png","type":"image\/png"}],"twitter_card":"summary_large_image","twitter_misc":{"Est. reading time":"2 minutes"},"schema":{"@context":"https:\/\/schema.org","@graph":[{"@type":"WebPage","@id":"https:\/\/justynaniebieszczanska.com\/en\/product\/email-business-writing\/","url":"https:\/\/justynaniebieszczanska.com\/en\/product\/email-business-writing\/","name":"Email Business Writing - Justyna Niebieszcza\u0144ska","isPartOf":{"@id":"https:\/\/justynaniebieszczanska.com\/en\/#website"},"primaryImageOfPage":{"@id":"https:\/\/justynaniebieszczanska.com\/en\/product\/email-business-writing\/#primaryimage"},"image":{"@id":"https:\/\/justynaniebieszczanska.com\/en\/product\/email-business-writing\/#primaryimage"},"thumbnailUrl":"https:\/\/justynaniebieszczanska.com\/wp-content\/uploads\/2024\/03\/Business-writing-1.png","datePublished":"2024-03-13T11:14:20+00:00","dateModified":"2025-03-25T18:06:42+00:00","breadcrumb":{"@id":"https:\/\/justynaniebieszczanska.com\/en\/product\/email-business-writing\/#breadcrumb"},"inLanguage":"en-US","potentialAction":[{"@type":"ReadAction","target":["https:\/\/justynaniebieszczanska.com\/en\/product\/email-business-writing\/"]}]},{"@type":"ImageObject","inLanguage":"en-US","@id":"https:\/\/justynaniebieszczanska.com\/en\/product\/email-business-writing\/#primaryimage","url":"https:\/\/justynaniebieszczanska.com\/wp-content\/uploads\/2024\/03\/Business-writing-1.png","contentUrl":"https:\/\/justynaniebieszczanska.com\/wp-content\/uploads\/2024\/03\/Business-writing-1.png","width":1080,"height":1080},{"@type":"BreadcrumbList","@id":"https:\/\/justynaniebieszczanska.com\/en\/product\/email-business-writing\/#breadcrumb","itemListElement":[{"@type":"ListItem","position":1,"name":"Home","item":"https:\/\/justynaniebieszczanska.com\/en\/"},{"@type":"ListItem","position":2,"name":"Email Business Writing"}]},{"@type":"WebSite","@id":"https:\/\/justynaniebieszczanska.com\/en\/#website","url":"https:\/\/justynaniebieszczanska.com\/en\/","name":"Justyna Niebieszcza\u0144ska","description":"Przerzuc\u0119 most, po kt\u00f3rym przejdziesz...","potentialAction":[{"@type":"SearchAction","target":{"@type":"EntryPoint","urlTemplate":"https:\/\/justynaniebieszczanska.com\/en\/?s={search_term_string}"},"query-input":{"@type":"PropertyValueSpecification","valueRequired":true,"valueName":"search_term_string"}}],"inLanguage":"en-US"}]}},"_links":{"self":[{"href":"https:\/\/justynaniebieszczanska.com\/en\/wp-json\/wp\/v2\/product\/3963","targetHints":{"allow":["GET"]}}],"collection":[{"href":"https:\/\/justynaniebieszczanska.com\/en\/wp-json\/wp\/v2\/product"}],"about":[{"href":"https:\/\/justynaniebieszczanska.com\/en\/wp-json\/wp\/v2\/types\/product"}],"replies":[{"embeddable":true,"href":"https:\/\/justynaniebieszczanska.com\/en\/wp-json\/wp\/v2\/comments?post=3963"}],"wp:featuredmedia":[{"embeddable":true,"href":"https:\/\/justynaniebieszczanska.com\/en\/wp-json\/wp\/v2\/media\/3964"}],"wp:attachment":[{"href":"https:\/\/justynaniebieszczanska.com\/en\/wp-json\/wp\/v2\/media?parent=3963"}],"wp:term":[{"taxonomy":"product_brand","embeddable":true,"href":"https:\/\/justynaniebieszczanska.com\/en\/wp-json\/wp\/v2\/product_brand?post=3963"},{"taxonomy":"product_cat","embeddable":true,"href":"https:\/\/justynaniebieszczanska.com\/en\/wp-json\/wp\/v2\/product_cat?post=3963"},{"taxonomy":"product_tag","embeddable":true,"href":"https:\/\/justynaniebieszczanska.com\/en\/wp-json\/wp\/v2\/product_tag?post=3963"}],"curies":[{"name":"wp","href":"https:\/\/api.w.org\/{rel}","templated":true}]}}