{"id":3922,"date":"2023-03-24T09:56:54","date_gmt":"2023-03-24T09:56:54","guid":{"rendered":"http:\/\/justynaniebieszczanska.com\/?post_type=product&#038;p=3922"},"modified":"2024-03-14T07:57:55","modified_gmt":"2024-03-14T07:57:55","slug":"trzy-klamstwa-na-temat-pisania","status":"publish","type":"product","link":"https:\/\/justynaniebieszczanska.com\/en\/product\/trzy-klamstwa-na-temat-pisania\/","title":{"rendered":"Trzy k\u0142amstwa na temat pisania"},"content":{"rendered":"<p>Ten ebook m\u00f3wi wprost o k\u0142amstwach, kt\u00f3re maj\u0105 negatywny wp\u0142yw na pisanie. O k\u0142amstwach, kt\u00f3rych si\u0142\u0119 umacnia system edukacji, przekonania nauczycieli, schematy, kt\u00f3re uznajemy za s\u0142uszne. Sama ich \u015bwiadomo\u015b\u0107 zmienia percepcj\u0119 i jest krokiem\u00a0 ku nie tylko efektywnemu pisaniu, ale i czerpaniu z niego rado\u015bci.<\/p>\n<p>Ebook przedstawia zupe\u0142nie inne podej\u015bcie do pisania stosowane przez Justyn\u0119 Niebieszcza\u0144sk\u0105, nauczyciela kreatywnego pisania, kt\u00f3ra stawia na inne \u015bcie\u017cki rozwoju pisarskiego i rozwoju poprzez pisanie ni\u017c te szeroko stosowane\u00a0 i uznawane za najlepsze.<\/p>\n<p>Ten ebook sprawi, \u017ce przestaniesz wali\u0107 g\u0142ow\u0105 w mur i zobaczysz zupe\u0142nie inne drogi do osi\u0105gni\u0119cia swoich pisarskich cel\u00f3w.<\/p>\n<p>Ebook. Format PDF. 30 stron.<\/p>\n","protected":false},"excerpt":{"rendered":"<p>Trzy k\u0142amstwa na temat pisania,<br \/>\nkt\u00f3re drenuj\u0105, frustruj\u0105 i szkodz\u0105.<br \/>\nDowiedz si\u0119, jak si\u0119 od nich uwolni\u0107 i pisa\u0107 z rado\u015bci\u0105.<\/p>\n","protected":false},"featured_media":3931,"comment_status":"closed","ping_status":"closed","template":"","meta":{"_acf_changed":false},"product_brand":[],"product_cat":[1195],"product_tag":[],"class_list":{"0":"post-3922","1":"product","2":"type-product","3":"status-publish","4":"has-post-thumbnail","5":"","6":"product_cat-ebooki","8":"first","9":"instock","10":"downloadable","11":"virtual","12":"purchasable","13":"product-type-simple"},"acf":[],"yoast_head":"<!-- This site is optimized with the Yoast SEO plugin v27.2 - https:\/\/yoast.com\/product\/yoast-seo-wordpress\/ -->\n<title>Trzy k\u0142amstwa na temat pisania - Justyna Niebieszcza\u0144ska<\/title>\n<meta name=\"robots\" content=\"index, follow, max-snippet:-1, max-image-preview:large, max-video-preview:-1\" \/>\n<link rel=\"canonical\" href=\"https:\/\/justynaniebieszczanska.com\/en\/product\/trzy-klamstwa-na-temat-pisania\/\" \/>\n<meta property=\"og:locale\" content=\"en_US\" \/>\n<meta property=\"og:type\" content=\"article\" \/>\n<meta property=\"og:title\" content=\"Trzy k\u0142amstwa na temat pisania - Justyna Niebieszcza\u0144ska\" \/>\n<meta property=\"og:description\" content=\"Trzy k\u0142amstwa na temat pisania, kt\u00f3re drenuj\u0105, frustruj\u0105 i szkodz\u0105. Dowiedz si\u0119, jak si\u0119 od nich uwolni\u0107 i pisa\u0107 z rado\u015bci\u0105.\" \/>\n<meta property=\"og:url\" content=\"https:\/\/justynaniebieszczanska.com\/en\/product\/trzy-klamstwa-na-temat-pisania\/\" \/>\n<meta property=\"og:site_name\" content=\"Justyna Niebieszcza\u0144ska\" \/>\n<meta property=\"article:publisher\" content=\"https:\/\/www.facebook.com\/Niebieszczanska\" \/>\n<meta property=\"article:modified_time\" content=\"2024-03-14T07:57:55+00:00\" \/>\n<meta property=\"og:image\" content=\"https:\/\/justynaniebieszczanska.com\/wp-content\/uploads\/2023\/03\/trzy-klamstwa-na-temat-pisania.jpg\" \/>\n\t<meta property=\"og:image:width\" content=\"1000\" \/>\n\t<meta property=\"og:image:height\" content=\"1138\" \/>\n\t<meta property=\"og:image:type\" content=\"image\/jpeg\" \/>\n<meta name=\"twitter:card\" content=\"summary_large_image\" \/>\n<meta name=\"twitter:label1\" content=\"Est. reading time\" \/>\n\t<meta name=\"twitter:data1\" content=\"1 minute\" \/>\n<script type=\"application\/ld+json\" class=\"yoast-schema-graph\">{\"@context\":\"https:\/\/schema.org\",\"@graph\":[{\"@type\":\"WebPage\",\"@id\":\"https:\/\/justynaniebieszczanska.com\/en\/product\/trzy-klamstwa-na-temat-pisania\/\",\"url\":\"https:\/\/justynaniebieszczanska.com\/en\/product\/trzy-klamstwa-na-temat-pisania\/\",\"name\":\"Trzy k\u0142amstwa na temat pisania - Justyna Niebieszcza\u0144ska\",\"isPartOf\":{\"@id\":\"https:\/\/justynaniebieszczanska.com\/en\/#website\"},\"primaryImageOfPage\":{\"@id\":\"https:\/\/justynaniebieszczanska.com\/en\/product\/trzy-klamstwa-na-temat-pisania\/#primaryimage\"},\"image\":{\"@id\":\"https:\/\/justynaniebieszczanska.com\/en\/product\/trzy-klamstwa-na-temat-pisania\/#primaryimage\"},\"thumbnailUrl\":\"https:\/\/justynaniebieszczanska.com\/wp-content\/uploads\/2023\/03\/trzy-klamstwa-na-temat-pisania.jpg\",\"datePublished\":\"2023-03-24T09:56:54+00:00\",\"dateModified\":\"2024-03-14T07:57:55+00:00\",\"breadcrumb\":{\"@id\":\"https:\/\/justynaniebieszczanska.com\/en\/product\/trzy-klamstwa-na-temat-pisania\/#breadcrumb\"},\"inLanguage\":\"en-US\",\"potentialAction\":[{\"@type\":\"ReadAction\",\"target\":[\"https:\/\/justynaniebieszczanska.com\/en\/product\/trzy-klamstwa-na-temat-pisania\/\"]}]},{\"@type\":\"ImageObject\",\"inLanguage\":\"en-US\",\"@id\":\"https:\/\/justynaniebieszczanska.com\/en\/product\/trzy-klamstwa-na-temat-pisania\/#primaryimage\",\"url\":\"https:\/\/justynaniebieszczanska.com\/wp-content\/uploads\/2023\/03\/trzy-klamstwa-na-temat-pisania.jpg\",\"contentUrl\":\"https:\/\/justynaniebieszczanska.com\/wp-content\/uploads\/2023\/03\/trzy-klamstwa-na-temat-pisania.jpg\",\"width\":1000,\"height\":1138},{\"@type\":\"BreadcrumbList\",\"@id\":\"https:\/\/justynaniebieszczanska.com\/en\/product\/trzy-klamstwa-na-temat-pisania\/#breadcrumb\",\"itemListElement\":[{\"@type\":\"ListItem\",\"position\":1,\"name\":\"Home\",\"item\":\"https:\/\/justynaniebieszczanska.com\/en\/\"},{\"@type\":\"ListItem\",\"position\":2,\"name\":\"Trzy k\u0142amstwa na temat pisania\"}]},{\"@type\":\"WebSite\",\"@id\":\"https:\/\/justynaniebieszczanska.com\/en\/#website\",\"url\":\"https:\/\/justynaniebieszczanska.com\/en\/\",\"name\":\"Justyna Niebieszcza\u0144ska\",\"description\":\"Przerzuc\u0119 most, po kt\u00f3rym przejdziesz...\",\"potentialAction\":[{\"@type\":\"SearchAction\",\"target\":{\"@type\":\"EntryPoint\",\"urlTemplate\":\"https:\/\/justynaniebieszczanska.com\/en\/?s={search_term_string}\"},\"query-input\":{\"@type\":\"PropertyValueSpecification\",\"valueRequired\":true,\"valueName\":\"search_term_string\"}}],\"inLanguage\":\"en-US\"}]}<\/script>\n<!-- \/ Yoast SEO plugin. -->","yoast_head_json":{"title":"Trzy k\u0142amstwa na temat pisania - Justyna Niebieszcza\u0144ska","robots":{"index":"index","follow":"follow","max-snippet":"max-snippet:-1","max-image-preview":"max-image-preview:large","max-video-preview":"max-video-preview:-1"},"canonical":"https:\/\/justynaniebieszczanska.com\/en\/product\/trzy-klamstwa-na-temat-pisania\/","og_locale":"en_US","og_type":"article","og_title":"Trzy k\u0142amstwa na temat pisania - Justyna Niebieszcza\u0144ska","og_description":"Trzy k\u0142amstwa na temat pisania, kt\u00f3re drenuj\u0105, frustruj\u0105 i szkodz\u0105. Dowiedz si\u0119, jak si\u0119 od nich uwolni\u0107 i pisa\u0107 z rado\u015bci\u0105.","og_url":"https:\/\/justynaniebieszczanska.com\/en\/product\/trzy-klamstwa-na-temat-pisania\/","og_site_name":"Justyna Niebieszcza\u0144ska","article_publisher":"https:\/\/www.facebook.com\/Niebieszczanska","article_modified_time":"2024-03-14T07:57:55+00:00","og_image":[{"width":1000,"height":1138,"url":"https:\/\/justynaniebieszczanska.com\/wp-content\/uploads\/2023\/03\/trzy-klamstwa-na-temat-pisania.jpg","type":"image\/jpeg"}],"twitter_card":"summary_large_image","twitter_misc":{"Est. reading time":"1 minute"},"schema":{"@context":"https:\/\/schema.org","@graph":[{"@type":"WebPage","@id":"https:\/\/justynaniebieszczanska.com\/en\/product\/trzy-klamstwa-na-temat-pisania\/","url":"https:\/\/justynaniebieszczanska.com\/en\/product\/trzy-klamstwa-na-temat-pisania\/","name":"Trzy k\u0142amstwa na temat pisania - Justyna Niebieszcza\u0144ska","isPartOf":{"@id":"https:\/\/justynaniebieszczanska.com\/en\/#website"},"primaryImageOfPage":{"@id":"https:\/\/justynaniebieszczanska.com\/en\/product\/trzy-klamstwa-na-temat-pisania\/#primaryimage"},"image":{"@id":"https:\/\/justynaniebieszczanska.com\/en\/product\/trzy-klamstwa-na-temat-pisania\/#primaryimage"},"thumbnailUrl":"https:\/\/justynaniebieszczanska.com\/wp-content\/uploads\/2023\/03\/trzy-klamstwa-na-temat-pisania.jpg","datePublished":"2023-03-24T09:56:54+00:00","dateModified":"2024-03-14T07:57:55+00:00","breadcrumb":{"@id":"https:\/\/justynaniebieszczanska.com\/en\/product\/trzy-klamstwa-na-temat-pisania\/#breadcrumb"},"inLanguage":"en-US","potentialAction":[{"@type":"ReadAction","target":["https:\/\/justynaniebieszczanska.com\/en\/product\/trzy-klamstwa-na-temat-pisania\/"]}]},{"@type":"ImageObject","inLanguage":"en-US","@id":"https:\/\/justynaniebieszczanska.com\/en\/product\/trzy-klamstwa-na-temat-pisania\/#primaryimage","url":"https:\/\/justynaniebieszczanska.com\/wp-content\/uploads\/2023\/03\/trzy-klamstwa-na-temat-pisania.jpg","contentUrl":"https:\/\/justynaniebieszczanska.com\/wp-content\/uploads\/2023\/03\/trzy-klamstwa-na-temat-pisania.jpg","width":1000,"height":1138},{"@type":"BreadcrumbList","@id":"https:\/\/justynaniebieszczanska.com\/en\/product\/trzy-klamstwa-na-temat-pisania\/#breadcrumb","itemListElement":[{"@type":"ListItem","position":1,"name":"Home","item":"https:\/\/justynaniebieszczanska.com\/en\/"},{"@type":"ListItem","position":2,"name":"Trzy k\u0142amstwa na temat pisania"}]},{"@type":"WebSite","@id":"https:\/\/justynaniebieszczanska.com\/en\/#website","url":"https:\/\/justynaniebieszczanska.com\/en\/","name":"Justyna Niebieszcza\u0144ska","description":"Przerzuc\u0119 most, po kt\u00f3rym przejdziesz...","potentialAction":[{"@type":"SearchAction","target":{"@type":"EntryPoint","urlTemplate":"https:\/\/justynaniebieszczanska.com\/en\/?s={search_term_string}"},"query-input":{"@type":"PropertyValueSpecification","valueRequired":true,"valueName":"search_term_string"}}],"inLanguage":"en-US"}]}},"_links":{"self":[{"href":"https:\/\/justynaniebieszczanska.com\/en\/wp-json\/wp\/v2\/product\/3922","targetHints":{"allow":["GET"]}}],"collection":[{"href":"https:\/\/justynaniebieszczanska.com\/en\/wp-json\/wp\/v2\/product"}],"about":[{"href":"https:\/\/justynaniebieszczanska.com\/en\/wp-json\/wp\/v2\/types\/product"}],"replies":[{"embeddable":true,"href":"https:\/\/justynaniebieszczanska.com\/en\/wp-json\/wp\/v2\/comments?post=3922"}],"wp:featuredmedia":[{"embeddable":true,"href":"https:\/\/justynaniebieszczanska.com\/en\/wp-json\/wp\/v2\/media\/3931"}],"wp:attachment":[{"href":"https:\/\/justynaniebieszczanska.com\/en\/wp-json\/wp\/v2\/media?parent=3922"}],"wp:term":[{"taxonomy":"product_brand","embeddable":true,"href":"https:\/\/justynaniebieszczanska.com\/en\/wp-json\/wp\/v2\/product_brand?post=3922"},{"taxonomy":"product_cat","embeddable":true,"href":"https:\/\/justynaniebieszczanska.com\/en\/wp-json\/wp\/v2\/product_cat?post=3922"},{"taxonomy":"product_tag","embeddable":true,"href":"https:\/\/justynaniebieszczanska.com\/en\/wp-json\/wp\/v2\/product_tag?post=3922"}],"curies":[{"name":"wp","href":"https:\/\/api.w.org\/{rel}","templated":true}]}}