{"id":3719,"date":"2021-01-06T07:40:47","date_gmt":"2021-01-06T07:40:47","guid":{"rendered":"http:\/\/justynaniebieszczanska.com\/?post_type=product&#038;p=3719"},"modified":"2024-03-12T18:55:38","modified_gmt":"2024-03-12T18:55:38","slug":"historie-ktore-nosisz-w-sobie","status":"publish","type":"product","link":"https:\/\/justynaniebieszczanska.com\/en\/product\/historie-ktore-nosisz-w-sobie\/","title":{"rendered":"Historie, kt\u00f3re nosisz w sobie"},"content":{"rendered":"<p class=\"p1\">Historie, kt\u00f3re nosisz w sobie to nazwa projektu pisarskiego, kt\u00f3rego fina\u0142em jest publikacja zbioru opowiada\u0144.<span class=\"Apple-converted-space\">\u00a0<\/span><\/p>\n<p class=\"p1\">Inspiracj\u0105 i my\u015bl\u0105 przewodni\u0105 projektu<span class=\"Apple-converted-space\">\u00a0 <\/span>prowadzonego przez Justyn\u0119 s\u0105 te s\u0142owa Maya Angelou:<\/p>\n<p class=\"p1\">\u201eNie ma wi\u0119kszej agonii ni\u017c noszenie w sobie nieopisanej historii\u201d<span class=\"Apple-converted-space\">\u00a0<\/span><\/p>\n<h2 class=\"p1\">Co znajdziesz w ebooku?<\/h2>\n<p class=\"p1\">Znajdziesz 8 opowiada\u0144.<span class=\"Apple-converted-space\">\u00a0<\/span><\/p>\n<p class=\"p1\">Znajdziesz ciekawe opowie\u015bci, g\u0142\u0119bokie refleksje, niepok\u00f3j o ci\u0105g dalszy i wiar\u0119 w szcz\u0119\u015bliwe zako\u0144czenia. Idealne na ka\u017cdy wiecz\u00f3r i do porannej kawy. Lektura, kt\u00f3ra wzbogaca i zastanawia. Poza tym jest inspiracj\u0105 dla tych, kt\u00f3rzy pisz\u0105 do szuflady i poszukuj\u0105 odwagi do tego, aby publikowa\u0107. 8 autor\u00f3w , kt\u00f3rzy zdecydowali si\u0119 na podzielenie historiami, niech b\u0119dzie inspiracj\u0105 do pisania, napisania i opublikowania.<\/p>\n<h2 class=\"p1\">Spis tre\u015bci<span class=\"Apple-converted-space\">\u00a0<\/span><\/h2>\n<p class=\"p1\">Autor i tytu\u0142 opowiadania<\/p>\n<p>&nbsp;<\/p>\n<p class=\"p1\">Dominika Pawelec <span class=\"Apple-converted-space\">\u00a0 \u00a0 \u00a0 \u00a0 \u00a0 \u00a0 \u00a0 \u00a0 \u00a0 \u00a0 \u00a0 \u00a0 \u00a0 \u00a0 <\/span>\u201eZelda Zonk\u201d<\/p>\n<p class=\"p1\"><span class=\"Apple-converted-space\">\u00a0<\/span>Mira Bajanka<span class=\"Apple-converted-space\">\u00a0 \u00a0 \u00a0 \u00a0 \u00a0 \u00a0 \u00a0 \u00a0 \u00a0 \u00a0 \u00a0 \u00a0 \u00a0 \u00a0 \u00a0 \u00a0 \u00a0 \u00a0 <\/span>\u201eW zawieszeniu\u201d<\/p>\n<p class=\"p1\"><span class=\"Apple-converted-space\">\u00a0<\/span>Julia Rozworowska-Wola\u0144ska <span class=\"Apple-converted-space\">\u00a0 \u00a0 \u00a0 \u00a0 <\/span>\u201eDwie historie\u201d<\/p>\n<p class=\"p1\"><span class=\"Apple-converted-space\">\u00a0<\/span>\u0141ukasz Orlik <span class=\"Apple-converted-space\">\u00a0 \u00a0 \u00a0 \u00a0 \u00a0 \u00a0 \u00a0 \u00a0 \u00a0 \u00a0 \u00a0 \u00a0 \u00a0 \u00a0 \u00a0 \u00a0 \u00a0 \u00a0 <\/span>\u201ePusty Dokument\u201d<\/p>\n<p class=\"p1\">Danuta Milewska<span class=\"Apple-converted-space\">\u00a0 \u00a0 \u00a0 \u00a0 \u00a0 \u00a0 \u00a0 \u00a0 \u00a0 \u00a0 \u00a0 \u00a0 \u00a0 \u00a0 \u00a0 <\/span>\u201eZwi\u0105zek\u201d<\/p>\n<p class=\"p1\">Kasia \u0141ukaszczyk<span class=\"Apple-converted-space\">\u00a0 \u00a0 \u00a0 \u00a0 \u00a0 \u00a0 \u00a0 \u00a0 \u00a0 \u00a0 \u00a0 \u00a0 \u00a0 \u00a0 <\/span>\u201eDziewczynka z klock\u00f3w\u201d<\/p>\n<p class=\"p1\">Daniel Skider <span class=\"Apple-converted-space\">\u00a0 \u00a0 \u00a0 \u00a0 \u00a0 \u00a0 \u00a0 \u00a0 \u00a0 \u00a0 \u00a0 \u00a0 \u00a0 \u00a0 \u00a0 \u00a0 \u00a0 <\/span>\u201eWracaj\u0105c do siebie\u201d<\/p>\n<p class=\"p1\"><span class=\"Apple-converted-space\">\u00a0<\/span>Agnieszka Minczy\u0144ska <span class=\"Apple-converted-space\">\u00a0 \u00a0 \u00a0 \u00a0 \u00a0 \u00a0 \u00a0 \u00a0 \u00a0 <\/span>\u201eNosce te ipsum\u201d<\/p>\n<h2 class=\"p1\">Wi\u0119cej o projekcie?<\/h2>\n<p class=\"p3\"><span class=\"Apple-converted-space\">\u00a0<\/span>\u201eHistorie, kt\u00f3re nosisz w sobie\u201d to projekt pisarski, kt\u00f3ry trwa\u0142 od wrze\u015bnia do grudnia 2020 roku.<span class=\"Apple-converted-space\">\u00a0 <\/span>Projekt by\u0142 otwarty dla wszystkich (poprzez zg\u0142oszenia) i bezp\u0142atny dla jego uczestnik\u00f3w. Celem by\u0142o podzielenie si\u0119 ze \u015bwiatem opowiadaniami \u2013 zrobienie prezentu dla siebie i innych ludzi. Planowany jest ci\u0105g dalszy projektu. Informacje pojawi\u0105 si\u0119 na profilu FB: Niebieszcza\u0144ska i na stronie kreatywne pisanie.info<\/p>\n<p class=\"p3\">Wsparcie projektu: Projekt zrealizowano dzi\u0119ki wsparciu finansowemu Miasta Bydgoszczy. Patronat: Dominika Kiss-Orska, MCK Bydgoszcz. Pomys\u0142 i realizacja projektu, preedycja: Justyna Niebieszcza\u0144ska. II redakcja i korekta: Joanna Czerska-Thomas. Projekt Ok\u0142adki: Joanna Czerska-Thomas. Odpowiedzialna za sk\u0142ad: Joanna Czerska-Thomas<\/p>\n<p class=\"p1\">Opowiadania s\u0105 w formie ebooka (PDF).<span class=\"Apple-converted-space\">\u00a0<\/span><\/p>\n<p class=\"p1\">Ilo\u015b\u0107 stron<span class=\"s1\">: 41.<\/span><\/p>\n<p class=\"p4\">Ebook jest bezp\u0142atny \u2013 w prezencie.<\/p>\n","protected":false},"excerpt":{"rendered":"<p><span class=\"Apple-converted-space\">\u00a0<\/span>\u201eHistorie, kt\u00f3re nosisz w sobie\u201d to 8 opowiada\u0144. S\u0105 rezultatem\u00a0 projektu pisarskiego prowadzonego przez Justyn\u0119 Niebieszcz\u0144sk\u0105.<\/p>\n<p>Wsparcie projektu: Projekt zrealizowano dzi\u0119ki wsparciu finansowemu Miasta Bydgoszczy. Patronat: Dominika Kiss-Orska, MCK Bydgoszcz.<\/p>\n","protected":false},"featured_media":3720,"comment_status":"closed","ping_status":"closed","template":"","meta":{"_acf_changed":false},"product_brand":[],"product_cat":[1195],"product_tag":[],"class_list":{"0":"post-3719","1":"product","2":"type-product","3":"status-publish","4":"has-post-thumbnail","5":"","6":"product_cat-ebooki","8":"first","9":"instock","10":"downloadable","11":"virtual","12":"purchasable","13":"product-type-simple"},"acf":[],"yoast_head":"<!-- This site is optimized with the Yoast SEO plugin v27.2 - https:\/\/yoast.com\/product\/yoast-seo-wordpress\/ -->\n<title>Historie, kt\u00f3re nosisz w sobie - Justyna Niebieszcza\u0144ska<\/title>\n<meta name=\"description\" content=\"Historie, kt\u00f3re nosisz w sobie to nazwa projektu pisarskiego, kt\u00f3rego fina\u0142em jest publikacja zbioru opowiada\u0144.\u00a0W ebooku znajdziesz 8 opowiada\u0144.\" \/>\n<meta name=\"robots\" content=\"index, follow, max-snippet:-1, max-image-preview:large, max-video-preview:-1\" \/>\n<link rel=\"canonical\" href=\"https:\/\/justynaniebieszczanska.com\/en\/product\/historie-ktore-nosisz-w-sobie\/\" \/>\n<meta property=\"og:locale\" content=\"en_US\" \/>\n<meta property=\"og:type\" content=\"article\" \/>\n<meta property=\"og:title\" content=\"Historie, kt\u00f3re nosisz w sobie - Justyna Niebieszcza\u0144ska\" \/>\n<meta property=\"og:description\" content=\"Historie, kt\u00f3re nosisz w sobie to nazwa projektu pisarskiego, kt\u00f3rego fina\u0142em jest publikacja zbioru opowiada\u0144.\u00a0W ebooku znajdziesz 8 opowiada\u0144.\" \/>\n<meta property=\"og:url\" content=\"https:\/\/justynaniebieszczanska.com\/en\/product\/historie-ktore-nosisz-w-sobie\/\" \/>\n<meta property=\"og:site_name\" content=\"Justyna Niebieszcza\u0144ska\" \/>\n<meta property=\"article:publisher\" content=\"https:\/\/www.facebook.com\/Niebieszczanska\" \/>\n<meta property=\"article:modified_time\" content=\"2024-03-12T18:55:38+00:00\" \/>\n<meta property=\"og:image\" content=\"https:\/\/justynaniebieszczanska.com\/wp-content\/uploads\/2021\/01\/historie-ktore-nosisz-w-sobie.png\" \/>\n\t<meta property=\"og:image:width\" content=\"1000\" \/>\n\t<meta property=\"og:image:height\" content=\"1138\" \/>\n\t<meta property=\"og:image:type\" content=\"image\/png\" \/>\n<meta name=\"twitter:card\" content=\"summary_large_image\" \/>\n<meta name=\"twitter:label1\" content=\"Est. reading time\" \/>\n\t<meta name=\"twitter:data1\" content=\"2 minutes\" \/>\n<script type=\"application\/ld+json\" class=\"yoast-schema-graph\">{\"@context\":\"https:\/\/schema.org\",\"@graph\":[{\"@type\":\"WebPage\",\"@id\":\"https:\/\/justynaniebieszczanska.com\/en\/product\/historie-ktore-nosisz-w-sobie\/\",\"url\":\"https:\/\/justynaniebieszczanska.com\/en\/product\/historie-ktore-nosisz-w-sobie\/\",\"name\":\"Historie, kt\u00f3re nosisz w sobie - Justyna Niebieszcza\u0144ska\",\"isPartOf\":{\"@id\":\"https:\/\/justynaniebieszczanska.com\/en\/#website\"},\"primaryImageOfPage\":{\"@id\":\"https:\/\/justynaniebieszczanska.com\/en\/product\/historie-ktore-nosisz-w-sobie\/#primaryimage\"},\"image\":{\"@id\":\"https:\/\/justynaniebieszczanska.com\/en\/product\/historie-ktore-nosisz-w-sobie\/#primaryimage\"},\"thumbnailUrl\":\"https:\/\/justynaniebieszczanska.com\/wp-content\/uploads\/2021\/01\/historie-ktore-nosisz-w-sobie.png\",\"datePublished\":\"2021-01-06T07:40:47+00:00\",\"dateModified\":\"2024-03-12T18:55:38+00:00\",\"description\":\"Historie, kt\u00f3re nosisz w sobie to nazwa projektu pisarskiego, kt\u00f3rego fina\u0142em jest publikacja zbioru opowiada\u0144.\u00a0W ebooku znajdziesz 8 opowiada\u0144.\",\"breadcrumb\":{\"@id\":\"https:\/\/justynaniebieszczanska.com\/en\/product\/historie-ktore-nosisz-w-sobie\/#breadcrumb\"},\"inLanguage\":\"en-US\",\"potentialAction\":[{\"@type\":\"ReadAction\",\"target\":[\"https:\/\/justynaniebieszczanska.com\/en\/product\/historie-ktore-nosisz-w-sobie\/\"]}]},{\"@type\":\"ImageObject\",\"inLanguage\":\"en-US\",\"@id\":\"https:\/\/justynaniebieszczanska.com\/en\/product\/historie-ktore-nosisz-w-sobie\/#primaryimage\",\"url\":\"https:\/\/justynaniebieszczanska.com\/wp-content\/uploads\/2021\/01\/historie-ktore-nosisz-w-sobie.png\",\"contentUrl\":\"https:\/\/justynaniebieszczanska.com\/wp-content\/uploads\/2021\/01\/historie-ktore-nosisz-w-sobie.png\",\"width\":1000,\"height\":1138},{\"@type\":\"BreadcrumbList\",\"@id\":\"https:\/\/justynaniebieszczanska.com\/en\/product\/historie-ktore-nosisz-w-sobie\/#breadcrumb\",\"itemListElement\":[{\"@type\":\"ListItem\",\"position\":1,\"name\":\"Home\",\"item\":\"https:\/\/justynaniebieszczanska.com\/en\/\"},{\"@type\":\"ListItem\",\"position\":2,\"name\":\"Historie, kt\u00f3re nosisz w sobie\"}]},{\"@type\":\"WebSite\",\"@id\":\"https:\/\/justynaniebieszczanska.com\/en\/#website\",\"url\":\"https:\/\/justynaniebieszczanska.com\/en\/\",\"name\":\"Justyna Niebieszcza\u0144ska\",\"description\":\"Przerzuc\u0119 most, po kt\u00f3rym przejdziesz...\",\"potentialAction\":[{\"@type\":\"SearchAction\",\"target\":{\"@type\":\"EntryPoint\",\"urlTemplate\":\"https:\/\/justynaniebieszczanska.com\/en\/?s={search_term_string}\"},\"query-input\":{\"@type\":\"PropertyValueSpecification\",\"valueRequired\":true,\"valueName\":\"search_term_string\"}}],\"inLanguage\":\"en-US\"}]}<\/script>\n<!-- \/ Yoast SEO plugin. -->","yoast_head_json":{"title":"Historie, kt\u00f3re nosisz w sobie - Justyna Niebieszcza\u0144ska","description":"Historie, kt\u00f3re nosisz w sobie to nazwa projektu pisarskiego, kt\u00f3rego fina\u0142em jest publikacja zbioru opowiada\u0144.\u00a0W ebooku znajdziesz 8 opowiada\u0144.","robots":{"index":"index","follow":"follow","max-snippet":"max-snippet:-1","max-image-preview":"max-image-preview:large","max-video-preview":"max-video-preview:-1"},"canonical":"https:\/\/justynaniebieszczanska.com\/en\/product\/historie-ktore-nosisz-w-sobie\/","og_locale":"en_US","og_type":"article","og_title":"Historie, kt\u00f3re nosisz w sobie - Justyna Niebieszcza\u0144ska","og_description":"Historie, kt\u00f3re nosisz w sobie to nazwa projektu pisarskiego, kt\u00f3rego fina\u0142em jest publikacja zbioru opowiada\u0144.\u00a0W ebooku znajdziesz 8 opowiada\u0144.","og_url":"https:\/\/justynaniebieszczanska.com\/en\/product\/historie-ktore-nosisz-w-sobie\/","og_site_name":"Justyna Niebieszcza\u0144ska","article_publisher":"https:\/\/www.facebook.com\/Niebieszczanska","article_modified_time":"2024-03-12T18:55:38+00:00","og_image":[{"width":1000,"height":1138,"url":"https:\/\/justynaniebieszczanska.com\/wp-content\/uploads\/2021\/01\/historie-ktore-nosisz-w-sobie.png","type":"image\/png"}],"twitter_card":"summary_large_image","twitter_misc":{"Est. reading time":"2 minutes"},"schema":{"@context":"https:\/\/schema.org","@graph":[{"@type":"WebPage","@id":"https:\/\/justynaniebieszczanska.com\/en\/product\/historie-ktore-nosisz-w-sobie\/","url":"https:\/\/justynaniebieszczanska.com\/en\/product\/historie-ktore-nosisz-w-sobie\/","name":"Historie, kt\u00f3re nosisz w sobie - Justyna Niebieszcza\u0144ska","isPartOf":{"@id":"https:\/\/justynaniebieszczanska.com\/en\/#website"},"primaryImageOfPage":{"@id":"https:\/\/justynaniebieszczanska.com\/en\/product\/historie-ktore-nosisz-w-sobie\/#primaryimage"},"image":{"@id":"https:\/\/justynaniebieszczanska.com\/en\/product\/historie-ktore-nosisz-w-sobie\/#primaryimage"},"thumbnailUrl":"https:\/\/justynaniebieszczanska.com\/wp-content\/uploads\/2021\/01\/historie-ktore-nosisz-w-sobie.png","datePublished":"2021-01-06T07:40:47+00:00","dateModified":"2024-03-12T18:55:38+00:00","description":"Historie, kt\u00f3re nosisz w sobie to nazwa projektu pisarskiego, kt\u00f3rego fina\u0142em jest publikacja zbioru opowiada\u0144.\u00a0W ebooku znajdziesz 8 opowiada\u0144.","breadcrumb":{"@id":"https:\/\/justynaniebieszczanska.com\/en\/product\/historie-ktore-nosisz-w-sobie\/#breadcrumb"},"inLanguage":"en-US","potentialAction":[{"@type":"ReadAction","target":["https:\/\/justynaniebieszczanska.com\/en\/product\/historie-ktore-nosisz-w-sobie\/"]}]},{"@type":"ImageObject","inLanguage":"en-US","@id":"https:\/\/justynaniebieszczanska.com\/en\/product\/historie-ktore-nosisz-w-sobie\/#primaryimage","url":"https:\/\/justynaniebieszczanska.com\/wp-content\/uploads\/2021\/01\/historie-ktore-nosisz-w-sobie.png","contentUrl":"https:\/\/justynaniebieszczanska.com\/wp-content\/uploads\/2021\/01\/historie-ktore-nosisz-w-sobie.png","width":1000,"height":1138},{"@type":"BreadcrumbList","@id":"https:\/\/justynaniebieszczanska.com\/en\/product\/historie-ktore-nosisz-w-sobie\/#breadcrumb","itemListElement":[{"@type":"ListItem","position":1,"name":"Home","item":"https:\/\/justynaniebieszczanska.com\/en\/"},{"@type":"ListItem","position":2,"name":"Historie, kt\u00f3re nosisz w sobie"}]},{"@type":"WebSite","@id":"https:\/\/justynaniebieszczanska.com\/en\/#website","url":"https:\/\/justynaniebieszczanska.com\/en\/","name":"Justyna Niebieszcza\u0144ska","description":"Przerzuc\u0119 most, po kt\u00f3rym przejdziesz...","potentialAction":[{"@type":"SearchAction","target":{"@type":"EntryPoint","urlTemplate":"https:\/\/justynaniebieszczanska.com\/en\/?s={search_term_string}"},"query-input":{"@type":"PropertyValueSpecification","valueRequired":true,"valueName":"search_term_string"}}],"inLanguage":"en-US"}]}},"_links":{"self":[{"href":"https:\/\/justynaniebieszczanska.com\/en\/wp-json\/wp\/v2\/product\/3719","targetHints":{"allow":["GET"]}}],"collection":[{"href":"https:\/\/justynaniebieszczanska.com\/en\/wp-json\/wp\/v2\/product"}],"about":[{"href":"https:\/\/justynaniebieszczanska.com\/en\/wp-json\/wp\/v2\/types\/product"}],"replies":[{"embeddable":true,"href":"https:\/\/justynaniebieszczanska.com\/en\/wp-json\/wp\/v2\/comments?post=3719"}],"wp:featuredmedia":[{"embeddable":true,"href":"https:\/\/justynaniebieszczanska.com\/en\/wp-json\/wp\/v2\/media\/3720"}],"wp:attachment":[{"href":"https:\/\/justynaniebieszczanska.com\/en\/wp-json\/wp\/v2\/media?parent=3719"}],"wp:term":[{"taxonomy":"product_brand","embeddable":true,"href":"https:\/\/justynaniebieszczanska.com\/en\/wp-json\/wp\/v2\/product_brand?post=3719"},{"taxonomy":"product_cat","embeddable":true,"href":"https:\/\/justynaniebieszczanska.com\/en\/wp-json\/wp\/v2\/product_cat?post=3719"},{"taxonomy":"product_tag","embeddable":true,"href":"https:\/\/justynaniebieszczanska.com\/en\/wp-json\/wp\/v2\/product_tag?post=3719"}],"curies":[{"name":"wp","href":"https:\/\/api.w.org\/{rel}","templated":true}]}}