{"id":3689,"date":"2024-03-12T03:13:58","date_gmt":"2024-03-12T03:13:58","guid":{"rendered":"http:\/\/justynaniebieszczanska.com\/?post_type=product&#038;p=3689"},"modified":"2024-03-21T08:18:04","modified_gmt":"2024-03-21T08:18:04","slug":"kurshaikuonline","status":"publish","type":"product","link":"https:\/\/justynaniebieszczanska.com\/en\/product\/kurshaikuonline\/","title":{"rendered":"Kurs haiku online. Pisa\u0107, aby pi\u0119knie \u017cy\u0107."},"content":{"rendered":"<h4 style=\"font-weight: 400;\">Je\u015bli chcesz wykorzysta\u0107 pisanie haiku jako <strong>narz\u0119dzie do osi\u0105gania swoich cel\u00f3w<\/strong>, ten kurs sprawi, \u017ce:<\/h4>\n<ul>\n<li style=\"font-weight: 400;\">Nauczysz si\u0119 medytowa\u0107 bez wysi\u0142ku, co ma wp\u0142yw na efektywno\u015b\u0107 w ci\u0105gu dnia.<\/li>\n<li style=\"font-weight: 400;\">Zyskasz warto\u015bciowy czas dla siebie i ze sob\u0105, co przek\u0142ada si\u0119 na wewn\u0119trzny \u00a0spok\u00f3j.<\/li>\n<li style=\"font-weight: 400;\">Poprawisz swoj\u0105 zdolno\u015b\u0107 koncentracji, co wspomaga podejmowanie decyzji i rozwi\u0105zywanie problem\u00f3w.<\/li>\n<li style=\"font-weight: 400;\">\u0106wiczysz \u015bwiadomy dob\u00f3r s\u0142\u00f3w, co doskonali umiej\u0119tno\u015bci komunikacyjne.<\/li>\n<li style=\"font-weight: 400;\">Przy minimalnym nak\u0142adzie czasu, zadbasz o sw\u00f3j dobrostan.<\/li>\n<li style=\"font-weight: 400;\">Do\u015bwiadczysz zwolnienia, kt\u00f3rego potrzebujesz, aby poczu\u0107 si\u0119 dobrze.<\/li>\n<\/ul>\n<h4 style=\"font-weight: 400;\">Je\u015bli chcesz <strong>rozwija\u0107 si\u0119 pisarsko<\/strong>, ten kurs:<\/h4>\n<ul>\n<li style=\"font-weight: 400;\">Uczy precyzyjnie dobiera\u0107 s\u0142owa i zdecydowania poprawia \u015bwiadomo\u015b\u0107 lingwistyczn\u0105.<\/li>\n<li style=\"font-weight: 400;\">\u0106wiczy w zastosowaniu zasady: \u00a0nie pisz, ale poka\u017c i daj mi odczu\u0107.<\/li>\n<li style=\"font-weight: 400;\">\u0141agodnie wprowadza dyscyplin\u0119 \u0142\u0105cz\u0105c j\u0105 z rado\u015bci\u0105 pisania.<\/li>\n<li style=\"font-weight: 400;\">Uczy, jak \u00a0tworzy\u0107 s\u0142owem obrazy, kt\u00f3re oddzia\u0142uj\u0105 na czytelnika.<\/li>\n<li style=\"font-weight: 400;\">Pokonuje blokady pisarskie i pozwala na nowo tworzy\u0107.<\/li>\n<li style=\"font-weight: 400;\">Pobudza kreatywno\u015b\u0107, kt\u00f3ra wp\u0142ywa na wydajno\u015b\u0107 i wiar\u0119 w siebie.<\/li>\n<\/ul>\n<h5 style=\"font-weight: 400;\"><strong>\u00a0<\/strong>Dodatkowo je\u017celi, kt\u00f3re\u015b z tych s\u0142\u00f3w <strong>budzi Twoj\u0105 ciekawo\u015b\u0107<\/strong>, to z ca\u0142\u0105 pewno\u015bci\u0105 ten kurs jest dla Ciebie:<\/h5>\n<ul>\n<li style=\"font-weight: 400;\"><em>Japonia i haiku<\/em><\/li>\n<li style=\"font-weight: 400;\"><em>\u015awiadomo\u015b\u0107 s\u0142owa i jego precyzji<\/em><\/li>\n<li style=\"font-weight: 400;\"><em>Mindfulness (uwa\u017cno\u015b\u0107)<\/em><\/li>\n<li style=\"font-weight: 400;\"><em>Zen<\/em><\/li>\n<li style=\"font-weight: 400;\"><em>Slow life<\/em><\/li>\n<li style=\"font-weight: 400;\"><em>Kreatywno\u015b\u0107<\/em><\/li>\n<\/ul>\n<h4 style=\"font-weight: 400;\">Czego jeszcze si\u0119 nauczysz podczas kursu ?<\/h4>\n<ol style=\"font-weight: 400;\">\n<li><strong>Zdob\u0119dziesz wiedz\u0119 o haiku<\/strong>. Otrzymasz mocne podstawy pisania haiku i b\u0119dziesz mog\u0142a i m\u00f3g\u0142 doskonali\u0107 si\u0119 w tej formie pisarskiej. Poznasz r\u00f3wnie\u017c inne formy poezji japo\u0144skiej. Zrozumiesz, \u017ce w tym chodzi o co\u015b znacznie wi\u0119cej ni\u017c 17 sylab.<\/li>\n<li>Ten kurs to tak\u017ce <strong>do\u015bwiadczenie slowability<\/strong>. To zdolno\u015b\u0107 do redukcji nadmiernej pr\u0119dko\u015bci w \u017cyciu. St\u0105d rodzi si\u0119 refleksja, kt\u00f3ra jest \u017ar\u00f3d\u0142em tw\u00f3rczego dzia\u0142ania.<\/li>\n<li>Kurs wpisuje si\u0119 w <strong>filozofi\u0119 radykalnie ma\u0142ych krok\u00f3w<\/strong>. Wykorzystuje wnioski z bada\u0144 prof. Roberta Boice. Ma\u0142o czasu i ma\u0142o s\u0142\u00f3w, jak najmniej \u2013 tyle potrzeba, aby skorzysta\u0107 z tego kursu.<\/li>\n<\/ol>\n<h5 style=\"font-weight: 400;\">Jak dzia\u0142a kurs ? Poznaj 3 proste zasady:<\/h5>\n<ol>\n<li style=\"font-weight: 400;\">Wszystkie materia\u0142y dostajesz mailem, kt\u00f3ry wskaza\u0142a\u015b\/ wskaza\u0142e\u015b kupuj\u0105c kurs. Najpierw otrzymasz dost\u0119p do materia\u0142u wideo 21.03.2024.<\/li>\n<\/ol>\n<p style=\"font-weight: 400;\">\u00a0 \u00a0 \u00a0 2. Na ten sam adres przyjd\u0105 r\u00f3wnie\u017c materia\u0142y kursowe. W ka\u017cdym dniu od 23 do 27 marca, czyli dostaniesz wiadomo\u015bci w nast\u0119puj\u0105cych dniach:<\/p>\n<ul>\n<li style=\"font-weight: 400;\">23 marca o godz. 8.30<\/li>\n<li style=\"font-weight: 400;\">24 marca o godz. 8.30<\/li>\n<li style=\"font-weight: 400;\">25 marca o godz. 8.30<\/li>\n<li style=\"font-weight: 400;\">26 marca o godz. 8.30<\/li>\n<li style=\"font-weight: 400;\">27 marca o godz. 8.30<\/li>\n<\/ul>\n<p style=\"font-weight: 400;\">\u00a0 \u00a0 \u00a03. W ka\u017cdym z maili znajdziesz: Zadanie \u2013 zaproszenie do stworzenia. Jasne wskaz\u00f3wki, jak wyruszy\u0107 w podr\u00f3\u017c od zatrzymania do napisania. Inspiracje zwi\u0105zane z pisaniem, warsztatem pisarskim i praktykowaniem slow life.<\/p>\n<h6 style=\"font-weight: 400;\"><strong>Wa\u017cne!\u00a0<\/strong>Je\u017celi w danym czasie nie b\u0119dziesz mog\u0142a, m\u00f3g\u0142 skorzysta\u0107 z kursu, pami\u0119taj, \u017ce wiadomo\u015bci emailowe pozostaj\u0105 na Twoje skrzynce i mo\u017cesz rozpocz\u0105\u0107 ten kurs w najlepszym dla Ciebie momencie. Co wi\u0119cej, kurs jest wielokrotnego u\u017cytku. Mo\u017cesz go ponownie wykorzysta\u0107, np. celebruj\u0105c kolejn\u0105 por\u0119 roku.<\/h6>\n<p><img loading=\"lazy\" decoding=\"async\" class=\"aligncenter wp-image-3971 \" src=\"http:\/\/justynaniebieszczanska.com\/wp-content\/uploads\/2024\/03\/IMG_4781fb-1024x683.jpg\" alt=\"\" width=\"835\" height=\"557\" srcset=\"https:\/\/justynaniebieszczanska.com\/wp-content\/uploads\/2024\/03\/IMG_4781fb-1024x683.jpg 1024w, https:\/\/justynaniebieszczanska.com\/wp-content\/uploads\/2024\/03\/IMG_4781fb-300x200.jpg 300w, https:\/\/justynaniebieszczanska.com\/wp-content\/uploads\/2024\/03\/IMG_4781fb-768x512.jpg 768w, https:\/\/justynaniebieszczanska.com\/wp-content\/uploads\/2024\/03\/IMG_4781fb-600x400.jpg 600w, https:\/\/justynaniebieszczanska.com\/wp-content\/uploads\/2024\/03\/IMG_4781fb-1536x1024.jpg 1536w, https:\/\/justynaniebieszczanska.com\/wp-content\/uploads\/2024\/03\/IMG_4781fb.jpg 2000w\" sizes=\"auto, (max-width: 835px) 100vw, 835px\" \/><\/p>\n<h4 style=\"font-weight: 400;\">Ten kurs obejmuje:<\/h4>\n<ul style=\"font-weight: 400;\">\n<li>Materia\u0142 wideo. Podzielony na sekcje \u2013 lekcje z praktyczn\u0105 wiedz\u0105, kt\u00f3r\u0105 zastosujesz od razu.<\/li>\n<li>Zeszyt w formie PDF (do w\u0142asnej pracy).<\/li>\n<li>Materia\u0142y kursowe wysy\u0142ane emailem.<\/li>\n<li>Zaproszenie do grupy na FB.<\/li>\n<li>Zaproszenie na spotkanie na \u017cywo, online podsumowuj\u0105ce kurs wraz z sesj\u0105 Q&amp;A.<\/li>\n<li>Mo\u017cliwo\u015b\u0107 publikacji w tegorocznym tomiku \u201e\u015awietliki noc\u0105\u201d.<\/li>\n<li>Certyfikat uko\u0144czenia ( w formie PDF i JPG).<\/li>\n<\/ul>\n<h4 style=\"font-weight: 400;\">Marzy\u0142a\u015b\/e\u015b kiedy\u015b o publikacji ? Twoja tw\u00f3rczo\u015b\u0107 b\u0119dzie mog\u0142a ukaza\u0107 si\u0119:<\/h4>\n<ul>\n<li style=\"font-weight: 400;\">\u00a0W ARTYKULE<\/li>\n<\/ul>\n<p style=\"font-weight: 400;\">Tw\u00f3j tekst mo\u017ce by\u0107 wykorzystany w artykule o haiku, kt\u00f3ry zostanie opublikowany na portalu internetowym i na jego profilu na Facebooku. * To jest opcja, z kt\u00f3rej mo\u017cesz skorzysta\u0107. 28 marca dostaniesz ode mnie w tej sprawie wiadomo\u015b\u0107 ze szczeg\u00f3\u0142ami i wtedy zdecydujesz.<\/p>\n<ul>\n<li style=\"font-weight: 400;\">W TOMIKU WIERSZY!<\/li>\n<\/ul>\n<p style=\"font-weight: 400;\">W tym roku powstaje kolejny tomik wierszy \u201e\u015awietliki noc\u0105\u201d i mog\u0105 si\u0119 w nim znale\u017a\u0107 Twoje wiersz! Co to \u015awietliki noc\u0105\u201d? To tomik z poezj\u0105 w duchu zen. Wydanie zbiorowe. Publikacja pojawi si\u0119 jesieni\u0105 2024 roku.<\/p>\n<h6>Pytania? Napisz do mnie na:<\/h6>\n<h6>\u00a0j.niebieszczanska@gmail.com<\/h6>\n","protected":false},"excerpt":{"rendered":"<p style=\"font-weight: 400;\">5-dniowy kurs haiku online to: trening precyzji s\u0142owa, poprawy koncentracji, medytacji, aktywacji kreatywno\u015bci, doskonalenia komunikacji, pokonania blokady tw\u00f3rczej.<\/p>\n<p>Zale\u017cy Ci na tych sprawach?<\/p>\n<p>Je\u015bli tak, ten kurs jest do\u015bwiadczeniem, kt\u00f3rego szukasz. Do do\u0142\u0105czenia ju\u017c tylko jeden krok!<\/p>\n<p>&nbsp;<\/p>\n","protected":false},"featured_media":3953,"comment_status":"closed","ping_status":"closed","template":"","meta":{"_acf_changed":false},"product_brand":[],"product_cat":[1195],"product_tag":[1213,1215,1214],"class_list":{"0":"post-3689","1":"product","2":"type-product","3":"status-publish","4":"has-post-thumbnail","5":"","6":"product_cat-ebooki","7":"product_tag-haiku","8":"product_tag-kreatywnepisanie","9":"product_tag-kurshaiku","11":"first","12":"outofstock","13":"virtual","14":"purchasable","15":"product-type-simple"},"acf":[],"yoast_head":"<!-- This site is optimized with the Yoast SEO plugin v27.2 - https:\/\/yoast.com\/product\/yoast-seo-wordpress\/ -->\n<title>Kurs haiku online. Pisa\u0107, aby pi\u0119knie \u017cy\u0107. - Justyna Niebieszcza\u0144ska<\/title>\n<meta name=\"description\" content=\"Ten kurs to praktyczne po\u0142\u0105czenie kursu pisarskiego z uwa\u017cno\u015bci\u0105 i praktykami slow life. Dla ka\u017cdego, kto chce z \u017cy\u0107 \u015bwiadomie.\" \/>\n<meta name=\"robots\" content=\"index, follow, max-snippet:-1, max-image-preview:large, max-video-preview:-1\" \/>\n<link rel=\"canonical\" href=\"https:\/\/justynaniebieszczanska.com\/en\/product\/kurshaikuonline\/\" \/>\n<meta property=\"og:locale\" content=\"en_US\" \/>\n<meta property=\"og:type\" content=\"article\" \/>\n<meta property=\"og:title\" content=\"Kurs haiku online. Pisa\u0107, aby pi\u0119knie \u017cy\u0107. - Justyna Niebieszcza\u0144ska\" \/>\n<meta property=\"og:description\" content=\"Ten kurs to praktyczne po\u0142\u0105czenie kursu pisarskiego z uwa\u017cno\u015bci\u0105 i praktykami slow life. Dla ka\u017cdego, kto chce z \u017cy\u0107 \u015bwiadomie.\" \/>\n<meta property=\"og:url\" content=\"https:\/\/justynaniebieszczanska.com\/en\/product\/kurshaikuonline\/\" \/>\n<meta property=\"og:site_name\" content=\"Justyna Niebieszcza\u0144ska\" \/>\n<meta property=\"article:publisher\" content=\"https:\/\/www.facebook.com\/Niebieszczanska\" \/>\n<meta property=\"article:modified_time\" content=\"2024-03-21T08:18:04+00:00\" \/>\n<meta property=\"og:image\" content=\"https:\/\/justynaniebieszczanska.com\/wp-content\/uploads\/2020\/10\/Laptop-Mockup-Haiku.png\" \/>\n\t<meta property=\"og:image:width\" content=\"1080\" \/>\n\t<meta property=\"og:image:height\" content=\"1080\" \/>\n\t<meta property=\"og:image:type\" content=\"image\/png\" \/>\n<meta name=\"twitter:card\" content=\"summary_large_image\" \/>\n<meta name=\"twitter:label1\" content=\"Est. reading time\" \/>\n\t<meta name=\"twitter:data1\" content=\"4 minutes\" \/>\n<script type=\"application\/ld+json\" class=\"yoast-schema-graph\">{\"@context\":\"https:\/\/schema.org\",\"@graph\":[{\"@type\":\"WebPage\",\"@id\":\"https:\/\/justynaniebieszczanska.com\/en\/product\/kurshaikuonline\/\",\"url\":\"https:\/\/justynaniebieszczanska.com\/en\/product\/kurshaikuonline\/\",\"name\":\"Kurs haiku online. Pisa\u0107, aby pi\u0119knie \u017cy\u0107. - Justyna Niebieszcza\u0144ska\",\"isPartOf\":{\"@id\":\"https:\/\/justynaniebieszczanska.com\/en\/#website\"},\"primaryImageOfPage\":{\"@id\":\"https:\/\/justynaniebieszczanska.com\/en\/product\/kurshaikuonline\/#primaryimage\"},\"image\":{\"@id\":\"https:\/\/justynaniebieszczanska.com\/en\/product\/kurshaikuonline\/#primaryimage\"},\"thumbnailUrl\":\"https:\/\/justynaniebieszczanska.com\/wp-content\/uploads\/2020\/10\/Laptop-Mockup-Haiku.png\",\"datePublished\":\"2024-03-12T03:13:58+00:00\",\"dateModified\":\"2024-03-21T08:18:04+00:00\",\"description\":\"Ten kurs to praktyczne po\u0142\u0105czenie kursu pisarskiego z uwa\u017cno\u015bci\u0105 i praktykami slow life. Dla ka\u017cdego, kto chce z \u017cy\u0107 \u015bwiadomie.\",\"breadcrumb\":{\"@id\":\"https:\/\/justynaniebieszczanska.com\/en\/product\/kurshaikuonline\/#breadcrumb\"},\"inLanguage\":\"en-US\",\"potentialAction\":[{\"@type\":\"ReadAction\",\"target\":[\"https:\/\/justynaniebieszczanska.com\/en\/product\/kurshaikuonline\/\"]}]},{\"@type\":\"ImageObject\",\"inLanguage\":\"en-US\",\"@id\":\"https:\/\/justynaniebieszczanska.com\/en\/product\/kurshaikuonline\/#primaryimage\",\"url\":\"https:\/\/justynaniebieszczanska.com\/wp-content\/uploads\/2020\/10\/Laptop-Mockup-Haiku.png\",\"contentUrl\":\"https:\/\/justynaniebieszczanska.com\/wp-content\/uploads\/2020\/10\/Laptop-Mockup-Haiku.png\",\"width\":1080,\"height\":1080},{\"@type\":\"BreadcrumbList\",\"@id\":\"https:\/\/justynaniebieszczanska.com\/en\/product\/kurshaikuonline\/#breadcrumb\",\"itemListElement\":[{\"@type\":\"ListItem\",\"position\":1,\"name\":\"Home\",\"item\":\"https:\/\/justynaniebieszczanska.com\/en\/\"},{\"@type\":\"ListItem\",\"position\":2,\"name\":\"Kurs haiku online. Pisa\u0107, aby pi\u0119knie \u017cy\u0107.\"}]},{\"@type\":\"WebSite\",\"@id\":\"https:\/\/justynaniebieszczanska.com\/en\/#website\",\"url\":\"https:\/\/justynaniebieszczanska.com\/en\/\",\"name\":\"Justyna Niebieszcza\u0144ska\",\"description\":\"Przerzuc\u0119 most, po kt\u00f3rym przejdziesz...\",\"potentialAction\":[{\"@type\":\"SearchAction\",\"target\":{\"@type\":\"EntryPoint\",\"urlTemplate\":\"https:\/\/justynaniebieszczanska.com\/en\/?s={search_term_string}\"},\"query-input\":{\"@type\":\"PropertyValueSpecification\",\"valueRequired\":true,\"valueName\":\"search_term_string\"}}],\"inLanguage\":\"en-US\"}]}<\/script>\n<!-- \/ Yoast SEO plugin. -->","yoast_head_json":{"title":"Kurs haiku online. Pisa\u0107, aby pi\u0119knie \u017cy\u0107. - Justyna Niebieszcza\u0144ska","description":"Ten kurs to praktyczne po\u0142\u0105czenie kursu pisarskiego z uwa\u017cno\u015bci\u0105 i praktykami slow life. Dla ka\u017cdego, kto chce z \u017cy\u0107 \u015bwiadomie.","robots":{"index":"index","follow":"follow","max-snippet":"max-snippet:-1","max-image-preview":"max-image-preview:large","max-video-preview":"max-video-preview:-1"},"canonical":"https:\/\/justynaniebieszczanska.com\/en\/product\/kurshaikuonline\/","og_locale":"en_US","og_type":"article","og_title":"Kurs haiku online. Pisa\u0107, aby pi\u0119knie \u017cy\u0107. - Justyna Niebieszcza\u0144ska","og_description":"Ten kurs to praktyczne po\u0142\u0105czenie kursu pisarskiego z uwa\u017cno\u015bci\u0105 i praktykami slow life. Dla ka\u017cdego, kto chce z \u017cy\u0107 \u015bwiadomie.","og_url":"https:\/\/justynaniebieszczanska.com\/en\/product\/kurshaikuonline\/","og_site_name":"Justyna Niebieszcza\u0144ska","article_publisher":"https:\/\/www.facebook.com\/Niebieszczanska","article_modified_time":"2024-03-21T08:18:04+00:00","og_image":[{"width":1080,"height":1080,"url":"https:\/\/justynaniebieszczanska.com\/wp-content\/uploads\/2020\/10\/Laptop-Mockup-Haiku.png","type":"image\/png"}],"twitter_card":"summary_large_image","twitter_misc":{"Est. reading time":"4 minutes"},"schema":{"@context":"https:\/\/schema.org","@graph":[{"@type":"WebPage","@id":"https:\/\/justynaniebieszczanska.com\/en\/product\/kurshaikuonline\/","url":"https:\/\/justynaniebieszczanska.com\/en\/product\/kurshaikuonline\/","name":"Kurs haiku online. Pisa\u0107, aby pi\u0119knie \u017cy\u0107. - Justyna Niebieszcza\u0144ska","isPartOf":{"@id":"https:\/\/justynaniebieszczanska.com\/en\/#website"},"primaryImageOfPage":{"@id":"https:\/\/justynaniebieszczanska.com\/en\/product\/kurshaikuonline\/#primaryimage"},"image":{"@id":"https:\/\/justynaniebieszczanska.com\/en\/product\/kurshaikuonline\/#primaryimage"},"thumbnailUrl":"https:\/\/justynaniebieszczanska.com\/wp-content\/uploads\/2020\/10\/Laptop-Mockup-Haiku.png","datePublished":"2024-03-12T03:13:58+00:00","dateModified":"2024-03-21T08:18:04+00:00","description":"Ten kurs to praktyczne po\u0142\u0105czenie kursu pisarskiego z uwa\u017cno\u015bci\u0105 i praktykami slow life. Dla ka\u017cdego, kto chce z \u017cy\u0107 \u015bwiadomie.","breadcrumb":{"@id":"https:\/\/justynaniebieszczanska.com\/en\/product\/kurshaikuonline\/#breadcrumb"},"inLanguage":"en-US","potentialAction":[{"@type":"ReadAction","target":["https:\/\/justynaniebieszczanska.com\/en\/product\/kurshaikuonline\/"]}]},{"@type":"ImageObject","inLanguage":"en-US","@id":"https:\/\/justynaniebieszczanska.com\/en\/product\/kurshaikuonline\/#primaryimage","url":"https:\/\/justynaniebieszczanska.com\/wp-content\/uploads\/2020\/10\/Laptop-Mockup-Haiku.png","contentUrl":"https:\/\/justynaniebieszczanska.com\/wp-content\/uploads\/2020\/10\/Laptop-Mockup-Haiku.png","width":1080,"height":1080},{"@type":"BreadcrumbList","@id":"https:\/\/justynaniebieszczanska.com\/en\/product\/kurshaikuonline\/#breadcrumb","itemListElement":[{"@type":"ListItem","position":1,"name":"Home","item":"https:\/\/justynaniebieszczanska.com\/en\/"},{"@type":"ListItem","position":2,"name":"Kurs haiku online. Pisa\u0107, aby pi\u0119knie \u017cy\u0107."}]},{"@type":"WebSite","@id":"https:\/\/justynaniebieszczanska.com\/en\/#website","url":"https:\/\/justynaniebieszczanska.com\/en\/","name":"Justyna Niebieszcza\u0144ska","description":"Przerzuc\u0119 most, po kt\u00f3rym przejdziesz...","potentialAction":[{"@type":"SearchAction","target":{"@type":"EntryPoint","urlTemplate":"https:\/\/justynaniebieszczanska.com\/en\/?s={search_term_string}"},"query-input":{"@type":"PropertyValueSpecification","valueRequired":true,"valueName":"search_term_string"}}],"inLanguage":"en-US"}]}},"_links":{"self":[{"href":"https:\/\/justynaniebieszczanska.com\/en\/wp-json\/wp\/v2\/product\/3689","targetHints":{"allow":["GET"]}}],"collection":[{"href":"https:\/\/justynaniebieszczanska.com\/en\/wp-json\/wp\/v2\/product"}],"about":[{"href":"https:\/\/justynaniebieszczanska.com\/en\/wp-json\/wp\/v2\/types\/product"}],"replies":[{"embeddable":true,"href":"https:\/\/justynaniebieszczanska.com\/en\/wp-json\/wp\/v2\/comments?post=3689"}],"wp:featuredmedia":[{"embeddable":true,"href":"https:\/\/justynaniebieszczanska.com\/en\/wp-json\/wp\/v2\/media\/3953"}],"wp:attachment":[{"href":"https:\/\/justynaniebieszczanska.com\/en\/wp-json\/wp\/v2\/media?parent=3689"}],"wp:term":[{"taxonomy":"product_brand","embeddable":true,"href":"https:\/\/justynaniebieszczanska.com\/en\/wp-json\/wp\/v2\/product_brand?post=3689"},{"taxonomy":"product_cat","embeddable":true,"href":"https:\/\/justynaniebieszczanska.com\/en\/wp-json\/wp\/v2\/product_cat?post=3689"},{"taxonomy":"product_tag","embeddable":true,"href":"https:\/\/justynaniebieszczanska.com\/en\/wp-json\/wp\/v2\/product_tag?post=3689"}],"curies":[{"name":"wp","href":"https:\/\/api.w.org\/{rel}","templated":true}]}}