{"id":3668,"date":"2020-08-25T19:02:29","date_gmt":"2020-08-25T19:02:29","guid":{"rendered":"http:\/\/justynaniebieszczanska.com\/?post_type=product&#038;p=3668"},"modified":"2024-03-12T18:47:23","modified_gmt":"2024-03-12T18:47:23","slug":"personal-public-relations","status":"publish","type":"product","link":"https:\/\/justynaniebieszczanska.com\/en\/product\/personal-public-relations\/","title":{"rendered":"Personal public relations"},"content":{"rendered":"<p>Ten e-book to odpowied\u017a na pytania o personal public relations, o to, jak si\u0119 tym zaj\u0105\u0107 i jak zachowa\u0107 wierno\u015b\u0107 sobie b\u0119d\u0105c osob\u0105 publiczn\u0105.<\/p>\n<p>Dowiesz si\u0119 jak w praktyce zacz\u0105\u0107 prac\u0119 nad swoim public relations.<\/p>\n<p>Dostaniesz jasne wskaz\u00f3wki na temat etyki, autentyczno\u015bci i wierno\u015bci sobie w planowaniu komunikacji.<\/p>\n<p>Zobaczysz, \u017ce personal PR jest spraw\u0105, kt\u00f3ra nie tylko definiuje ciebie, ale jest ogromnym potencja\u0142em do wykorzystania w r\u00f3\u017cnych dzia\u0142aniach: od budowania spo\u0142eczno\u015bci, przez sprzeda\u017c i wzmacnianie pozycji eksperta.<\/p>\n<p>E-book (format PDF). 41 stron<\/p>\n<p>SPIS TRE\u015aCI<\/p>\n<ol>\n<li>Twoje ID<\/li>\n<li>Zasady etyczne<\/li>\n<li>Tw\u00f3j (dobry) Public relations<\/li>\n<li>Autentyczno\u015b\u0107<\/li>\n<li>Mi\u0142o\u015b\u0107<\/li>\n<li><strong>Jak ogarn\u0105\u0107 sw\u00f3j PR w 7 dni &#8211; zeszyt \u0107wicze\u0144<\/strong><\/li>\n<li>7 zasad a dobry specjalista PR<\/li>\n<\/ol>\n<p><strong>E-book sk\u0142ada si\u0119 z 2 cz\u0119\u015bci:<\/strong><\/p>\n<p>z fragment\u00f3w z ksi\u0105\u017cki \u201eKobieta na swoim\u201d, w kt\u00f3rych napisa\u0142am o Public relations.<\/p>\n<p>Z 7-dniowego przewodnika pt. Ogarnij sw\u00f3j PR w 7 dni, kt\u00f3ry jest zaproszeniem, w formie zada\u0144, do refleksji o sobie i swojej obecno\u015bci w sferze publicznej. Efektem jest uporz\u0105dkowanie informacji o sobie w sferze publicznej.<\/p>\n","protected":false},"excerpt":{"rendered":"<p class=\"p1\"><span class=\"s1\">Dowiesz si\u0119 jak korzysta\u0107 z public relations w opowiadaniu o sobie.<\/span><\/p>\n","protected":false},"featured_media":3673,"comment_status":"closed","ping_status":"closed","template":"","meta":{"_acf_changed":false},"product_brand":[],"product_cat":[1195],"product_tag":[],"class_list":{"0":"post-3668","1":"product","2":"type-product","3":"status-publish","4":"has-post-thumbnail","5":"","6":"product_cat-ebooki","8":"first","9":"instock","10":"downloadable","11":"virtual","12":"purchasable","13":"product-type-simple"},"acf":[],"yoast_head":"<!-- This site is optimized with the Yoast SEO plugin v27.2 - https:\/\/yoast.com\/product\/yoast-seo-wordpress\/ -->\n<title>Personal public relations - Justyna Niebieszcza\u0144ska<\/title>\n<meta name=\"robots\" content=\"index, follow, max-snippet:-1, max-image-preview:large, max-video-preview:-1\" \/>\n<link rel=\"canonical\" href=\"https:\/\/justynaniebieszczanska.com\/en\/product\/personal-public-relations\/\" \/>\n<meta property=\"og:locale\" content=\"en_US\" \/>\n<meta property=\"og:type\" content=\"article\" \/>\n<meta property=\"og:title\" content=\"Personal public relations - Justyna Niebieszcza\u0144ska\" \/>\n<meta property=\"og:description\" content=\"Dowiesz si\u0119 jak korzysta\u0107 z public relations w opowiadaniu o sobie.\" \/>\n<meta property=\"og:url\" content=\"https:\/\/justynaniebieszczanska.com\/en\/product\/personal-public-relations\/\" \/>\n<meta property=\"og:site_name\" content=\"Justyna Niebieszcza\u0144ska\" \/>\n<meta property=\"article:publisher\" content=\"https:\/\/www.facebook.com\/Niebieszczanska\" \/>\n<meta property=\"article:modified_time\" content=\"2024-03-12T18:47:23+00:00\" \/>\n<meta property=\"og:image\" content=\"https:\/\/justynaniebieszczanska.com\/wp-content\/uploads\/2020\/08\/personal-pr-okladka.jpg\" \/>\n\t<meta property=\"og:image:width\" content=\"1000\" \/>\n\t<meta property=\"og:image:height\" content=\"1138\" \/>\n\t<meta property=\"og:image:type\" content=\"image\/jpeg\" \/>\n<meta name=\"twitter:card\" content=\"summary_large_image\" \/>\n<meta name=\"twitter:label1\" content=\"Est. reading time\" \/>\n\t<meta name=\"twitter:data1\" content=\"2 minutes\" \/>\n<script type=\"application\/ld+json\" class=\"yoast-schema-graph\">{\"@context\":\"https:\/\/schema.org\",\"@graph\":[{\"@type\":\"WebPage\",\"@id\":\"https:\/\/justynaniebieszczanska.com\/en\/product\/personal-public-relations\/\",\"url\":\"https:\/\/justynaniebieszczanska.com\/en\/product\/personal-public-relations\/\",\"name\":\"Personal public relations - Justyna Niebieszcza\u0144ska\",\"isPartOf\":{\"@id\":\"https:\/\/justynaniebieszczanska.com\/en\/#website\"},\"primaryImageOfPage\":{\"@id\":\"https:\/\/justynaniebieszczanska.com\/en\/product\/personal-public-relations\/#primaryimage\"},\"image\":{\"@id\":\"https:\/\/justynaniebieszczanska.com\/en\/product\/personal-public-relations\/#primaryimage\"},\"thumbnailUrl\":\"https:\/\/justynaniebieszczanska.com\/wp-content\/uploads\/2020\/08\/personal-pr-okladka.jpg\",\"datePublished\":\"2020-08-25T19:02:29+00:00\",\"dateModified\":\"2024-03-12T18:47:23+00:00\",\"breadcrumb\":{\"@id\":\"https:\/\/justynaniebieszczanska.com\/en\/product\/personal-public-relations\/#breadcrumb\"},\"inLanguage\":\"en-US\",\"potentialAction\":[{\"@type\":\"ReadAction\",\"target\":[\"https:\/\/justynaniebieszczanska.com\/en\/product\/personal-public-relations\/\"]}]},{\"@type\":\"ImageObject\",\"inLanguage\":\"en-US\",\"@id\":\"https:\/\/justynaniebieszczanska.com\/en\/product\/personal-public-relations\/#primaryimage\",\"url\":\"https:\/\/justynaniebieszczanska.com\/wp-content\/uploads\/2020\/08\/personal-pr-okladka.jpg\",\"contentUrl\":\"https:\/\/justynaniebieszczanska.com\/wp-content\/uploads\/2020\/08\/personal-pr-okladka.jpg\",\"width\":1000,\"height\":1138},{\"@type\":\"BreadcrumbList\",\"@id\":\"https:\/\/justynaniebieszczanska.com\/en\/product\/personal-public-relations\/#breadcrumb\",\"itemListElement\":[{\"@type\":\"ListItem\",\"position\":1,\"name\":\"Home\",\"item\":\"https:\/\/justynaniebieszczanska.com\/en\/\"},{\"@type\":\"ListItem\",\"position\":2,\"name\":\"Personal public relations\"}]},{\"@type\":\"WebSite\",\"@id\":\"https:\/\/justynaniebieszczanska.com\/en\/#website\",\"url\":\"https:\/\/justynaniebieszczanska.com\/en\/\",\"name\":\"Justyna Niebieszcza\u0144ska\",\"description\":\"Przerzuc\u0119 most, po kt\u00f3rym przejdziesz...\",\"potentialAction\":[{\"@type\":\"SearchAction\",\"target\":{\"@type\":\"EntryPoint\",\"urlTemplate\":\"https:\/\/justynaniebieszczanska.com\/en\/?s={search_term_string}\"},\"query-input\":{\"@type\":\"PropertyValueSpecification\",\"valueRequired\":true,\"valueName\":\"search_term_string\"}}],\"inLanguage\":\"en-US\"}]}<\/script>\n<!-- \/ Yoast SEO plugin. -->","yoast_head_json":{"title":"Personal public relations - Justyna Niebieszcza\u0144ska","robots":{"index":"index","follow":"follow","max-snippet":"max-snippet:-1","max-image-preview":"max-image-preview:large","max-video-preview":"max-video-preview:-1"},"canonical":"https:\/\/justynaniebieszczanska.com\/en\/product\/personal-public-relations\/","og_locale":"en_US","og_type":"article","og_title":"Personal public relations - Justyna Niebieszcza\u0144ska","og_description":"Dowiesz si\u0119 jak korzysta\u0107 z public relations w opowiadaniu o sobie.","og_url":"https:\/\/justynaniebieszczanska.com\/en\/product\/personal-public-relations\/","og_site_name":"Justyna Niebieszcza\u0144ska","article_publisher":"https:\/\/www.facebook.com\/Niebieszczanska","article_modified_time":"2024-03-12T18:47:23+00:00","og_image":[{"width":1000,"height":1138,"url":"https:\/\/justynaniebieszczanska.com\/wp-content\/uploads\/2020\/08\/personal-pr-okladka.jpg","type":"image\/jpeg"}],"twitter_card":"summary_large_image","twitter_misc":{"Est. reading time":"2 minutes"},"schema":{"@context":"https:\/\/schema.org","@graph":[{"@type":"WebPage","@id":"https:\/\/justynaniebieszczanska.com\/en\/product\/personal-public-relations\/","url":"https:\/\/justynaniebieszczanska.com\/en\/product\/personal-public-relations\/","name":"Personal public relations - Justyna Niebieszcza\u0144ska","isPartOf":{"@id":"https:\/\/justynaniebieszczanska.com\/en\/#website"},"primaryImageOfPage":{"@id":"https:\/\/justynaniebieszczanska.com\/en\/product\/personal-public-relations\/#primaryimage"},"image":{"@id":"https:\/\/justynaniebieszczanska.com\/en\/product\/personal-public-relations\/#primaryimage"},"thumbnailUrl":"https:\/\/justynaniebieszczanska.com\/wp-content\/uploads\/2020\/08\/personal-pr-okladka.jpg","datePublished":"2020-08-25T19:02:29+00:00","dateModified":"2024-03-12T18:47:23+00:00","breadcrumb":{"@id":"https:\/\/justynaniebieszczanska.com\/en\/product\/personal-public-relations\/#breadcrumb"},"inLanguage":"en-US","potentialAction":[{"@type":"ReadAction","target":["https:\/\/justynaniebieszczanska.com\/en\/product\/personal-public-relations\/"]}]},{"@type":"ImageObject","inLanguage":"en-US","@id":"https:\/\/justynaniebieszczanska.com\/en\/product\/personal-public-relations\/#primaryimage","url":"https:\/\/justynaniebieszczanska.com\/wp-content\/uploads\/2020\/08\/personal-pr-okladka.jpg","contentUrl":"https:\/\/justynaniebieszczanska.com\/wp-content\/uploads\/2020\/08\/personal-pr-okladka.jpg","width":1000,"height":1138},{"@type":"BreadcrumbList","@id":"https:\/\/justynaniebieszczanska.com\/en\/product\/personal-public-relations\/#breadcrumb","itemListElement":[{"@type":"ListItem","position":1,"name":"Home","item":"https:\/\/justynaniebieszczanska.com\/en\/"},{"@type":"ListItem","position":2,"name":"Personal public relations"}]},{"@type":"WebSite","@id":"https:\/\/justynaniebieszczanska.com\/en\/#website","url":"https:\/\/justynaniebieszczanska.com\/en\/","name":"Justyna Niebieszcza\u0144ska","description":"Przerzuc\u0119 most, po kt\u00f3rym przejdziesz...","potentialAction":[{"@type":"SearchAction","target":{"@type":"EntryPoint","urlTemplate":"https:\/\/justynaniebieszczanska.com\/en\/?s={search_term_string}"},"query-input":{"@type":"PropertyValueSpecification","valueRequired":true,"valueName":"search_term_string"}}],"inLanguage":"en-US"}]}},"_links":{"self":[{"href":"https:\/\/justynaniebieszczanska.com\/en\/wp-json\/wp\/v2\/product\/3668","targetHints":{"allow":["GET"]}}],"collection":[{"href":"https:\/\/justynaniebieszczanska.com\/en\/wp-json\/wp\/v2\/product"}],"about":[{"href":"https:\/\/justynaniebieszczanska.com\/en\/wp-json\/wp\/v2\/types\/product"}],"replies":[{"embeddable":true,"href":"https:\/\/justynaniebieszczanska.com\/en\/wp-json\/wp\/v2\/comments?post=3668"}],"wp:featuredmedia":[{"embeddable":true,"href":"https:\/\/justynaniebieszczanska.com\/en\/wp-json\/wp\/v2\/media\/3673"}],"wp:attachment":[{"href":"https:\/\/justynaniebieszczanska.com\/en\/wp-json\/wp\/v2\/media?parent=3668"}],"wp:term":[{"taxonomy":"product_brand","embeddable":true,"href":"https:\/\/justynaniebieszczanska.com\/en\/wp-json\/wp\/v2\/product_brand?post=3668"},{"taxonomy":"product_cat","embeddable":true,"href":"https:\/\/justynaniebieszczanska.com\/en\/wp-json\/wp\/v2\/product_cat?post=3668"},{"taxonomy":"product_tag","embeddable":true,"href":"https:\/\/justynaniebieszczanska.com\/en\/wp-json\/wp\/v2\/product_tag?post=3668"}],"curies":[{"name":"wp","href":"https:\/\/api.w.org\/{rel}","templated":true}]}}