{"id":3542,"date":"2024-03-04T11:24:07","date_gmt":"2024-03-04T11:24:07","guid":{"rendered":"http:\/\/justynaniebieszczanska.com\/?post_type=product&#038;p=3542"},"modified":"2024-03-14T07:57:29","modified_gmt":"2024-03-14T07:57:29","slug":"kurs-kreatywnego-pisania","status":"publish","type":"product","link":"https:\/\/justynaniebieszczanska.com\/en\/product\/kurs-kreatywnego-pisania\/","title":{"rendered":"Creative Writing Course Inspired by Haiku"},"content":{"rendered":"<p class=\"p1\"><span class=\"s1\"><span class=\"a-text-italic\">I created this course with the idea that the art of observation is the most valuable in life. Not only for writers, but for all of us. Thanks to this e-book course, I want everyone to experience creative writing. I admit that I created it with the writers in mind. Especially those seeking, hiding their work in a drawer, doubting. For those in whom the urge to write carries the burden of questions \u2013 \u201cAre you good enough?\u201d &#8211; or if it makes any sense at all. This course is about you being good enough and that it makes sense.<\/span><\/span><span class=\"s1\">Justyna<\/span><\/p>\n<p><span class=\"a-text-bold\">What will you gain in these 5 days?<\/span><\/p>\n<ul class=\"a-unordered-list a-vertical\">\n<li><span class=\"a-list-item\">You will sharpen your sense of observation, which is the driving force behind any form of writing.<\/span><\/li>\n<li><span class=\"a-list-item\">After five days of writing haiku you will know in practice what this poetry is.<\/span><\/li>\n<li><span class=\"a-list-item\">You&#8217;ll see more than you did before, and you&#8217;ll see some things for the first time in your life.<\/span><\/li>\n<li><span class=\"a-list-item\">You will appreciate life differently and \/ or more, experiencing the &#8220;here and now&#8221;.<\/span><\/li>\n<li><span class=\"a-list-item\">You will understand that writing has little to do with inspiration, but that it is a challenge that you can take on.<\/span><\/li>\n<li><span class=\"a-list-item\">You will learn for yourself that writing is also a task &#8211; specific work to be done, so during these 5 days just write according to the instructions, trusting your intuition.<\/span><\/li>\n<li><span class=\"a-list-item\">During these days, I believe that you will experience contact with yourself, i.e. intracommunication. You will learn more about yourself.<\/span><\/li>\n<\/ul>\n<p class=\"p1\"><strong><span class=\"s1\"><br \/>\n<span class=\"a-text-bold\">Recommendations<\/span><\/span><\/strong><\/p>\n<p><span class=\"s1\">\u201cIt brought a new level of creativity, discipline, motivation, synthesizing, a new spectrum of writing, observing the world and describing. And the details.\u201d<\/span><span class=\"s1\"><br \/>\n&#8211; Dagmara<\/span><\/p>\n<p>\u201c5 days with creative writing taught me to be systematic, focused on the here and now and be mindful of the world around me.&#8221;<br \/>\n&#8211; Magdalena<\/p>\n<p>&#8220;It helped me. Once again, writing got it together in my head. Let me put this way: it was therapy for me.&#8221;<br \/>\n&#8211; Julia<\/p>\n","protected":false},"excerpt":{"rendered":"<p id=\"title\" class=\"a-spacing-none a-text-normal\"><span id=\"productTitle\" class=\"a-size-extra-large celwidget\" data-csa-c-id=\"m7563f-m7m788-ixvjy-pdjzze\" data-cel-widget=\"productTitle\">Creative Writing Course Inspired by Haiku: Development of Writing and Personal Workshop in 5 days<\/span><\/p>\n","protected":false},"featured_media":3951,"comment_status":"closed","ping_status":"closed","template":"","meta":{"_acf_changed":false},"product_brand":[],"product_cat":[1194],"product_tag":[],"class_list":{"0":"post-3542","1":"product","2":"type-product","3":"status-publish","4":"has-post-thumbnail","5":"","6":"product_cat-uncategorized","8":"first","9":"instock","10":"downloadable","11":"virtual","12":"purchasable","13":"product-type-simple"},"acf":[],"yoast_head":"<!-- This site is optimized with the Yoast SEO plugin v27.2 - https:\/\/yoast.com\/product\/yoast-seo-wordpress\/ -->\n<title>Creative Writing Course Inspired by Haiku - Justyna Niebieszcza\u0144ska<\/title>\n<meta name=\"robots\" content=\"index, follow, max-snippet:-1, max-image-preview:large, max-video-preview:-1\" \/>\n<link rel=\"canonical\" href=\"https:\/\/justynaniebieszczanska.com\/en\/product\/kurs-kreatywnego-pisania\/\" \/>\n<meta property=\"og:locale\" content=\"en_US\" \/>\n<meta property=\"og:type\" content=\"article\" \/>\n<meta property=\"og:title\" content=\"Creative Writing Course Inspired by Haiku - Justyna Niebieszcza\u0144ska\" \/>\n<meta property=\"og:description\" content=\"Creative Writing Course Inspired by Haiku: Development of Writing and Personal Workshop in 5 days\" \/>\n<meta property=\"og:url\" content=\"https:\/\/justynaniebieszczanska.com\/en\/product\/kurs-kreatywnego-pisania\/\" \/>\n<meta property=\"og:site_name\" content=\"Justyna Niebieszcza\u0144ska\" \/>\n<meta property=\"article:publisher\" content=\"https:\/\/www.facebook.com\/Niebieszczanska\" \/>\n<meta property=\"article:modified_time\" content=\"2024-03-14T07:57:29+00:00\" \/>\n<meta property=\"og:image\" content=\"https:\/\/justynaniebieszczanska.com\/wp-content\/uploads\/2020\/05\/1710270815.jpg\" \/>\n\t<meta property=\"og:image:width\" content=\"1500\" \/>\n\t<meta property=\"og:image:height\" content=\"1366\" \/>\n\t<meta property=\"og:image:type\" content=\"image\/jpeg\" \/>\n<meta name=\"twitter:card\" content=\"summary_large_image\" \/>\n<meta name=\"twitter:label1\" content=\"Est. reading time\" \/>\n\t<meta name=\"twitter:data1\" content=\"3 minutes\" \/>\n<script type=\"application\/ld+json\" class=\"yoast-schema-graph\">{\"@context\":\"https:\/\/schema.org\",\"@graph\":[{\"@type\":\"WebPage\",\"@id\":\"https:\/\/justynaniebieszczanska.com\/en\/product\/kurs-kreatywnego-pisania\/\",\"url\":\"https:\/\/justynaniebieszczanska.com\/en\/product\/kurs-kreatywnego-pisania\/\",\"name\":\"Creative Writing Course Inspired by Haiku - Justyna Niebieszcza\u0144ska\",\"isPartOf\":{\"@id\":\"https:\/\/justynaniebieszczanska.com\/en\/#website\"},\"primaryImageOfPage\":{\"@id\":\"https:\/\/justynaniebieszczanska.com\/en\/product\/kurs-kreatywnego-pisania\/#primaryimage\"},\"image\":{\"@id\":\"https:\/\/justynaniebieszczanska.com\/en\/product\/kurs-kreatywnego-pisania\/#primaryimage\"},\"thumbnailUrl\":\"https:\/\/justynaniebieszczanska.com\/wp-content\/uploads\/2020\/05\/1710270815.jpg\",\"datePublished\":\"2024-03-04T11:24:07+00:00\",\"dateModified\":\"2024-03-14T07:57:29+00:00\",\"breadcrumb\":{\"@id\":\"https:\/\/justynaniebieszczanska.com\/en\/product\/kurs-kreatywnego-pisania\/#breadcrumb\"},\"inLanguage\":\"en-US\",\"potentialAction\":[{\"@type\":\"ReadAction\",\"target\":[\"https:\/\/justynaniebieszczanska.com\/en\/product\/kurs-kreatywnego-pisania\/\"]}]},{\"@type\":\"ImageObject\",\"inLanguage\":\"en-US\",\"@id\":\"https:\/\/justynaniebieszczanska.com\/en\/product\/kurs-kreatywnego-pisania\/#primaryimage\",\"url\":\"https:\/\/justynaniebieszczanska.com\/wp-content\/uploads\/2020\/05\/1710270815.jpg\",\"contentUrl\":\"https:\/\/justynaniebieszczanska.com\/wp-content\/uploads\/2020\/05\/1710270815.jpg\",\"width\":1500,\"height\":1366},{\"@type\":\"BreadcrumbList\",\"@id\":\"https:\/\/justynaniebieszczanska.com\/en\/product\/kurs-kreatywnego-pisania\/#breadcrumb\",\"itemListElement\":[{\"@type\":\"ListItem\",\"position\":1,\"name\":\"Home\",\"item\":\"https:\/\/justynaniebieszczanska.com\/en\/\"},{\"@type\":\"ListItem\",\"position\":2,\"name\":\"Creative Writing Course Inspired by Haiku\"}]},{\"@type\":\"WebSite\",\"@id\":\"https:\/\/justynaniebieszczanska.com\/en\/#website\",\"url\":\"https:\/\/justynaniebieszczanska.com\/en\/\",\"name\":\"Justyna Niebieszcza\u0144ska\",\"description\":\"Przerzuc\u0119 most, po kt\u00f3rym przejdziesz...\",\"potentialAction\":[{\"@type\":\"SearchAction\",\"target\":{\"@type\":\"EntryPoint\",\"urlTemplate\":\"https:\/\/justynaniebieszczanska.com\/en\/?s={search_term_string}\"},\"query-input\":{\"@type\":\"PropertyValueSpecification\",\"valueRequired\":true,\"valueName\":\"search_term_string\"}}],\"inLanguage\":\"en-US\"}]}<\/script>\n<!-- \/ Yoast SEO plugin. -->","yoast_head_json":{"title":"Creative Writing Course Inspired by Haiku - Justyna Niebieszcza\u0144ska","robots":{"index":"index","follow":"follow","max-snippet":"max-snippet:-1","max-image-preview":"max-image-preview:large","max-video-preview":"max-video-preview:-1"},"canonical":"https:\/\/justynaniebieszczanska.com\/en\/product\/kurs-kreatywnego-pisania\/","og_locale":"en_US","og_type":"article","og_title":"Creative Writing Course Inspired by Haiku - Justyna Niebieszcza\u0144ska","og_description":"Creative Writing Course Inspired by Haiku: Development of Writing and Personal Workshop in 5 days","og_url":"https:\/\/justynaniebieszczanska.com\/en\/product\/kurs-kreatywnego-pisania\/","og_site_name":"Justyna Niebieszcza\u0144ska","article_publisher":"https:\/\/www.facebook.com\/Niebieszczanska","article_modified_time":"2024-03-14T07:57:29+00:00","og_image":[{"width":1500,"height":1366,"url":"https:\/\/justynaniebieszczanska.com\/wp-content\/uploads\/2020\/05\/1710270815.jpg","type":"image\/jpeg"}],"twitter_card":"summary_large_image","twitter_misc":{"Est. reading time":"3 minutes"},"schema":{"@context":"https:\/\/schema.org","@graph":[{"@type":"WebPage","@id":"https:\/\/justynaniebieszczanska.com\/en\/product\/kurs-kreatywnego-pisania\/","url":"https:\/\/justynaniebieszczanska.com\/en\/product\/kurs-kreatywnego-pisania\/","name":"Creative Writing Course Inspired by Haiku - Justyna Niebieszcza\u0144ska","isPartOf":{"@id":"https:\/\/justynaniebieszczanska.com\/en\/#website"},"primaryImageOfPage":{"@id":"https:\/\/justynaniebieszczanska.com\/en\/product\/kurs-kreatywnego-pisania\/#primaryimage"},"image":{"@id":"https:\/\/justynaniebieszczanska.com\/en\/product\/kurs-kreatywnego-pisania\/#primaryimage"},"thumbnailUrl":"https:\/\/justynaniebieszczanska.com\/wp-content\/uploads\/2020\/05\/1710270815.jpg","datePublished":"2024-03-04T11:24:07+00:00","dateModified":"2024-03-14T07:57:29+00:00","breadcrumb":{"@id":"https:\/\/justynaniebieszczanska.com\/en\/product\/kurs-kreatywnego-pisania\/#breadcrumb"},"inLanguage":"en-US","potentialAction":[{"@type":"ReadAction","target":["https:\/\/justynaniebieszczanska.com\/en\/product\/kurs-kreatywnego-pisania\/"]}]},{"@type":"ImageObject","inLanguage":"en-US","@id":"https:\/\/justynaniebieszczanska.com\/en\/product\/kurs-kreatywnego-pisania\/#primaryimage","url":"https:\/\/justynaniebieszczanska.com\/wp-content\/uploads\/2020\/05\/1710270815.jpg","contentUrl":"https:\/\/justynaniebieszczanska.com\/wp-content\/uploads\/2020\/05\/1710270815.jpg","width":1500,"height":1366},{"@type":"BreadcrumbList","@id":"https:\/\/justynaniebieszczanska.com\/en\/product\/kurs-kreatywnego-pisania\/#breadcrumb","itemListElement":[{"@type":"ListItem","position":1,"name":"Home","item":"https:\/\/justynaniebieszczanska.com\/en\/"},{"@type":"ListItem","position":2,"name":"Creative Writing Course Inspired by Haiku"}]},{"@type":"WebSite","@id":"https:\/\/justynaniebieszczanska.com\/en\/#website","url":"https:\/\/justynaniebieszczanska.com\/en\/","name":"Justyna Niebieszcza\u0144ska","description":"Przerzuc\u0119 most, po kt\u00f3rym przejdziesz...","potentialAction":[{"@type":"SearchAction","target":{"@type":"EntryPoint","urlTemplate":"https:\/\/justynaniebieszczanska.com\/en\/?s={search_term_string}"},"query-input":{"@type":"PropertyValueSpecification","valueRequired":true,"valueName":"search_term_string"}}],"inLanguage":"en-US"}]}},"_links":{"self":[{"href":"https:\/\/justynaniebieszczanska.com\/en\/wp-json\/wp\/v2\/product\/3542","targetHints":{"allow":["GET"]}}],"collection":[{"href":"https:\/\/justynaniebieszczanska.com\/en\/wp-json\/wp\/v2\/product"}],"about":[{"href":"https:\/\/justynaniebieszczanska.com\/en\/wp-json\/wp\/v2\/types\/product"}],"replies":[{"embeddable":true,"href":"https:\/\/justynaniebieszczanska.com\/en\/wp-json\/wp\/v2\/comments?post=3542"}],"wp:featuredmedia":[{"embeddable":true,"href":"https:\/\/justynaniebieszczanska.com\/en\/wp-json\/wp\/v2\/media\/3951"}],"wp:attachment":[{"href":"https:\/\/justynaniebieszczanska.com\/en\/wp-json\/wp\/v2\/media?parent=3542"}],"wp:term":[{"taxonomy":"product_brand","embeddable":true,"href":"https:\/\/justynaniebieszczanska.com\/en\/wp-json\/wp\/v2\/product_brand?post=3542"},{"taxonomy":"product_cat","embeddable":true,"href":"https:\/\/justynaniebieszczanska.com\/en\/wp-json\/wp\/v2\/product_cat?post=3542"},{"taxonomy":"product_tag","embeddable":true,"href":"https:\/\/justynaniebieszczanska.com\/en\/wp-json\/wp\/v2\/product_tag?post=3542"}],"curies":[{"name":"wp","href":"https:\/\/api.w.org\/{rel}","templated":true}]}}