{"id":4187,"date":"2025-03-16T11:14:50","date_gmt":"2025-03-16T11:14:50","guid":{"rendered":"https:\/\/justynaniebieszczanska.com\/?page_id=4187"},"modified":"2025-03-24T15:30:33","modified_gmt":"2025-03-24T15:30:33","slug":"newsletter","status":"publish","type":"page","link":"https:\/\/justynaniebieszczanska.com\/en\/newsletter\/","title":{"rendered":"Newsletter"},"content":{"rendered":"\r\n<h2>Subscribe to the newsletter<\/h2>\r\n\r\n\r\n\r\n<p>I write letters to stop the rushing world for you. So that together, through reflection and honest conversation with each other, we move towards what is most important and beautiful in life.<\/p>\r\n\r\n\r\n\r\n<p>The topics that interest me most are the philosophy of the good life, slow life, writing (human writing), true stories and dogs.<\/p>\r\n\r\n\r\n\r\n<p><strong>Please note, the newsletter is in Polish<\/strong>. Fortunately, in the age of freely available translators, this is not an obstacle to our communication.<\/p>\r\n\r\n\r\n\r\n<h3>Subscribe<\/h3>\r\n\r\n\r\n\r\n  \n  \n  <div class=\"\n    mailpoet_form_popup_overlay\n      \"><\/div>\n  <div\n    id=\"mailpoet_form_1\"\n    class=\"\n      mailpoet_form\n      mailpoet_form_shortcode\n      mailpoet_form_position_\n      mailpoet_form_animation_\n    \"\n      >\n\n    <style type=\"text\/css\">\n     #mailpoet_form_1 .mailpoet_form {  }\n#mailpoet_form_1 form { margin-bottom: 0; }\n#mailpoet_form_1 p.mailpoet_form_paragraph { margin-bottom: 10px; }\n#mailpoet_form_1 .mailpoet_column_with_background { padding: 10px; }\n#mailpoet_form_1 .mailpoet_form_column:not(:first-child) { margin-left: 20px; }\n#mailpoet_form_1 .mailpoet_paragraph { line-height: 20px; margin-bottom: 20px; }\n#mailpoet_form_1 .mailpoet_segment_label, #mailpoet_form_1 .mailpoet_text_label, #mailpoet_form_1 .mailpoet_textarea_label, #mailpoet_form_1 .mailpoet_select_label, #mailpoet_form_1 .mailpoet_radio_label, #mailpoet_form_1 .mailpoet_checkbox_label, #mailpoet_form_1 .mailpoet_list_label, #mailpoet_form_1 .mailpoet_date_label { display: block; font-weight: normal; }\n#mailpoet_form_1 .mailpoet_text, #mailpoet_form_1 .mailpoet_textarea, #mailpoet_form_1 .mailpoet_select, #mailpoet_form_1 .mailpoet_date_month, #mailpoet_form_1 .mailpoet_date_day, #mailpoet_form_1 .mailpoet_date_year, #mailpoet_form_1 .mailpoet_date { display: block; }\n#mailpoet_form_1 .mailpoet_text, #mailpoet_form_1 .mailpoet_textarea { width: 200px; }\n#mailpoet_form_1 .mailpoet_checkbox {  }\n#mailpoet_form_1 .mailpoet_submit { font-size: 18.8px; font-family: \"Playfair Display\",serif !important; }\n#mailpoet_form_1 .mailpoet_divider {  }\n#mailpoet_form_1 .mailpoet_message {  }\n#mailpoet_form_1 .mailpoet_form_loading { width: 30px; text-align: center; line-height: normal; }\n#mailpoet_form_1 .mailpoet_form_loading > span { width: 5px; height: 5px; background-color: #5b5b5b; }#mailpoet_form_1{border-radius: 0px;text-align: left;}#mailpoet_form_1 form.mailpoet_form {padding: 25px;}#mailpoet_form_1{width: 100%;}#mailpoet_form_1 .mailpoet_message {margin: 0; padding: 0 20px;}\n        #mailpoet_form_1 .mailpoet_validate_success {color: #000000}\n        #mailpoet_form_1 input.parsley-success {color: #000000}\n        #mailpoet_form_1 select.parsley-success {color: #000000}\n        #mailpoet_form_1 textarea.parsley-success {color: #000000}\n      \n        #mailpoet_form_1 .mailpoet_validate_error {color: #cf2e2e}\n        #mailpoet_form_1 input.parsley-error {color: #cf2e2e}\n        #mailpoet_form_1 select.parsley-error {color: #cf2e2e}\n        #mailpoet_form_1 textarea.textarea.parsley-error {color: #cf2e2e}\n        #mailpoet_form_1 .parsley-errors-list {color: #cf2e2e}\n        #mailpoet_form_1 .parsley-required {color: #cf2e2e}\n        #mailpoet_form_1 .parsley-custom-error-message {color: #cf2e2e}\n      #mailpoet_form_1 .mailpoet_paragraph.last {margin-bottom: 0} @media (max-width: 500px) {#mailpoet_form_1 {background-image: none;}} @media (min-width: 500px) {#mailpoet_form_1 .last .mailpoet_paragraph:last-child {margin-bottom: 0}}  @media (max-width: 500px) {#mailpoet_form_1 .mailpoet_form_column:last-child .mailpoet_paragraph:last-child {margin-bottom: 0}} \n    <\/style>\n\n    <form\n      target=\"_self\"\n      method=\"post\"\n      action=\"https:\/\/justynaniebieszczanska.com\/wp-admin\/admin-post.php?action=mailpoet_subscription_form\"\n      class=\"mailpoet_form mailpoet_form_form mailpoet_form_shortcode\"\n      novalidate\n      data-delay=\"\"\n      data-exit-intent-enabled=\"\"\n      data-font-family=\"\"\n      data-cookie-expiration-time=\"\"\n    >\n      <input type=\"hidden\" name=\"data[form_id]\" value=\"1\" \/>\n      <input type=\"hidden\" name=\"token\" value=\"c68a8e8991\" \/>\n      <input type=\"hidden\" name=\"api_version\" value=\"v1\" \/>\n      <input type=\"hidden\" name=\"endpoint\" value=\"subscribers\" \/>\n      <input type=\"hidden\" name=\"mailpoet_method\" value=\"subscribe\" \/>\n\n      <label class=\"mailpoet_hp_email_label\" style=\"display: none !important;\">Please leave this field empty<input type=\"email\" name=\"data[email]\"\/><\/label><div class=\"mailpoet_paragraph \"><input type=\"email\" autocomplete=\"email\" class=\"mailpoet_text\" id=\"form_email_1\" name=\"data[form_field_YjFhMThjMTE5MWM4X2VtYWls]\" title=\"Tw\u00f3j e-mail\" value=\"\" style=\"width:100%;box-sizing:border-box;padding:15px;margin: 0 auto 0 0;font-family:&#039;Montserrat&#039;;\" data-automation-id=\"form_email\"  placeholder=\"Tw\u00f3j e-mail *\" aria-label=\"Tw\u00f3j e-mail *\" data-parsley-errors-container=\".mailpoet_error_206h3\" data-parsley-required=\"true\" required aria-required=\"true\" data-parsley-minlength=\"6\" data-parsley-maxlength=\"150\" data-parsley-type-message=\"This value should be a valid email.\" data-parsley-required-message=\"This field is required.\"\/><span class=\"mailpoet_error_206h3\"><\/span><\/div>\n<div class=\"mailpoet_paragraph \"><input type=\"submit\" class=\"mailpoet_submit\" value=\"Zapisuj\u0119 si\u0119!\" data-automation-id=\"subscribe-submit-button\" style=\"width:100%;box-sizing:border-box;padding:15px;margin: 0 auto 0 0;font-family:&#039;Montserrat&#039;;border-color:transparent;\" \/><span class=\"mailpoet_form_loading\"><span class=\"mailpoet_bounce1\"><\/span><span class=\"mailpoet_bounce2\"><\/span><span class=\"mailpoet_bounce3\"><\/span><\/span><\/div>\n\n      <div class=\"mailpoet_message\">\n        <p class=\"mailpoet_validate_success\"\n                style=\"display:none;\"\n                >Sprawd\u017a swoj\u0105 skrzynk\u0119 odbiorcz\u0105 (albo katalog na spam) i potwierd\u017a swoj\u0105 subskrypcj\u0119. \n        <\/p>\n        <p class=\"mailpoet_validate_error\"\n                style=\"display:none;\"\n                >        <\/p>\n      <\/div>\n    <\/form>\n\n      <\/div>\n\n  \r\n\r\n\r\n\r\n<p class=\"text text--small\"><em>By signing up, you confirm that you would like to receive the newsletter &#8211; including information about news, promotions, products or services from Justyna Niebieszcza\u0144ska (as required by RODO).<\/em><\/p>\r\n<!-- \/wp:post-content -->\r\n<figure id=\"attachment_4028\" aria-describedby=\"caption-attachment-4028\" style=\"width: 300px\" class=\"wp-caption alignright\"><img loading=\"lazy\" decoding=\"async\" class=\"wp-image-4028 size-medium\" style=\"width: 400px;\" src=\"https:\/\/justynaniebieszczanska.com\/wp-content\/uploads\/2024\/07\/IMG_4374_1fb-300x200.jpg\" alt=\"Sibi Fidelis Journal\" width=\"300\" height=\"200\" srcset=\"https:\/\/justynaniebieszczanska.com\/wp-content\/uploads\/2024\/07\/IMG_4374_1fb-300x200.jpg 300w, https:\/\/justynaniebieszczanska.com\/wp-content\/uploads\/2024\/07\/IMG_4374_1fb-1024x683.jpg 1024w, https:\/\/justynaniebieszczanska.com\/wp-content\/uploads\/2024\/07\/IMG_4374_1fb-768x512.jpg 768w, https:\/\/justynaniebieszczanska.com\/wp-content\/uploads\/2024\/07\/IMG_4374_1fb-600x400.jpg 600w, https:\/\/justynaniebieszczanska.com\/wp-content\/uploads\/2024\/07\/IMG_4374_1fb-1536x1024.jpg 1536w, https:\/\/justynaniebieszczanska.com\/wp-content\/uploads\/2024\/07\/IMG_4374_1fb-2000x1333.jpg 2000w, https:\/\/justynaniebieszczanska.com\/wp-content\/uploads\/2024\/07\/IMG_4374_1fb.jpg 2048w\" sizes=\"auto, (max-width: 300px) 100vw, 300px\" \/><figcaption id=\"caption-attachment-4028\" class=\"wp-caption-text\">Photo by Monika Bu\u0144kowska<\/figcaption><\/figure>\r\n<!-- wp:paragraph -->\r\n<p><strong>You can always write to me. I will write back.<\/strong><\/p>\r\n<!-- \/wp:paragraph -->\r\n\r\n<!-- wp:paragraph -->\r\n<p>The best way is to write to: j.niebieszczanska@gmail.com<\/p>\r\n<!-- \/wp:paragraph -->\r\n\r\n<!-- wp:paragraph -->\r\n<p><strong>How did it start?<\/strong><\/p>\r\n<!-- \/wp:paragraph -->\r\n\r\n<!-- wp:paragraph -->\r\n<p>I sent my first letter on 5 June 2022. It was like a letter in a bottle story. I was driven by the hope that someone would come across the bottle, read the letter and write to me. Years later, I can say that people find these letters and write to me. As if to a friend.<\/p>\r\n<!-- \/wp:paragraph -->\r\n\r\n<!-- wp:paragraph -->\r\n<p><strong>My \u2018why?\u2019<\/strong><\/p>\r\n<!-- \/wp:paragraph -->\r\n\r\n<!-- wp:paragraph -->\r\n<p>I believe that by stopping and reflecting you learn how to go through life. Then we are able to hear the inner voice and follow it; then we regain an attentiveness to who we are. My letters are a stopgap &#8211; they are the starting point for what is important, and sometimes the most important, which we no longer miss so easily thanks to these letters.<\/p>\r\n<!-- \/wp:paragraph -->\r\n\r\n<!-- wp:paragraph -->\r\n<p><strong>\u2018SIBI FIDELIS letters\u2019-what does that mean?<\/strong><\/p>\r\n<!-- \/wp:paragraph -->\r\n\r\n<!-- wp:paragraph -->\r\n<p><em>Sibi fidelis<\/em> means faithful to oneself. Fidelity to oneself is a guideline for me not only in life, but also in writing. <em>Sibi fidelis<\/em> a value that gives meaning to what I do and quickly verifies whether I am on the right track with someone or not.<\/p>\r\n<!-- \/wp:paragraph -->\r\n\r\n<!-- wp:paragraph -->\r\n<p><strong>What is special about a letter?<\/strong><\/p>\r\n<!-- \/wp:paragraph -->\r\n\r\n<!-- wp:paragraph -->\r\n<p>Every letter ends with an invitation to reflect. Because I am close to the writers, each reflection is a ready-made writing challenge. So if you are looking for meaningful writing tasks, you will find them in every letter.<\/p>\r\n<!-- \/wp:paragraph -->","protected":false},"excerpt":{"rendered":"<p>Subscribe to the newsletter I write letters to stop the rushing world for you. So that together, through reflection and honest conversation with each other, we move towards what is most important and beautiful in life. The topics that interest me most are the philosophy of the good life, slow life, writing (human writing), true [&hellip;]<\/p>\n","protected":false},"author":3,"featured_media":0,"parent":0,"menu_order":0,"comment_status":"closed","ping_status":"closed","template":"","meta":{"_acf_changed":false,"footnotes":""},"class_list":["post-4187","page","type-page","status-publish",""],"acf":[],"yoast_head":"<!-- This site is optimized with the Yoast SEO plugin v27.2 - https:\/\/yoast.com\/product\/yoast-seo-wordpress\/ -->\n<title>Newsletter - Justyna Niebieszcza\u0144ska<\/title>\n<meta name=\"robots\" content=\"index, follow, max-snippet:-1, max-image-preview:large, max-video-preview:-1\" \/>\n<link rel=\"canonical\" href=\"https:\/\/justynaniebieszczanska.com\/en\/newsletter\/\" \/>\n<meta property=\"og:locale\" content=\"en_US\" \/>\n<meta property=\"og:type\" content=\"article\" \/>\n<meta property=\"og:title\" content=\"Newsletter - Justyna Niebieszcza\u0144ska\" \/>\n<meta property=\"og:description\" content=\"Subscribe to the newsletter I write letters to stop the rushing world for you. So that together, through reflection and honest conversation with each other, we move towards what is most important and beautiful in life. The topics that interest me most are the philosophy of the good life, slow life, writing (human writing), true [&hellip;]\" \/>\n<meta property=\"og:url\" content=\"https:\/\/justynaniebieszczanska.com\/en\/newsletter\/\" \/>\n<meta property=\"og:site_name\" content=\"Justyna Niebieszcza\u0144ska\" \/>\n<meta property=\"article:publisher\" content=\"https:\/\/www.facebook.com\/Niebieszczanska\" \/>\n<meta property=\"article:modified_time\" content=\"2025-03-24T15:30:33+00:00\" \/>\n<meta property=\"og:image\" content=\"https:\/\/justynaniebieszczanska.com\/wp-content\/uploads\/2024\/07\/IMG_4374_1fb.jpg\" \/>\n\t<meta property=\"og:image:width\" content=\"2048\" \/>\n\t<meta property=\"og:image:height\" content=\"1365\" \/>\n\t<meta property=\"og:image:type\" content=\"image\/jpeg\" \/>\n<meta name=\"twitter:card\" content=\"summary_large_image\" \/>\n<meta name=\"twitter:label1\" content=\"Est. reading time\" \/>\n\t<meta name=\"twitter:data1\" content=\"3 minutes\" \/>\n<script type=\"application\/ld+json\" class=\"yoast-schema-graph\">{\"@context\":\"https:\/\/schema.org\",\"@graph\":[{\"@type\":\"WebPage\",\"@id\":\"https:\/\/justynaniebieszczanska.com\/en\/newsletter\/\",\"url\":\"https:\/\/justynaniebieszczanska.com\/en\/newsletter\/\",\"name\":\"Newsletter - Justyna Niebieszcza\u0144ska\",\"isPartOf\":{\"@id\":\"https:\/\/justynaniebieszczanska.com\/en\/#website\"},\"primaryImageOfPage\":{\"@id\":\"https:\/\/justynaniebieszczanska.com\/en\/newsletter\/#primaryimage\"},\"image\":{\"@id\":\"https:\/\/justynaniebieszczanska.com\/en\/newsletter\/#primaryimage\"},\"thumbnailUrl\":\"https:\/\/justynaniebieszczanska.com\/wp-content\/uploads\/2024\/07\/IMG_4374_1fb-300x200.jpg\",\"datePublished\":\"2025-03-16T11:14:50+00:00\",\"dateModified\":\"2025-03-24T15:30:33+00:00\",\"breadcrumb\":{\"@id\":\"https:\/\/justynaniebieszczanska.com\/en\/newsletter\/#breadcrumb\"},\"inLanguage\":\"en-US\",\"potentialAction\":[{\"@type\":\"ReadAction\",\"target\":[\"https:\/\/justynaniebieszczanska.com\/en\/newsletter\/\"]}]},{\"@type\":\"ImageObject\",\"inLanguage\":\"en-US\",\"@id\":\"https:\/\/justynaniebieszczanska.com\/en\/newsletter\/#primaryimage\",\"url\":\"https:\/\/justynaniebieszczanska.com\/wp-content\/uploads\/2024\/07\/IMG_4374_1fb-300x200.jpg\",\"contentUrl\":\"https:\/\/justynaniebieszczanska.com\/wp-content\/uploads\/2024\/07\/IMG_4374_1fb-300x200.jpg\"},{\"@type\":\"BreadcrumbList\",\"@id\":\"https:\/\/justynaniebieszczanska.com\/en\/newsletter\/#breadcrumb\",\"itemListElement\":[{\"@type\":\"ListItem\",\"position\":1,\"name\":\"Home\",\"item\":\"https:\/\/justynaniebieszczanska.com\/en\/\"},{\"@type\":\"ListItem\",\"position\":2,\"name\":\"Newsletter\"}]},{\"@type\":\"WebSite\",\"@id\":\"https:\/\/justynaniebieszczanska.com\/en\/#website\",\"url\":\"https:\/\/justynaniebieszczanska.com\/en\/\",\"name\":\"Justyna Niebieszcza\u0144ska\",\"description\":\"Przerzuc\u0119 most, po kt\u00f3rym przejdziesz...\",\"potentialAction\":[{\"@type\":\"SearchAction\",\"target\":{\"@type\":\"EntryPoint\",\"urlTemplate\":\"https:\/\/justynaniebieszczanska.com\/en\/?s={search_term_string}\"},\"query-input\":{\"@type\":\"PropertyValueSpecification\",\"valueRequired\":true,\"valueName\":\"search_term_string\"}}],\"inLanguage\":\"en-US\"}]}<\/script>\n<!-- \/ Yoast SEO plugin. -->","yoast_head_json":{"title":"Newsletter - Justyna Niebieszcza\u0144ska","robots":{"index":"index","follow":"follow","max-snippet":"max-snippet:-1","max-image-preview":"max-image-preview:large","max-video-preview":"max-video-preview:-1"},"canonical":"https:\/\/justynaniebieszczanska.com\/en\/newsletter\/","og_locale":"en_US","og_type":"article","og_title":"Newsletter - Justyna Niebieszcza\u0144ska","og_description":"Subscribe to the newsletter I write letters to stop the rushing world for you. So that together, through reflection and honest conversation with each other, we move towards what is most important and beautiful in life. The topics that interest me most are the philosophy of the good life, slow life, writing (human writing), true [&hellip;]","og_url":"https:\/\/justynaniebieszczanska.com\/en\/newsletter\/","og_site_name":"Justyna Niebieszcza\u0144ska","article_publisher":"https:\/\/www.facebook.com\/Niebieszczanska","article_modified_time":"2025-03-24T15:30:33+00:00","og_image":[{"width":2048,"height":1365,"url":"https:\/\/justynaniebieszczanska.com\/wp-content\/uploads\/2024\/07\/IMG_4374_1fb.jpg","type":"image\/jpeg"}],"twitter_card":"summary_large_image","twitter_misc":{"Est. reading time":"3 minutes"},"schema":{"@context":"https:\/\/schema.org","@graph":[{"@type":"WebPage","@id":"https:\/\/justynaniebieszczanska.com\/en\/newsletter\/","url":"https:\/\/justynaniebieszczanska.com\/en\/newsletter\/","name":"Newsletter - Justyna Niebieszcza\u0144ska","isPartOf":{"@id":"https:\/\/justynaniebieszczanska.com\/en\/#website"},"primaryImageOfPage":{"@id":"https:\/\/justynaniebieszczanska.com\/en\/newsletter\/#primaryimage"},"image":{"@id":"https:\/\/justynaniebieszczanska.com\/en\/newsletter\/#primaryimage"},"thumbnailUrl":"https:\/\/justynaniebieszczanska.com\/wp-content\/uploads\/2024\/07\/IMG_4374_1fb-300x200.jpg","datePublished":"2025-03-16T11:14:50+00:00","dateModified":"2025-03-24T15:30:33+00:00","breadcrumb":{"@id":"https:\/\/justynaniebieszczanska.com\/en\/newsletter\/#breadcrumb"},"inLanguage":"en-US","potentialAction":[{"@type":"ReadAction","target":["https:\/\/justynaniebieszczanska.com\/en\/newsletter\/"]}]},{"@type":"ImageObject","inLanguage":"en-US","@id":"https:\/\/justynaniebieszczanska.com\/en\/newsletter\/#primaryimage","url":"https:\/\/justynaniebieszczanska.com\/wp-content\/uploads\/2024\/07\/IMG_4374_1fb-300x200.jpg","contentUrl":"https:\/\/justynaniebieszczanska.com\/wp-content\/uploads\/2024\/07\/IMG_4374_1fb-300x200.jpg"},{"@type":"BreadcrumbList","@id":"https:\/\/justynaniebieszczanska.com\/en\/newsletter\/#breadcrumb","itemListElement":[{"@type":"ListItem","position":1,"name":"Home","item":"https:\/\/justynaniebieszczanska.com\/en\/"},{"@type":"ListItem","position":2,"name":"Newsletter"}]},{"@type":"WebSite","@id":"https:\/\/justynaniebieszczanska.com\/en\/#website","url":"https:\/\/justynaniebieszczanska.com\/en\/","name":"Justyna Niebieszcza\u0144ska","description":"Przerzuc\u0119 most, po kt\u00f3rym przejdziesz...","potentialAction":[{"@type":"SearchAction","target":{"@type":"EntryPoint","urlTemplate":"https:\/\/justynaniebieszczanska.com\/en\/?s={search_term_string}"},"query-input":{"@type":"PropertyValueSpecification","valueRequired":true,"valueName":"search_term_string"}}],"inLanguage":"en-US"}]}},"_links":{"self":[{"href":"https:\/\/justynaniebieszczanska.com\/en\/wp-json\/wp\/v2\/pages\/4187","targetHints":{"allow":["GET"]}}],"collection":[{"href":"https:\/\/justynaniebieszczanska.com\/en\/wp-json\/wp\/v2\/pages"}],"about":[{"href":"https:\/\/justynaniebieszczanska.com\/en\/wp-json\/wp\/v2\/types\/page"}],"author":[{"embeddable":true,"href":"https:\/\/justynaniebieszczanska.com\/en\/wp-json\/wp\/v2\/users\/3"}],"replies":[{"embeddable":true,"href":"https:\/\/justynaniebieszczanska.com\/en\/wp-json\/wp\/v2\/comments?post=4187"}],"version-history":[{"count":5,"href":"https:\/\/justynaniebieszczanska.com\/en\/wp-json\/wp\/v2\/pages\/4187\/revisions"}],"predecessor-version":[{"id":4281,"href":"https:\/\/justynaniebieszczanska.com\/en\/wp-json\/wp\/v2\/pages\/4187\/revisions\/4281"}],"wp:attachment":[{"href":"https:\/\/justynaniebieszczanska.com\/en\/wp-json\/wp\/v2\/media?parent=4187"}],"curies":[{"name":"wp","href":"https:\/\/api.w.org\/{rel}","templated":true}]}}