{"id":4097,"date":"2025-03-11T11:09:21","date_gmt":"2025-03-11T11:09:21","guid":{"rendered":"https:\/\/justynaniebieszczanska.com\/?page_id=4097"},"modified":"2025-03-24T19:13:34","modified_gmt":"2025-03-24T19:13:34","slug":"contact-2","status":"publish","type":"page","link":"https:\/\/justynaniebieszczanska.com\/en\/contact-2\/","title":{"rendered":"Contact"},"content":{"rendered":"\n<h2 class=\"wp-block-heading\">How can you contact me?<\/h2>\n\n\n\n<p>The best way is by email! <a href=\"mailto:j.niebieszczanska@gmail.com\" target=\"_blank\" rel=\"noreferrer noopener\">j.niebieszczanska@gmail.com<\/a><\/p>\n\n\n\n<p>You can also use WhatsApp: +48 607 877 286 or send a text message with info about what you want to talk about and I will get in touch with you.<\/p>\n\n\n\n<h3 class=\"wp-block-heading\">Newsletter<\/h3>\n\n\n\n<p>Subscribe if reflection and mindful living are what you need. Then we will be in constant contact.<\/p>\n\n\n\n  \n  \n  <div class=\"\n    mailpoet_form_popup_overlay\n      \"><\/div>\n  <div\n    id=\"mailpoet_form_1\"\n    class=\"\n      mailpoet_form\n      mailpoet_form_shortcode\n      mailpoet_form_position_\n      mailpoet_form_animation_\n    \"\n      >\n\n    <style type=\"text\/css\">\n     #mailpoet_form_1 .mailpoet_form {  }\n#mailpoet_form_1 form { margin-bottom: 0; }\n#mailpoet_form_1 p.mailpoet_form_paragraph { margin-bottom: 10px; }\n#mailpoet_form_1 .mailpoet_column_with_background { padding: 10px; }\n#mailpoet_form_1 .mailpoet_form_column:not(:first-child) { margin-left: 20px; }\n#mailpoet_form_1 .mailpoet_paragraph { line-height: 20px; margin-bottom: 20px; }\n#mailpoet_form_1 .mailpoet_segment_label, #mailpoet_form_1 .mailpoet_text_label, #mailpoet_form_1 .mailpoet_textarea_label, #mailpoet_form_1 .mailpoet_select_label, #mailpoet_form_1 .mailpoet_radio_label, #mailpoet_form_1 .mailpoet_checkbox_label, #mailpoet_form_1 .mailpoet_list_label, #mailpoet_form_1 .mailpoet_date_label { display: block; font-weight: normal; }\n#mailpoet_form_1 .mailpoet_text, #mailpoet_form_1 .mailpoet_textarea, #mailpoet_form_1 .mailpoet_select, #mailpoet_form_1 .mailpoet_date_month, #mailpoet_form_1 .mailpoet_date_day, #mailpoet_form_1 .mailpoet_date_year, #mailpoet_form_1 .mailpoet_date { display: block; }\n#mailpoet_form_1 .mailpoet_text, #mailpoet_form_1 .mailpoet_textarea { width: 200px; }\n#mailpoet_form_1 .mailpoet_checkbox {  }\n#mailpoet_form_1 .mailpoet_submit { font-size: 18.8px; font-family: \"Playfair Display\",serif !important; }\n#mailpoet_form_1 .mailpoet_divider {  }\n#mailpoet_form_1 .mailpoet_message {  }\n#mailpoet_form_1 .mailpoet_form_loading { width: 30px; text-align: center; line-height: normal; }\n#mailpoet_form_1 .mailpoet_form_loading > span { width: 5px; height: 5px; background-color: #5b5b5b; }#mailpoet_form_1{border-radius: 0px;text-align: left;}#mailpoet_form_1 form.mailpoet_form {padding: 25px;}#mailpoet_form_1{width: 100%;}#mailpoet_form_1 .mailpoet_message {margin: 0; padding: 0 20px;}\n        #mailpoet_form_1 .mailpoet_validate_success {color: #000000}\n        #mailpoet_form_1 input.parsley-success {color: #000000}\n        #mailpoet_form_1 select.parsley-success {color: #000000}\n        #mailpoet_form_1 textarea.parsley-success {color: #000000}\n      \n        #mailpoet_form_1 .mailpoet_validate_error {color: #cf2e2e}\n        #mailpoet_form_1 input.parsley-error {color: #cf2e2e}\n        #mailpoet_form_1 select.parsley-error {color: #cf2e2e}\n        #mailpoet_form_1 textarea.textarea.parsley-error {color: #cf2e2e}\n        #mailpoet_form_1 .parsley-errors-list {color: #cf2e2e}\n        #mailpoet_form_1 .parsley-required {color: #cf2e2e}\n        #mailpoet_form_1 .parsley-custom-error-message {color: #cf2e2e}\n      #mailpoet_form_1 .mailpoet_paragraph.last {margin-bottom: 0} @media (max-width: 500px) {#mailpoet_form_1 {background-image: none;}} @media (min-width: 500px) {#mailpoet_form_1 .last .mailpoet_paragraph:last-child {margin-bottom: 0}}  @media (max-width: 500px) {#mailpoet_form_1 .mailpoet_form_column:last-child .mailpoet_paragraph:last-child {margin-bottom: 0}} \n    <\/style>\n\n    <form\n      target=\"_self\"\n      method=\"post\"\n      action=\"https:\/\/justynaniebieszczanska.com\/wp-admin\/admin-post.php?action=mailpoet_subscription_form\"\n      class=\"mailpoet_form mailpoet_form_form mailpoet_form_shortcode\"\n      novalidate\n      data-delay=\"\"\n      data-exit-intent-enabled=\"\"\n      data-font-family=\"\"\n      data-cookie-expiration-time=\"\"\n    >\n      <input type=\"hidden\" name=\"data[form_id]\" value=\"1\" \/>\n      <input type=\"hidden\" name=\"token\" value=\"75276ce055\" \/>\n      <input type=\"hidden\" name=\"api_version\" value=\"v1\" \/>\n      <input type=\"hidden\" name=\"endpoint\" value=\"subscribers\" \/>\n      <input type=\"hidden\" name=\"mailpoet_method\" value=\"subscribe\" \/>\n\n      <label class=\"mailpoet_hp_email_label\" style=\"display: none !important;\">Please leave this field empty<input type=\"email\" name=\"data[email]\"\/><\/label><div class=\"mailpoet_paragraph \"><input type=\"email\" autocomplete=\"email\" class=\"mailpoet_text\" id=\"form_email_1\" name=\"data[form_field_YjFhMThjMTE5MWM4X2VtYWls]\" title=\"Tw\u00f3j e-mail\" value=\"\" style=\"width:100%;box-sizing:border-box;padding:15px;margin: 0 auto 0 0;font-family:&#039;Montserrat&#039;;\" data-automation-id=\"form_email\"  placeholder=\"Tw\u00f3j e-mail *\" aria-label=\"Tw\u00f3j e-mail *\" data-parsley-errors-container=\".mailpoet_error_mwoe4\" data-parsley-required=\"true\" required aria-required=\"true\" data-parsley-minlength=\"6\" data-parsley-maxlength=\"150\" data-parsley-type-message=\"This value should be a valid email.\" data-parsley-required-message=\"This field is required.\"\/><span class=\"mailpoet_error_mwoe4\"><\/span><\/div>\n<div class=\"mailpoet_paragraph \"><input type=\"submit\" class=\"mailpoet_submit\" value=\"Zapisuj\u0119 si\u0119!\" data-automation-id=\"subscribe-submit-button\" style=\"width:100%;box-sizing:border-box;padding:15px;margin: 0 auto 0 0;font-family:&#039;Montserrat&#039;;border-color:transparent;\" \/><span class=\"mailpoet_form_loading\"><span class=\"mailpoet_bounce1\"><\/span><span class=\"mailpoet_bounce2\"><\/span><span class=\"mailpoet_bounce3\"><\/span><\/span><\/div>\n\n      <div class=\"mailpoet_message\">\n        <p class=\"mailpoet_validate_success\"\n                style=\"display:none;\"\n                >Sprawd\u017a swoj\u0105 skrzynk\u0119 odbiorcz\u0105 (albo katalog na spam) i potwierd\u017a swoj\u0105 subskrypcj\u0119. \n        <\/p>\n        <p class=\"mailpoet_validate_error\"\n                style=\"display:none;\"\n                >        <\/p>\n      <\/div>\n    <\/form>\n\n      <\/div>\n\n  \n\n\n\n<p class=\"text text--small\"><em>By signing up, you confirm that you would like to receive the newsletter &#8211; including information about news, promotions, products or services from Justyna Niebieszcza\u0144ska (as required by RODO).<\/em><\/p>\n\n\n\n<h2 class=\"wp-block-heading\">How can you work with me?<\/h2>\n\n\n\n<p>Let&#8217;s start with a conversation &#8211; tell me what you need, what you are struggling with, what you want to achieve or improve.<\/p>\n\n\n<div class=\"wp-block-image\">\n<figure class=\"alignright size-medium\"><img loading=\"lazy\" decoding=\"async\" width=\"300\" height=\"200\" src=\"https:\/\/justynaniebieszczanska.com\/wp-content\/uploads\/2025\/03\/justyna-niebieszczanska-wspolpraca-300x200.jpg\" alt=\"\" class=\"wp-image-4167\" srcset=\"https:\/\/justynaniebieszczanska.com\/wp-content\/uploads\/2025\/03\/justyna-niebieszczanska-wspolpraca-300x200.jpg 300w, https:\/\/justynaniebieszczanska.com\/wp-content\/uploads\/2025\/03\/justyna-niebieszczanska-wspolpraca.jpg 500w\" sizes=\"auto, (max-width: 300px) 100vw, 300px\" \/><\/figure><\/div>\n\n\n<p>Write to me at <a href=\"mailto:j.niebieszczanska@gmail.com\" target=\"_blank\" rel=\"noreferrer noopener\">j.niebieszczanska@gmail.com<\/a><\/p>\n\n\n\n<p>I can conduct a training course, workshop or course for your organisation.<\/p>\n\n\n\n<p>I can prepare a talk or lecture or run a seminar.<\/p>\n\n\n\n<p>I can work with you individually online and in person.<\/p>\n\n\n\n<p>My knowledge and experience relate to three issues:<\/p>\n\n\n\n<ul class=\"wp-block-list\">\n<li>communication strategy, personal public relations,&nbsp; negotiation based on NVC, Business English, effective business writing;<\/li>\n\n\n\n<li>creative writing using own methodology, intracommunication through writing, writing for the internet, comprehensive support in writing a book based on\/related to a personal story, improving personal communication with the world through writing;<\/li>\n\n\n\n<li>slow life philosophy, the importance of reflection, Zen poetry.<\/li>\n<\/ul>\n","protected":false},"excerpt":{"rendered":"<p>How can you contact me? The best way is by email! j.niebieszczanska@gmail.com You can also use WhatsApp: +48 607 877 286 or send a text message with info about what you want to talk about and I will get in touch with you. Newsletter Subscribe if reflection and mindful living are what you need. Then [&hellip;]<\/p>\n","protected":false},"author":3,"featured_media":0,"parent":0,"menu_order":0,"comment_status":"closed","ping_status":"closed","template":"","meta":{"_acf_changed":false,"footnotes":""},"class_list":["post-4097","page","type-page","status-publish",""],"acf":[],"yoast_head":"<!-- This site is optimized with the Yoast SEO plugin v27.2 - https:\/\/yoast.com\/product\/yoast-seo-wordpress\/ -->\n<title>Contact - Justyna Niebieszcza\u0144ska<\/title>\n<meta name=\"robots\" content=\"index, follow, max-snippet:-1, max-image-preview:large, max-video-preview:-1\" \/>\n<link rel=\"canonical\" href=\"https:\/\/justynaniebieszczanska.com\/en\/contact-2\/\" \/>\n<meta property=\"og:locale\" content=\"en_US\" \/>\n<meta property=\"og:type\" content=\"article\" \/>\n<meta property=\"og:title\" content=\"Contact - Justyna Niebieszcza\u0144ska\" \/>\n<meta property=\"og:description\" content=\"How can you contact me? The best way is by email! j.niebieszczanska@gmail.com You can also use WhatsApp: +48 607 877 286 or send a text message with info about what you want to talk about and I will get in touch with you. Newsletter Subscribe if reflection and mindful living are what you need. Then [&hellip;]\" \/>\n<meta property=\"og:url\" content=\"https:\/\/justynaniebieszczanska.com\/en\/contact-2\/\" \/>\n<meta property=\"og:site_name\" content=\"Justyna Niebieszcza\u0144ska\" \/>\n<meta property=\"article:publisher\" content=\"https:\/\/www.facebook.com\/Niebieszczanska\" \/>\n<meta property=\"article:modified_time\" content=\"2025-03-24T19:13:34+00:00\" \/>\n<meta property=\"og:image\" content=\"https:\/\/justynaniebieszczanska.com\/wp-content\/uploads\/2025\/03\/justyna-niebieszczanska-wspolpraca.jpg\" \/>\n\t<meta property=\"og:image:width\" content=\"500\" \/>\n\t<meta property=\"og:image:height\" content=\"333\" \/>\n\t<meta property=\"og:image:type\" content=\"image\/jpeg\" \/>\n<meta name=\"twitter:card\" content=\"summary_large_image\" \/>\n<meta name=\"twitter:label1\" content=\"Est. reading time\" \/>\n\t<meta name=\"twitter:data1\" content=\"2 minutes\" \/>\n<script type=\"application\/ld+json\" class=\"yoast-schema-graph\">{\"@context\":\"https:\/\/schema.org\",\"@graph\":[{\"@type\":\"WebPage\",\"@id\":\"https:\/\/justynaniebieszczanska.com\/en\/contact-2\/\",\"url\":\"https:\/\/justynaniebieszczanska.com\/en\/contact-2\/\",\"name\":\"Contact - Justyna Niebieszcza\u0144ska\",\"isPartOf\":{\"@id\":\"https:\/\/justynaniebieszczanska.com\/en\/#website\"},\"primaryImageOfPage\":{\"@id\":\"https:\/\/justynaniebieszczanska.com\/en\/contact-2\/#primaryimage\"},\"image\":{\"@id\":\"https:\/\/justynaniebieszczanska.com\/en\/contact-2\/#primaryimage\"},\"thumbnailUrl\":\"https:\/\/justynaniebieszczanska.com\/wp-content\/uploads\/2025\/03\/justyna-niebieszczanska-wspolpraca-300x200.jpg\",\"datePublished\":\"2025-03-11T11:09:21+00:00\",\"dateModified\":\"2025-03-24T19:13:34+00:00\",\"breadcrumb\":{\"@id\":\"https:\/\/justynaniebieszczanska.com\/en\/contact-2\/#breadcrumb\"},\"inLanguage\":\"en-US\",\"potentialAction\":[{\"@type\":\"ReadAction\",\"target\":[\"https:\/\/justynaniebieszczanska.com\/en\/contact-2\/\"]}]},{\"@type\":\"ImageObject\",\"inLanguage\":\"en-US\",\"@id\":\"https:\/\/justynaniebieszczanska.com\/en\/contact-2\/#primaryimage\",\"url\":\"https:\/\/justynaniebieszczanska.com\/wp-content\/uploads\/2025\/03\/justyna-niebieszczanska-wspolpraca-300x200.jpg\",\"contentUrl\":\"https:\/\/justynaniebieszczanska.com\/wp-content\/uploads\/2025\/03\/justyna-niebieszczanska-wspolpraca-300x200.jpg\"},{\"@type\":\"BreadcrumbList\",\"@id\":\"https:\/\/justynaniebieszczanska.com\/en\/contact-2\/#breadcrumb\",\"itemListElement\":[{\"@type\":\"ListItem\",\"position\":1,\"name\":\"Home\",\"item\":\"https:\/\/justynaniebieszczanska.com\/en\/\"},{\"@type\":\"ListItem\",\"position\":2,\"name\":\"Contact\"}]},{\"@type\":\"WebSite\",\"@id\":\"https:\/\/justynaniebieszczanska.com\/en\/#website\",\"url\":\"https:\/\/justynaniebieszczanska.com\/en\/\",\"name\":\"Justyna Niebieszcza\u0144ska\",\"description\":\"Przerzuc\u0119 most, po kt\u00f3rym przejdziesz...\",\"potentialAction\":[{\"@type\":\"SearchAction\",\"target\":{\"@type\":\"EntryPoint\",\"urlTemplate\":\"https:\/\/justynaniebieszczanska.com\/en\/?s={search_term_string}\"},\"query-input\":{\"@type\":\"PropertyValueSpecification\",\"valueRequired\":true,\"valueName\":\"search_term_string\"}}],\"inLanguage\":\"en-US\"}]}<\/script>\n<!-- \/ Yoast SEO plugin. -->","yoast_head_json":{"title":"Contact - Justyna Niebieszcza\u0144ska","robots":{"index":"index","follow":"follow","max-snippet":"max-snippet:-1","max-image-preview":"max-image-preview:large","max-video-preview":"max-video-preview:-1"},"canonical":"https:\/\/justynaniebieszczanska.com\/en\/contact-2\/","og_locale":"en_US","og_type":"article","og_title":"Contact - Justyna Niebieszcza\u0144ska","og_description":"How can you contact me? The best way is by email! j.niebieszczanska@gmail.com You can also use WhatsApp: +48 607 877 286 or send a text message with info about what you want to talk about and I will get in touch with you. Newsletter Subscribe if reflection and mindful living are what you need. Then [&hellip;]","og_url":"https:\/\/justynaniebieszczanska.com\/en\/contact-2\/","og_site_name":"Justyna Niebieszcza\u0144ska","article_publisher":"https:\/\/www.facebook.com\/Niebieszczanska","article_modified_time":"2025-03-24T19:13:34+00:00","og_image":[{"width":500,"height":333,"url":"https:\/\/justynaniebieszczanska.com\/wp-content\/uploads\/2025\/03\/justyna-niebieszczanska-wspolpraca.jpg","type":"image\/jpeg"}],"twitter_card":"summary_large_image","twitter_misc":{"Est. reading time":"2 minutes"},"schema":{"@context":"https:\/\/schema.org","@graph":[{"@type":"WebPage","@id":"https:\/\/justynaniebieszczanska.com\/en\/contact-2\/","url":"https:\/\/justynaniebieszczanska.com\/en\/contact-2\/","name":"Contact - Justyna Niebieszcza\u0144ska","isPartOf":{"@id":"https:\/\/justynaniebieszczanska.com\/en\/#website"},"primaryImageOfPage":{"@id":"https:\/\/justynaniebieszczanska.com\/en\/contact-2\/#primaryimage"},"image":{"@id":"https:\/\/justynaniebieszczanska.com\/en\/contact-2\/#primaryimage"},"thumbnailUrl":"https:\/\/justynaniebieszczanska.com\/wp-content\/uploads\/2025\/03\/justyna-niebieszczanska-wspolpraca-300x200.jpg","datePublished":"2025-03-11T11:09:21+00:00","dateModified":"2025-03-24T19:13:34+00:00","breadcrumb":{"@id":"https:\/\/justynaniebieszczanska.com\/en\/contact-2\/#breadcrumb"},"inLanguage":"en-US","potentialAction":[{"@type":"ReadAction","target":["https:\/\/justynaniebieszczanska.com\/en\/contact-2\/"]}]},{"@type":"ImageObject","inLanguage":"en-US","@id":"https:\/\/justynaniebieszczanska.com\/en\/contact-2\/#primaryimage","url":"https:\/\/justynaniebieszczanska.com\/wp-content\/uploads\/2025\/03\/justyna-niebieszczanska-wspolpraca-300x200.jpg","contentUrl":"https:\/\/justynaniebieszczanska.com\/wp-content\/uploads\/2025\/03\/justyna-niebieszczanska-wspolpraca-300x200.jpg"},{"@type":"BreadcrumbList","@id":"https:\/\/justynaniebieszczanska.com\/en\/contact-2\/#breadcrumb","itemListElement":[{"@type":"ListItem","position":1,"name":"Home","item":"https:\/\/justynaniebieszczanska.com\/en\/"},{"@type":"ListItem","position":2,"name":"Contact"}]},{"@type":"WebSite","@id":"https:\/\/justynaniebieszczanska.com\/en\/#website","url":"https:\/\/justynaniebieszczanska.com\/en\/","name":"Justyna Niebieszcza\u0144ska","description":"Przerzuc\u0119 most, po kt\u00f3rym przejdziesz...","potentialAction":[{"@type":"SearchAction","target":{"@type":"EntryPoint","urlTemplate":"https:\/\/justynaniebieszczanska.com\/en\/?s={search_term_string}"},"query-input":{"@type":"PropertyValueSpecification","valueRequired":true,"valueName":"search_term_string"}}],"inLanguage":"en-US"}]}},"_links":{"self":[{"href":"https:\/\/justynaniebieszczanska.com\/en\/wp-json\/wp\/v2\/pages\/4097","targetHints":{"allow":["GET"]}}],"collection":[{"href":"https:\/\/justynaniebieszczanska.com\/en\/wp-json\/wp\/v2\/pages"}],"about":[{"href":"https:\/\/justynaniebieszczanska.com\/en\/wp-json\/wp\/v2\/types\/page"}],"author":[{"embeddable":true,"href":"https:\/\/justynaniebieszczanska.com\/en\/wp-json\/wp\/v2\/users\/3"}],"replies":[{"embeddable":true,"href":"https:\/\/justynaniebieszczanska.com\/en\/wp-json\/wp\/v2\/comments?post=4097"}],"version-history":[{"count":10,"href":"https:\/\/justynaniebieszczanska.com\/en\/wp-json\/wp\/v2\/pages\/4097\/revisions"}],"predecessor-version":[{"id":4287,"href":"https:\/\/justynaniebieszczanska.com\/en\/wp-json\/wp\/v2\/pages\/4097\/revisions\/4287"}],"wp:attachment":[{"href":"https:\/\/justynaniebieszczanska.com\/en\/wp-json\/wp\/v2\/media?parent=4097"}],"curies":[{"name":"wp","href":"https:\/\/api.w.org\/{rel}","templated":true}]}}