{"id":4094,"date":"2025-03-11T11:08:56","date_gmt":"2025-03-11T11:08:56","guid":{"rendered":"https:\/\/justynaniebieszczanska.com\/?page_id=4094"},"modified":"2025-03-24T18:57:18","modified_gmt":"2025-03-24T18:57:18","slug":"retreat","status":"publish","type":"page","link":"https:\/\/justynaniebieszczanska.com\/en\/retreat\/","title":{"rendered":"Retreat"},"content":{"rendered":"\n<div class=\"gb-element-8a32703b\">\n<h2 class=\"wp-block-heading\">Malta Business Communication Mastermind<\/h2>\n\n\n\n<div class=\"gb-element-e9544db2\">\n<div class=\"gb-element-9b5e1037\">\n<div class=\"gb-element-d3cd5b18\">\n<div class=\"gb-text-1c91effc\"><span class=\"gb-shape\"><svg width=\"24\" height=\"24\" viewBox=\"0 0 24 24\" fill=\"none\" xmlns=\"http:\/\/www.w3.org\/2000\/svg\">\n<path fill-rule=\"evenodd\" clip-rule=\"evenodd\" d=\"M17.9952 1.59713C12.2624 -1.68942 4.92751 0.257054 1.61174 5.9599C-1.70749 11.6686 0.266303 18.9637 6.0048 22.2536C11.7375 25.5401 19.0724 23.5937 22.3883 17.8909C25.7075 12.1821 23.7336 4.887 17.9952 1.59713ZM4.0526 7.37903C5.60789 4.70403 8.32778 3.10689 11.2133 2.85786C11.3949 3.50732 11.4907 3.87253 11.3731 4.54571C11.2989 4.97007 11.2041 5.51337 11.1538 6.04376C11.034 7.30795 11.0624 9.51651 13.1571 10.5272C14.1392 11.0009 14.7833 11.589 15.2957 12.1433C15.431 12.2897 15.5624 12.4431 15.6943 12.5971C16.089 13.0582 16.4886 13.5249 17.016 13.8273C17.4989 14.1041 17.9877 14.0761 18.2635 14.0331C19.3047 13.8709 20.221 13.1954 21.0589 12.5777C21.092 12.5534 21.1249 12.5291 21.1576 12.505C21.0715 13.8602 20.6771 15.2166 19.9474 16.4717C17.4167 20.8243 11.8029 22.3231 7.40903 19.8041C6.87434 19.4976 6.38264 19.1458 5.93583 18.7565C6.1622 18.6181 6.3861 18.4661 6.59828 18.3013C7.29969 17.7565 8.3841 16.6614 8.09604 15.1329C7.97259 14.4781 7.57067 13.8071 7.20716 13.2761C6.80806 12.6931 6.3021 12.0656 5.77631 11.4594C4.97516 10.5358 4.08288 9.61032 3.35027 8.88759C3.53443 8.37337 3.768 7.86854 4.0526 7.37903Z\" fill=\"currentColor\"><\/path>\n<\/svg>\n<\/span><span class=\"gb-text\">10-16.11.2025<br>Gozo, Malta<\/span><\/div>\n<\/div>\n\n\n\n<div class=\"gb-element-956008e6\">\n<div class=\"gb-text-80044e82\"><span class=\"gb-shape\"><svg width=\"24\" height=\"23\" viewBox=\"0 0 24 23\" fill=\"none\" xmlns=\"http:\/\/www.w3.org\/2000\/svg\">\n<path d=\"M10.8387 22.4516H13.1613C13.1613 21.5276 13.5283 20.6415 14.1817 19.9881C14.835 19.3348 15.7212 18.9677 16.6452 18.9677H24V0H16.6452C15.7437 0 14.8547 0.209874 14.0484 0.613003C13.2422 1.01613 12.5409 1.60144 12 2.32258C11.4591 1.60144 10.7578 1.01613 9.95156 0.613003C9.1453 0.209874 8.25626 0 7.35484 0H0V18.9677H7.35484C8.27882 18.9677 9.16495 19.3348 9.81831 19.9881C10.4717 20.6415 10.8387 21.5276 10.8387 22.4516ZM16.6452 2.32258H21.6774V16.6452H16.6452C15.3884 16.6423 14.165 17.0501 13.1613 17.8065V5.80645C13.1613 4.88247 13.5283 3.99634 14.1817 3.34298C14.835 2.68963 15.7212 2.32258 16.6452 2.32258ZM2.32258 2.32258H7.35484C8.27882 2.32258 9.16495 2.68963 9.81831 3.34298C10.4717 3.99634 10.8387 4.88247 10.8387 5.80645V17.8065C9.83469 17.0506 8.61155 16.6429 7.35484 16.6452H2.32258V2.32258Z\" fill=\"currentColor\"><\/path>\n<\/svg>\n<\/span><span class=\"gb-text\">More info<br><a href=\"https:\/\/justynaniebieszczanska.com\/wp-content\/uploads\/2025\/03\/MALTA_BUSINESS_MASTERMIND.pdf\" target=\"_blank\" rel=\"noreferrer noopener\">Download PDF<\/a><\/span><\/div>\n<\/div>\n<\/div>\n<\/div>\n\n\n\n<p>Mastermind in Malta conducted in English for people who want to be a few steps ahead of others and, above all, take care of themselves and their success in today&#8217;s business world. Ideal for managers who are thinking about an international career. Extremely useful for educators &#8211; trainers, lecturers, coaches &#8211; who want to work in English. A must have for courageous entrepreneurs who know that the world is ahead of them &#8211; they just need to learn how to communicate effectively and smartly .<\/p>\n<\/div>\n\n\n\n<p><strong>Contact?<\/strong><\/p>\n\n\n\n<p><a href=\"mailto:j.niebieszczanska@gmail.com\">j.niebieszczanska@gmail.com<\/a><\/p>\n","protected":false},"excerpt":{"rendered":"<p>Malta Business Communication Mastermind 10-16.11.2025Gozo, Malta More infoDownload PDF Mastermind in Malta conducted in English for people who want to be a few steps ahead of others and, above all, take care of themselves and their success in today&#8217;s business world. Ideal for managers who are thinking about an international career. Extremely useful for educators [&hellip;]<\/p>\n","protected":false},"author":3,"featured_media":0,"parent":0,"menu_order":0,"comment_status":"closed","ping_status":"closed","template":"","meta":{"_acf_changed":false,"footnotes":""},"class_list":["post-4094","page","type-page","status-publish",""],"acf":[],"yoast_head":"<!-- This site is optimized with the Yoast SEO plugin v27.2 - https:\/\/yoast.com\/product\/yoast-seo-wordpress\/ -->\n<title>Retreat - Justyna Niebieszcza\u0144ska<\/title>\n<meta name=\"robots\" content=\"index, follow, max-snippet:-1, max-image-preview:large, max-video-preview:-1\" \/>\n<link rel=\"canonical\" href=\"https:\/\/justynaniebieszczanska.com\/en\/retreat\/\" \/>\n<meta property=\"og:locale\" content=\"en_US\" \/>\n<meta property=\"og:type\" content=\"article\" \/>\n<meta property=\"og:title\" content=\"Retreat - Justyna Niebieszcza\u0144ska\" \/>\n<meta property=\"og:description\" content=\"Malta Business Communication Mastermind 10-16.11.2025Gozo, Malta More infoDownload PDF Mastermind in Malta conducted in English for people who want to be a few steps ahead of others and, above all, take care of themselves and their success in today&#8217;s business world. Ideal for managers who are thinking about an international career. Extremely useful for educators [&hellip;]\" \/>\n<meta property=\"og:url\" content=\"https:\/\/justynaniebieszczanska.com\/en\/retreat\/\" \/>\n<meta property=\"og:site_name\" content=\"Justyna Niebieszcza\u0144ska\" \/>\n<meta property=\"article:publisher\" content=\"https:\/\/www.facebook.com\/Niebieszczanska\" \/>\n<meta property=\"article:modified_time\" content=\"2025-03-24T18:57:18+00:00\" \/>\n<meta property=\"og:image\" content=\"https:\/\/justynaniebieszczanska.com\/wp-content\/uploads\/2018\/05\/justynaniebieszczanska-cover-next.jpg\" \/>\n\t<meta property=\"og:image:width\" content=\"1200\" \/>\n\t<meta property=\"og:image:height\" content=\"630\" \/>\n\t<meta property=\"og:image:type\" content=\"image\/jpeg\" \/>\n<meta name=\"twitter:card\" content=\"summary_large_image\" \/>\n<meta name=\"twitter:label1\" content=\"Est. reading time\" \/>\n\t<meta name=\"twitter:data1\" content=\"1 minute\" \/>\n<script type=\"application\/ld+json\" class=\"yoast-schema-graph\">{\"@context\":\"https:\/\/schema.org\",\"@graph\":[{\"@type\":\"WebPage\",\"@id\":\"https:\/\/justynaniebieszczanska.com\/en\/retreat\/\",\"url\":\"https:\/\/justynaniebieszczanska.com\/en\/retreat\/\",\"name\":\"Retreat - Justyna Niebieszcza\u0144ska\",\"isPartOf\":{\"@id\":\"https:\/\/justynaniebieszczanska.com\/en\/#website\"},\"datePublished\":\"2025-03-11T11:08:56+00:00\",\"dateModified\":\"2025-03-24T18:57:18+00:00\",\"breadcrumb\":{\"@id\":\"https:\/\/justynaniebieszczanska.com\/en\/retreat\/#breadcrumb\"},\"inLanguage\":\"en-US\",\"potentialAction\":[{\"@type\":\"ReadAction\",\"target\":[\"https:\/\/justynaniebieszczanska.com\/en\/retreat\/\"]}]},{\"@type\":\"BreadcrumbList\",\"@id\":\"https:\/\/justynaniebieszczanska.com\/en\/retreat\/#breadcrumb\",\"itemListElement\":[{\"@type\":\"ListItem\",\"position\":1,\"name\":\"Home\",\"item\":\"https:\/\/justynaniebieszczanska.com\/en\/\"},{\"@type\":\"ListItem\",\"position\":2,\"name\":\"Retreat\"}]},{\"@type\":\"WebSite\",\"@id\":\"https:\/\/justynaniebieszczanska.com\/en\/#website\",\"url\":\"https:\/\/justynaniebieszczanska.com\/en\/\",\"name\":\"Justyna Niebieszcza\u0144ska\",\"description\":\"Przerzuc\u0119 most, po kt\u00f3rym przejdziesz...\",\"potentialAction\":[{\"@type\":\"SearchAction\",\"target\":{\"@type\":\"EntryPoint\",\"urlTemplate\":\"https:\/\/justynaniebieszczanska.com\/en\/?s={search_term_string}\"},\"query-input\":{\"@type\":\"PropertyValueSpecification\",\"valueRequired\":true,\"valueName\":\"search_term_string\"}}],\"inLanguage\":\"en-US\"}]}<\/script>\n<!-- \/ Yoast SEO plugin. -->","yoast_head_json":{"title":"Retreat - Justyna Niebieszcza\u0144ska","robots":{"index":"index","follow":"follow","max-snippet":"max-snippet:-1","max-image-preview":"max-image-preview:large","max-video-preview":"max-video-preview:-1"},"canonical":"https:\/\/justynaniebieszczanska.com\/en\/retreat\/","og_locale":"en_US","og_type":"article","og_title":"Retreat - Justyna Niebieszcza\u0144ska","og_description":"Malta Business Communication Mastermind 10-16.11.2025Gozo, Malta More infoDownload PDF Mastermind in Malta conducted in English for people who want to be a few steps ahead of others and, above all, take care of themselves and their success in today&#8217;s business world. Ideal for managers who are thinking about an international career. Extremely useful for educators [&hellip;]","og_url":"https:\/\/justynaniebieszczanska.com\/en\/retreat\/","og_site_name":"Justyna Niebieszcza\u0144ska","article_publisher":"https:\/\/www.facebook.com\/Niebieszczanska","article_modified_time":"2025-03-24T18:57:18+00:00","og_image":[{"width":1200,"height":630,"url":"https:\/\/justynaniebieszczanska.com\/wp-content\/uploads\/2018\/05\/justynaniebieszczanska-cover-next.jpg","type":"image\/jpeg"}],"twitter_card":"summary_large_image","twitter_misc":{"Est. reading time":"1 minute"},"schema":{"@context":"https:\/\/schema.org","@graph":[{"@type":"WebPage","@id":"https:\/\/justynaniebieszczanska.com\/en\/retreat\/","url":"https:\/\/justynaniebieszczanska.com\/en\/retreat\/","name":"Retreat - Justyna Niebieszcza\u0144ska","isPartOf":{"@id":"https:\/\/justynaniebieszczanska.com\/en\/#website"},"datePublished":"2025-03-11T11:08:56+00:00","dateModified":"2025-03-24T18:57:18+00:00","breadcrumb":{"@id":"https:\/\/justynaniebieszczanska.com\/en\/retreat\/#breadcrumb"},"inLanguage":"en-US","potentialAction":[{"@type":"ReadAction","target":["https:\/\/justynaniebieszczanska.com\/en\/retreat\/"]}]},{"@type":"BreadcrumbList","@id":"https:\/\/justynaniebieszczanska.com\/en\/retreat\/#breadcrumb","itemListElement":[{"@type":"ListItem","position":1,"name":"Home","item":"https:\/\/justynaniebieszczanska.com\/en\/"},{"@type":"ListItem","position":2,"name":"Retreat"}]},{"@type":"WebSite","@id":"https:\/\/justynaniebieszczanska.com\/en\/#website","url":"https:\/\/justynaniebieszczanska.com\/en\/","name":"Justyna Niebieszcza\u0144ska","description":"Przerzuc\u0119 most, po kt\u00f3rym przejdziesz...","potentialAction":[{"@type":"SearchAction","target":{"@type":"EntryPoint","urlTemplate":"https:\/\/justynaniebieszczanska.com\/en\/?s={search_term_string}"},"query-input":{"@type":"PropertyValueSpecification","valueRequired":true,"valueName":"search_term_string"}}],"inLanguage":"en-US"}]}},"_links":{"self":[{"href":"https:\/\/justynaniebieszczanska.com\/en\/wp-json\/wp\/v2\/pages\/4094","targetHints":{"allow":["GET"]}}],"collection":[{"href":"https:\/\/justynaniebieszczanska.com\/en\/wp-json\/wp\/v2\/pages"}],"about":[{"href":"https:\/\/justynaniebieszczanska.com\/en\/wp-json\/wp\/v2\/types\/page"}],"author":[{"embeddable":true,"href":"https:\/\/justynaniebieszczanska.com\/en\/wp-json\/wp\/v2\/users\/3"}],"replies":[{"embeddable":true,"href":"https:\/\/justynaniebieszczanska.com\/en\/wp-json\/wp\/v2\/comments?post=4094"}],"version-history":[{"count":8,"href":"https:\/\/justynaniebieszczanska.com\/en\/wp-json\/wp\/v2\/pages\/4094\/revisions"}],"predecessor-version":[{"id":4274,"href":"https:\/\/justynaniebieszczanska.com\/en\/wp-json\/wp\/v2\/pages\/4094\/revisions\/4274"}],"wp:attachment":[{"href":"https:\/\/justynaniebieszczanska.com\/en\/wp-json\/wp\/v2\/media?parent=4094"}],"curies":[{"name":"wp","href":"https:\/\/api.w.org\/{rel}","templated":true}]}}